{"id":734,"date":"2025-10-09T09:09:43","date_gmt":"2025-10-09T09:00:22","guid":{"rendered":"https:\/\/www.huashunware.com\/?post_type=product&#038;p=734"},"modified":"2025-10-09T09:11:01","modified_gmt":"2025-10-09T09:11:01","slug":"wholesale-kids-dinnerware-sets-mushroom-kids-plate-set","status":"publish","type":"product","link":"https:\/\/www.huashunware.com\/pt\/produto\/wholesale-kids-dinnerware-sets-mushroom-kids-plate-set\/","title":{"rendered":"Conjuntos de lou\u00e7a para crian\u00e7as por grosso Conjunto de pratos para crian\u00e7as com cogumelos"},"content":{"rendered":"<div class=\"wp-block-columns is-layout-flex wp-container-core-columns-is-layout-9d6595d7 wp-block-columns-is-layout-flex\">\n<div class=\"wp-block-column is-layout-flow wp-block-column-is-layout-flow\">\n<h2 class=\"wp-block-heading\">Conjuntos de lou\u00e7a para crian\u00e7as por atacado Carater\u00edsticas:<\/h2>\n\n\n\n<p><strong>Materiais seguros e n\u00e3o t\u00f3xicos:<\/strong> Fabricado em silicone de qualidade alimentar normalizado nos EUA, o 100% n\u00e3o cont\u00e9m BPA, n\u00e3o \u00e9 t\u00f3xico e \u00e9 suave para a utiliza\u00e7\u00e3o di\u00e1ria das crian\u00e7as.<\/p>\n\n\n\n<p><strong>Utens\u00edlios de a\u00e7o inoxid\u00e1vel duradouros:<\/strong> O acabamento polido com arestas arredondadas garante um contacto suave e seguro com as m\u00e3os e a boca das crian\u00e7as.<\/p>\n\n\n\n<p><strong>Base de suc\u00e7\u00e3o forte:<\/strong> Fixa-se firmemente a qualquer superf\u00edcie lisa para evitar escorregar, tombar ou derrames acidentais durante as refei\u00e7\u00f5es.<\/p>\n\n\n\n<p><strong>Design ador\u00e1vel de cogumelos:<\/strong> A forma bonita e divertida de um cogumelo atrai a aten\u00e7\u00e3o das crian\u00e7as e torna a auto-alimenta\u00e7\u00e3o divertida e agrad\u00e1vel.<\/p>\n\n\n\n<p><strong>F\u00e1cil de limpar e de longa dura\u00e7\u00e3o:<\/strong> Podem ser lavados na m\u00e1quina de lavar loi\u00e7a, s\u00e3o resistentes \u00e0s manchas e foram concebidos para o uso di\u00e1rio em casas, jardins de inf\u00e2ncia ou restaurantes.<\/p>\n<\/div>\n\n\n\n<div class=\"wp-block-column is-layout-flow wp-block-column-is-layout-flow\">\n<figure class=\"wp-block-image size-full\"><img decoding=\"async\" width=\"3072\" height=\"3072\" src=\"https:\/\/www.huashunware.com\/wp-content\/uploads\/2025\/10\/Wholesale-Kids-Dinnerware-Sets-Mushroom-Kids-Plate-Set1.webp\" alt=\"Conjuntos de lou\u00e7a para crian\u00e7as por atacado Conjunto de pratos para crian\u00e7as com cogumelos1\" class=\"wp-image-735\" srcset=\"https:\/\/www.huashunware.com\/wp-content\/uploads\/2025\/10\/Wholesale-Kids-Dinnerware-Sets-Mushroom-Kids-Plate-Set1.webp 3072w, https:\/\/www.huashunware.com\/wp-content\/uploads\/2025\/10\/Wholesale-Kids-Dinnerware-Sets-Mushroom-Kids-Plate-Set1-300x300.webp 300w, https:\/\/www.huashunware.com\/wp-content\/uploads\/2025\/10\/Wholesale-Kids-Dinnerware-Sets-Mushroom-Kids-Plate-Set1-150x150.webp 150w, https:\/\/www.huashunware.com\/wp-content\/uploads\/2025\/10\/Wholesale-Kids-Dinnerware-Sets-Mushroom-Kids-Plate-Set1-768x768.webp 768w, https:\/\/www.huashunware.com\/wp-content\/uploads\/2025\/10\/Wholesale-Kids-Dinnerware-Sets-Mushroom-Kids-Plate-Set1-12x12.webp 12w, https:\/\/www.huashunware.com\/wp-content\/uploads\/2025\/10\/Wholesale-Kids-Dinnerware-Sets-Mushroom-Kids-Plate-Set1-1200x1200.webp 1200w, https:\/\/www.huashunware.com\/wp-content\/uploads\/2025\/10\/Wholesale-Kids-Dinnerware-Sets-Mushroom-Kids-Plate-Set1-600x600.webp 600w, https:\/\/www.huashunware.com\/wp-content\/uploads\/2025\/10\/Wholesale-Kids-Dinnerware-Sets-Mushroom-Kids-Plate-Set1-100x100.webp 100w\" sizes=\"(max-width: 3072px) 100vw, 3072px\" \/><\/figure>\n<\/div>\n<\/div>","protected":false},"excerpt":{"rendered":"<p data-start=\"68\" data-end=\"340\">O conjunto de pratos para crian\u00e7as com cogumelos \u00e9 seguro, dur\u00e1vel e divertido para as crian\u00e7as. Feito de silicone de qualidade alimentar e a\u00e7o inoxid\u00e1vel, \u00e9 isento de BPA e n\u00e3o t\u00f3xico. A base de suc\u00e7\u00e3o forte evita escorregadelas e o bonito design em forma de cogumelo torna a hora das refei\u00e7\u00f5es agrad\u00e1vel.<\/p>\n<h2 class=\"brxe-product-title\">Conjuntos de lou\u00e7a para crian\u00e7as por atacado Atributos:<\/h2>\n<table>\n<thead>\n<tr>\n<th align=\"left\">Artigo<\/th>\n<th align=\"left\">Tamanho (mm)<\/th>\n<th align=\"left\">Peso (g)<\/th>\n<\/tr>\n<\/thead>\n<tbody>\n<tr>\n<td align=\"left\">Caixa<\/td>\n<td align=\"left\">230 \u00d7 210 \u00d7 35<\/td>\n<td align=\"left\">390.7<\/td>\n<\/tr>\n<tr>\n<td align=\"left\">Prato<\/td>\n<td align=\"left\">197 \u00d7 183 \u00d7 33<\/td>\n<td align=\"left\">229.4<\/td>\n<\/tr>\n<tr>\n<td align=\"left\">Garfo<\/td>\n<td align=\"left\">108 \u00d7 36 \u00d7 21<\/td>\n<td align=\"left\">36.4<\/td>\n<\/tr>\n<tr>\n<td align=\"left\">Colher<\/td>\n<td align=\"left\">108 \u00d7 36 \u00d7 21<\/td>\n<td align=\"left\">41.2<\/td>\n<\/tr>\n<\/tbody>\n<\/table>\n<p><strong data-start=\"296\" data-end=\"304\">MOQ:<\/strong> 96 pe\u00e7as<\/p>\n<h2 class=\"brxe-product-title\">Conjuntos de loi\u00e7a para crian\u00e7as personalizados :<\/h2>\n<ul>\n<li data-start=\"76\" data-end=\"143\">\n<p data-start=\"78\" data-end=\"143\"><strong data-start=\"78\" data-end=\"89\">Amostra:<\/strong> Amostra gr\u00e1tis dispon\u00edvel para teste antes da encomenda a granel<\/p>\n<\/li>\n<li data-start=\"144\" data-end=\"221\">\n<p data-start=\"146\" data-end=\"221\"><strong data-start=\"146\" data-end=\"173\">Pequenas encomendas com log\u00f3tipo:<\/strong> Aceitar encomendas de pequenas quantidades com log\u00f3tipo personalizado<\/p>\n<\/li>\n<li data-start=\"222\" data-end=\"288\">\n<p data-start=\"224\" data-end=\"288\"><strong data-start=\"224\" data-end=\"242\">Entrega r\u00e1pida:<\/strong> Os artigos em stock podem ser enviados no prazo de 7 dias<\/p>\n<\/li>\n<li data-start=\"289\" data-end=\"401\">\n<p data-start=\"291\" data-end=\"401\"><strong data-start=\"291\" data-end=\"326\">Personaliza\u00e7\u00e3o da embalagem e do log\u00f3tipo:<\/strong> Apoio ao log\u00f3tipo personalizado na embalagem; escolha entre caixa PET, caixa PVC ou caixa de oferta<\/p>\n<\/li>\n<\/ul>","protected":false},"featured_media":737,"comment_status":"closed","ping_status":"closed","template":"","meta":{"_acf_changed":false},"product_brand":[],"product_cat":[19],"product_tag":[],"class_list":{"0":"post-734","1":"product","2":"type-product","3":"status-publish","4":"has-post-thumbnail","6":"product_cat-wholesale-kids-dinnerware","8":"first","9":"instock","10":"shipping-taxable","11":"product-type-simple"},"acf":[],"_links":{"self":[{"href":"https:\/\/www.huashunware.com\/pt\/wp-json\/wp\/v2\/product\/734","targetHints":{"allow":["GET"]}}],"collection":[{"href":"https:\/\/www.huashunware.com\/pt\/wp-json\/wp\/v2\/product"}],"about":[{"href":"https:\/\/www.huashunware.com\/pt\/wp-json\/wp\/v2\/types\/product"}],"replies":[{"embeddable":true,"href":"https:\/\/www.huashunware.com\/pt\/wp-json\/wp\/v2\/comments?post=734"}],"wp:featuredmedia":[{"embeddable":true,"href":"https:\/\/www.huashunware.com\/pt\/wp-json\/wp\/v2\/media\/737"}],"wp:attachment":[{"href":"https:\/\/www.huashunware.com\/pt\/wp-json\/wp\/v2\/media?parent=734"}],"wp:term":[{"taxonomy":"product_brand","embeddable":true,"href":"https:\/\/www.huashunware.com\/pt\/wp-json\/wp\/v2\/product_brand?post=734"},{"taxonomy":"product_cat","embeddable":true,"href":"https:\/\/www.huashunware.com\/pt\/wp-json\/wp\/v2\/product_cat?post=734"},{"taxonomy":"product_tag","embeddable":true,"href":"https:\/\/www.huashunware.com\/pt\/wp-json\/wp\/v2\/product_tag?post=734"}],"curies":[{"name":"wp","href":"https:\/\/api.w.org\/{rel}","templated":true}]}}