{"id":741,"date":"2025-10-09T09:22:10","date_gmt":"2025-10-09T09:13:34","guid":{"rendered":"https:\/\/www.huashunware.com\/?post_type=product&#038;p=741"},"modified":"2025-10-09T09:22:57","modified_gmt":"2025-10-09T09:22:57","slug":"bulk-kids-tableware-with-cute-penguin-design","status":"publish","type":"product","link":"https:\/\/www.huashunware.com\/pt\/produto\/bulk-kids-tableware-with-cute-penguin-design\/","title":{"rendered":"Servi\u00e7o de mesa para crian\u00e7as a granel com um bonito design de pinguim"},"content":{"rendered":"<div class=\"wp-block-columns is-layout-flex wp-container-core-columns-is-layout-9d6595d7 wp-block-columns-is-layout-flex\">\n<div class=\"wp-block-column is-layout-flow wp-block-column-is-layout-flow\">\n<h2 class=\"wp-block-heading\">Talheres de crian\u00e7a a granel Carater\u00edsticas:<\/h2>\n\n\n\n<p><strong>Silicone de qualidade alimentar:<\/strong> Fabricado em silicone sem BPA, de acordo com a norma americana, \u00e9 macio, inodoro e suave para as m\u00e3os e bocas dos mais pequenos.<\/p>\n\n\n\n<p><strong>A\u00e7o inoxid\u00e1vel amigo das crian\u00e7as:<\/strong> Possui utens\u00edlios em a\u00e7o inoxid\u00e1vel polido e macio, concebidos para uma alimenta\u00e7\u00e3o segura e f\u00e1cil de agarrar.<\/p>\n\n\n\n<p><strong>Base de suc\u00e7\u00e3o Stay-Put:<\/strong> Um fundo de suc\u00e7\u00e3o potente mant\u00e9m o prato est\u00e1vel em qualquer superf\u00edcie plana, reduzindo os derrames e a confus\u00e3o durante as refei\u00e7\u00f5es.<\/p>\n\n\n\n<p><strong>Pinguim brincalh\u00e3o Apar\u00eancia:<\/strong> A forma apelativa do pinguim transforma a refei\u00e7\u00e3o numa experi\u00eancia agrad\u00e1vel e interessante para as crian\u00e7as.<\/p>\n\n\n\n<p><strong>Pr\u00e1tico e de longa dura\u00e7\u00e3o:<\/strong> Leve, dur\u00e1vel e lav\u00e1vel na m\u00e1quina de lavar lou\u00e7a para uma limpeza r\u00e1pida - perfeito para fam\u00edlias, pr\u00e9-escolas e restaurantes.<\/p>\n<\/div>\n\n\n\n<div class=\"wp-block-column is-layout-flow wp-block-column-is-layout-flow\">\n<figure class=\"wp-block-image size-full\"><img decoding=\"async\" width=\"3072\" height=\"3072\" src=\"https:\/\/www.huashunware.com\/wp-content\/uploads\/2025\/10\/Bulk-Kids-Tableware-with-Cute-Penguin-Design2.webp\" alt=\"Servi\u00e7o de mesa para crian\u00e7as a granel com um bonito desenho de um pinguim2\" class=\"wp-image-743\" srcset=\"https:\/\/www.huashunware.com\/wp-content\/uploads\/2025\/10\/Bulk-Kids-Tableware-with-Cute-Penguin-Design2.webp 3072w, https:\/\/www.huashunware.com\/wp-content\/uploads\/2025\/10\/Bulk-Kids-Tableware-with-Cute-Penguin-Design2-300x300.webp 300w, https:\/\/www.huashunware.com\/wp-content\/uploads\/2025\/10\/Bulk-Kids-Tableware-with-Cute-Penguin-Design2-150x150.webp 150w, https:\/\/www.huashunware.com\/wp-content\/uploads\/2025\/10\/Bulk-Kids-Tableware-with-Cute-Penguin-Design2-768x768.webp 768w, https:\/\/www.huashunware.com\/wp-content\/uploads\/2025\/10\/Bulk-Kids-Tableware-with-Cute-Penguin-Design2-12x12.webp 12w, https:\/\/www.huashunware.com\/wp-content\/uploads\/2025\/10\/Bulk-Kids-Tableware-with-Cute-Penguin-Design2-1200x1200.webp 1200w, https:\/\/www.huashunware.com\/wp-content\/uploads\/2025\/10\/Bulk-Kids-Tableware-with-Cute-Penguin-Design2-600x600.webp 600w, https:\/\/www.huashunware.com\/wp-content\/uploads\/2025\/10\/Bulk-Kids-Tableware-with-Cute-Penguin-Design2-100x100.webp 100w\" sizes=\"(max-width: 3072px) 100vw, 3072px\" \/><\/figure>\n<\/div>\n<\/div>","protected":false},"excerpt":{"rendered":"<p data-start=\"68\" data-end=\"340\">Os utens\u00edlios de mesa para crian\u00e7as a granel com um bonito design de pinguim s\u00e3o seguros, sem BPA e n\u00e3o t\u00f3xicos. A base de suc\u00e7\u00e3o forte evita derrames e o design giro do pinguim torna a hora das refei\u00e7\u00f5es divertida - ideal para escolas, restaurantes ou encomendas a granel.<\/p>\n<h2 class=\"brxe-product-title\">Conjuntos de lou\u00e7a para crian\u00e7as por atacado Atributos:<\/h2>\n<table>\n<thead>\n<tr>\n<th align=\"left\">Artigo<\/th>\n<th align=\"left\">Tamanho (mm)<\/th>\n<th align=\"left\">Peso (g)<\/th>\n<\/tr>\n<\/thead>\n<tbody>\n<tr>\n<td align=\"left\">Caixa<\/td>\n<td align=\"left\">228 \u00d7 192 \u00d7 35<\/td>\n<td align=\"left\">349<\/td>\n<\/tr>\n<tr>\n<td align=\"left\">Prato<\/td>\n<td align=\"left\">200 \u00d7 165 \u00d7 28<\/td>\n<td align=\"left\">194<\/td>\n<\/tr>\n<tr>\n<td align=\"left\">Garfo<\/td>\n<td align=\"left\">99 \u00d7 38 \u00d7 22<\/td>\n<td align=\"left\">36.2<\/td>\n<\/tr>\n<tr>\n<td align=\"left\">Colher<\/td>\n<td align=\"left\">99 \u00d7 38 \u00d7 22<\/td>\n<td align=\"left\">39.3<\/td>\n<\/tr>\n<\/tbody>\n<\/table>\n<p><strong data-start=\"296\" data-end=\"304\">MOQ:<\/strong> 96 pe\u00e7as<\/p>\n<h2 class=\"brxe-product-title\">Conjuntos de loi\u00e7a para crian\u00e7as personalizados :<\/h2>\n<ul>\n<li data-start=\"76\" data-end=\"143\">\n<p data-start=\"78\" data-end=\"143\"><strong data-start=\"78\" data-end=\"89\">Amostra:<\/strong> Amostra gr\u00e1tis dispon\u00edvel para teste antes da encomenda a granel<\/p>\n<\/li>\n<li data-start=\"144\" data-end=\"221\">\n<p data-start=\"146\" data-end=\"221\"><strong data-start=\"146\" data-end=\"173\">Pequenas encomendas com log\u00f3tipo:<\/strong> Aceitar encomendas de pequenas quantidades com log\u00f3tipo personalizado<\/p>\n<\/li>\n<li data-start=\"222\" data-end=\"288\">\n<p data-start=\"224\" data-end=\"288\"><strong data-start=\"224\" data-end=\"242\">Entrega r\u00e1pida:<\/strong> Os artigos em stock podem ser enviados no prazo de 7 dias<\/p>\n<\/li>\n<li data-start=\"289\" data-end=\"401\">\n<p data-start=\"291\" data-end=\"401\"><strong data-start=\"291\" data-end=\"326\">Personaliza\u00e7\u00e3o da embalagem e do log\u00f3tipo:<\/strong> Apoio ao log\u00f3tipo personalizado na embalagem; escolha entre caixa PET, caixa PVC ou caixa de oferta<\/p>\n<\/li>\n<\/ul>","protected":false},"featured_media":742,"comment_status":"closed","ping_status":"closed","template":"","meta":{"_acf_changed":false},"product_brand":[],"product_cat":[19],"product_tag":[],"class_list":{"0":"post-741","1":"product","2":"type-product","3":"status-publish","4":"has-post-thumbnail","6":"product_cat-wholesale-kids-dinnerware","8":"first","9":"instock","10":"shipping-taxable","11":"product-type-simple"},"acf":[],"_links":{"self":[{"href":"https:\/\/www.huashunware.com\/pt\/wp-json\/wp\/v2\/product\/741","targetHints":{"allow":["GET"]}}],"collection":[{"href":"https:\/\/www.huashunware.com\/pt\/wp-json\/wp\/v2\/product"}],"about":[{"href":"https:\/\/www.huashunware.com\/pt\/wp-json\/wp\/v2\/types\/product"}],"replies":[{"embeddable":true,"href":"https:\/\/www.huashunware.com\/pt\/wp-json\/wp\/v2\/comments?post=741"}],"wp:featuredmedia":[{"embeddable":true,"href":"https:\/\/www.huashunware.com\/pt\/wp-json\/wp\/v2\/media\/742"}],"wp:attachment":[{"href":"https:\/\/www.huashunware.com\/pt\/wp-json\/wp\/v2\/media?parent=741"}],"wp:term":[{"taxonomy":"product_brand","embeddable":true,"href":"https:\/\/www.huashunware.com\/pt\/wp-json\/wp\/v2\/product_brand?post=741"},{"taxonomy":"product_cat","embeddable":true,"href":"https:\/\/www.huashunware.com\/pt\/wp-json\/wp\/v2\/product_cat?post=741"},{"taxonomy":"product_tag","embeddable":true,"href":"https:\/\/www.huashunware.com\/pt\/wp-json\/wp\/v2\/product_tag?post=741"}],"curies":[{"name":"wp","href":"https:\/\/api.w.org\/{rel}","templated":true}]}}