{"id":747,"date":"2025-10-15T06:34:42","date_gmt":"2025-10-15T06:17:52","guid":{"rendered":"https:\/\/www.huashunware.com\/?post_type=product&#038;p=747"},"modified":"2026-02-05T02:43:50","modified_gmt":"2026-02-05T02:43:50","slug":"plastic-handle-flatware-set-in-bulk","status":"publish","type":"product","link":"https:\/\/www.huashunware.com\/pt\/produto\/plastic-handle-flatware-set-in-bulk\/","title":{"rendered":"Conjunto de talheres com cabo de pl\u00e1stico a granel Talheres descart\u00e1veis de alta qualidade e a pre\u00e7os acess\u00edveis"},"content":{"rendered":"<div class=\"wp-block-columns is-layout-flex wp-container-core-columns-is-layout-9d6595d7 wp-block-columns-is-layout-flex\">\n<div class=\"wp-block-column is-layout-flow wp-block-column-is-layout-flow\">\n<h2 class=\"wp-block-heading\">Conjunto de talheres com cabo de pl\u00e1stico a granel Carater\u00edsticas:<\/h2>\n\n\n\n<p><strong>Forma elegante e moderna <\/strong>\uff1a<br>Um design fino e moderno que \u00e9 simultaneamente elegante e adapt\u00e1vel, perfeito para jantares casuais, jantares formais ou grandes reuni\u00f5es, o que evoca um toque de eleg\u00e2ncia em qualquer ambiente.<\/p>\n\n\n\n<p><strong>A\u00e7o inoxid\u00e1vel 18\/0 de alta qualidade \uff1a<\/strong><br>Constru\u00eddo com a\u00e7o inoxid\u00e1vel de alta qualidade que cumpre os rigorosos regulamentos da UE e dos EUA, o que garante seguran\u00e7a, longevidade e um acabamento brilhante, resistente \u00e0 ferrugem e \u00e0 corros\u00e3o.<\/p>\n\n\n\n<p><strong>Constru\u00e7\u00e3o duradoura e dur\u00e1vel \uff1a<\/strong><br>A constru\u00e7\u00e3o forte e duradoura permite que estes talheres sejam utilizados com frequ\u00eancia ou em eventos prolongados sem se dobrarem ou partirem, proporcionando sempre uma experi\u00eancia gastron\u00f3mica de qualidade.<\/p>\n\n\n\n<p><strong>Embalagem f\u00e1cil a granel \uff1a<\/strong><br>Embalados em grandes quantidades, s\u00e3o ideais para restaurantes, empresas de catering, festas e eventos em que a qualidade e a quantidade s\u00e3o essenciais.<\/p>\n\n\n\n<p><strong>Limpeza f\u00e1cil e econ\u00f3mica <\/strong>\uff1a<br>Combina a eleg\u00e2ncia do a\u00e7o inoxid\u00e1vel com a conveni\u00eancia da descartabilidade dos talheres, oferecendo uma escolha econ\u00f3mica sem sacrificar o estilo ou a qualidade.<\/p>\n<\/div>\n\n\n\n<div class=\"wp-block-column is-layout-flow wp-block-column-is-layout-flow\">\n<figure class=\"wp-block-image size-full\"><img decoding=\"async\" width=\"3686\" height=\"3686\" src=\"https:\/\/www.huashunware.com\/wp-content\/uploads\/2025\/10\/Plastic-Handle-Flatware-Set-in-Bulk-Affordable-High-Quality-Disposable-Flatware1.webp\" alt=\"Conjunto de talheres com cabo de pl\u00e1stico a granel Talheres descart\u00e1veis de alta qualidade e a pre\u00e7os acess\u00edveis1\" class=\"wp-image-1220\" srcset=\"https:\/\/www.huashunware.com\/wp-content\/uploads\/2025\/10\/Plastic-Handle-Flatware-Set-in-Bulk-Affordable-High-Quality-Disposable-Flatware1.webp 3686w, https:\/\/www.huashunware.com\/wp-content\/uploads\/2025\/10\/Plastic-Handle-Flatware-Set-in-Bulk-Affordable-High-Quality-Disposable-Flatware1-300x300.webp 300w, https:\/\/www.huashunware.com\/wp-content\/uploads\/2025\/10\/Plastic-Handle-Flatware-Set-in-Bulk-Affordable-High-Quality-Disposable-Flatware1-150x150.webp 150w, https:\/\/www.huashunware.com\/wp-content\/uploads\/2025\/10\/Plastic-Handle-Flatware-Set-in-Bulk-Affordable-High-Quality-Disposable-Flatware1-768x768.webp 768w, https:\/\/www.huashunware.com\/wp-content\/uploads\/2025\/10\/Plastic-Handle-Flatware-Set-in-Bulk-Affordable-High-Quality-Disposable-Flatware1-12x12.webp 12w, https:\/\/www.huashunware.com\/wp-content\/uploads\/2025\/10\/Plastic-Handle-Flatware-Set-in-Bulk-Affordable-High-Quality-Disposable-Flatware1-1200x1200.webp 1200w, https:\/\/www.huashunware.com\/wp-content\/uploads\/2025\/10\/Plastic-Handle-Flatware-Set-in-Bulk-Affordable-High-Quality-Disposable-Flatware1-600x600.webp 600w, https:\/\/www.huashunware.com\/wp-content\/uploads\/2025\/10\/Plastic-Handle-Flatware-Set-in-Bulk-Affordable-High-Quality-Disposable-Flatware1-100x100.webp 100w\" sizes=\"(max-width: 3686px) 100vw, 3686px\" \/><\/figure>\n\n\n\n<figure class=\"wp-block-image size-full\"><img decoding=\"async\" width=\"3072\" height=\"3072\" src=\"https:\/\/www.huashunware.com\/wp-content\/uploads\/2025\/10\/Plastic-Handle-Flatware-Set-in-Bulk2.webp\" alt=\"Conjunto de talheres com cabo de pl\u00e1stico a granel2\" class=\"wp-image-749\" srcset=\"https:\/\/www.huashunware.com\/wp-content\/uploads\/2025\/10\/Plastic-Handle-Flatware-Set-in-Bulk2.webp 3072w, https:\/\/www.huashunware.com\/wp-content\/uploads\/2025\/10\/Plastic-Handle-Flatware-Set-in-Bulk2-300x300.webp 300w, https:\/\/www.huashunware.com\/wp-content\/uploads\/2025\/10\/Plastic-Handle-Flatware-Set-in-Bulk2-150x150.webp 150w, https:\/\/www.huashunware.com\/wp-content\/uploads\/2025\/10\/Plastic-Handle-Flatware-Set-in-Bulk2-768x768.webp 768w, https:\/\/www.huashunware.com\/wp-content\/uploads\/2025\/10\/Plastic-Handle-Flatware-Set-in-Bulk2-12x12.webp 12w, https:\/\/www.huashunware.com\/wp-content\/uploads\/2025\/10\/Plastic-Handle-Flatware-Set-in-Bulk2-1200x1200.webp 1200w, https:\/\/www.huashunware.com\/wp-content\/uploads\/2025\/10\/Plastic-Handle-Flatware-Set-in-Bulk2-600x600.webp 600w, https:\/\/www.huashunware.com\/wp-content\/uploads\/2025\/10\/Plastic-Handle-Flatware-Set-in-Bulk2-100x100.webp 100w\" sizes=\"(max-width: 3072px) 100vw, 3072px\" \/><\/figure>\n<\/div>\n<\/div>","protected":false},"excerpt":{"rendered":"<p>Conjunto de talheres com cabo de pl\u00e1stico a granel, talheres descart\u00e1veis acess\u00edveis e de alta qualidade combinam um design elegante e fino com a\u00e7o inoxid\u00e1vel 18\/0 dur\u00e1vel que cumpre as normas da UE e dos EUA. Perfeito para festas, catering ou uso di\u00e1rio, oferece estilo, qualidade e conveni\u00eancia em um. Bem-vindo a contactar-nos\uff01<\/p>\n<h2 class=\"brxe-product-title\">Conjunto de talheres com cabo de pl\u00e1stico a granel Atributos:<\/h2>\n<table>\n<thead>\n<tr>\n<th>Artigo<\/th>\n<th>Peso<\/th>\n<th>Tamanho (cm)C*L<\/th>\n<\/tr>\n<\/thead>\n<tbody>\n<tr>\n<td>Faca<\/td>\n<td>26.5 g<\/td>\n<td>22.5 \u00d7 2<\/td>\n<\/tr>\n<tr>\n<td>Garfo<\/td>\n<td>26 g<\/td>\n<td>20 \u00d7 3<\/td>\n<\/tr>\n<tr>\n<td>Colher<\/td>\n<td>33 g<\/td>\n<td>20 \u00d7 4<\/td>\n<\/tr>\n<tr>\n<td>Colher de ch\u00e1<\/td>\n<td>18.5 g<\/td>\n<td>14.5 \u00d7 2.5<\/td>\n<\/tr>\n<\/tbody>\n<\/table>\n<h2>Conjunto de talheres com cabo de pl\u00e1stico personalizado\uff1a<\/h2>\n<ul>\n<li data-start=\"43\" data-end=\"121\"><strong data-start=\"43\" data-end=\"59\">Amostra gr\u00e1tis:<\/strong> Poder\u00e1 ser disponibilizada uma amostra gr\u00e1tis antes de efetuar uma encomenda a granel.<\/li>\n<li data-start=\"123\" data-end=\"277\"><strong data-start=\"123\" data-end=\"158\">Personaliza\u00e7\u00e3o da embalagem e do log\u00f3tipo:<\/strong> Apoiamos os log\u00f3tipos personalizados na embalagem e oferecemos diferentes op\u00e7\u00f5es de embalagem, tais como caixa PET, caixa PVC ou caixa de oferta.<\/li>\n<li data-start=\"279\" data-end=\"386\"><strong data-start=\"279\" data-end=\"306\">Log\u00f3tipo no metal e na pega:<\/strong> Aceitam log\u00f3tipos gravados a laser ou gravados no metal e log\u00f3tipos impressos na pega.<\/li>\n<li data-start=\"388\" data-end=\"485\"><strong data-start=\"388\" data-end=\"422\">Op\u00e7\u00f5es de acabamento e cor da pega:<\/strong> Aceitar revestimento a ouro ou cores de pega personalizadas, conforme necess\u00e1rio.<\/li>\n<\/ul>","protected":false},"featured_media":748,"comment_status":"closed","ping_status":"closed","template":"","meta":{"_acf_changed":true},"product_brand":[],"product_cat":[18,26],"product_tag":[],"class_list":{"0":"post-747","1":"product","2":"type-product","3":"status-publish","4":"has-post-thumbnail","6":"product_cat-cutlery-set-wholesale","7":"product_cat-plastic-handle-flatware-set","9":"first","10":"instock","11":"shipping-taxable","12":"product-type-simple"},"acf":[],"_links":{"self":[{"href":"https:\/\/www.huashunware.com\/pt\/wp-json\/wp\/v2\/product\/747","targetHints":{"allow":["GET"]}}],"collection":[{"href":"https:\/\/www.huashunware.com\/pt\/wp-json\/wp\/v2\/product"}],"about":[{"href":"https:\/\/www.huashunware.com\/pt\/wp-json\/wp\/v2\/types\/product"}],"replies":[{"embeddable":true,"href":"https:\/\/www.huashunware.com\/pt\/wp-json\/wp\/v2\/comments?post=747"}],"wp:featuredmedia":[{"embeddable":true,"href":"https:\/\/www.huashunware.com\/pt\/wp-json\/wp\/v2\/media\/748"}],"wp:attachment":[{"href":"https:\/\/www.huashunware.com\/pt\/wp-json\/wp\/v2\/media?parent=747"}],"wp:term":[{"taxonomy":"product_brand","embeddable":true,"href":"https:\/\/www.huashunware.com\/pt\/wp-json\/wp\/v2\/product_brand?post=747"},{"taxonomy":"product_cat","embeddable":true,"href":"https:\/\/www.huashunware.com\/pt\/wp-json\/wp\/v2\/product_cat?post=747"},{"taxonomy":"product_tag","embeddable":true,"href":"https:\/\/www.huashunware.com\/pt\/wp-json\/wp\/v2\/product_tag?post=747"}],"curies":[{"name":"wp","href":"https:\/\/api.w.org\/{rel}","templated":true}]}}