{"id":752,"date":"2025-10-15T06:59:00","date_gmt":"2025-10-15T06:48:16","guid":{"rendered":"https:\/\/www.huashunware.com\/?post_type=product&#038;p=752"},"modified":"2026-02-05T02:39:06","modified_gmt":"2026-02-05T02:39:06","slug":"wholesale-stainless-steel-flatware-sets-with-clip-handle","status":"publish","type":"product","link":"https:\/\/www.huashunware.com\/pt\/produto\/wholesale-stainless-steel-flatware-sets-with-clip-handle\/","title":{"rendered":"Conjuntos de talheres de a\u00e7o inoxid\u00e1vel por atacado com cabo de grampo"},"content":{"rendered":"<div class=\"wp-block-columns is-layout-flex wp-container-core-columns-is-layout-9d6595d7 wp-block-columns-is-layout-flex\">\n<div class=\"wp-block-column is-layout-flow wp-block-column-is-layout-flow\">\n<h2 class=\"wp-block-heading\">Conjuntos de talheres de a\u00e7o inoxid\u00e1vel por atacado Carater\u00edsticas:<\/h2>\n\n\n\n<p><strong>Design inovador do orif\u00edcio de suspens\u00e3o<\/strong> Inclui um orif\u00edcio funcional para pendurar na extremidade de cada pega, perfeito para uma arruma\u00e7\u00e3o organizada, secagem r\u00e1pida e expositores criativos para venda a retalho.<\/p>\n\n\n\n<p><strong>Acabamento vibrante de alto brilho<\/strong> Os puxadores t\u00eam um revestimento brilhante de primeira qualidade que proporciona uma superf\u00edcie lisa e resistente a manchas e uma est\u00e9tica moderna e polida.<\/p>\n\n\n\n<p><strong>A\u00e7o inoxid\u00e1vel 18\/0 Precis\u00e3o<\/strong> Fabricado em a\u00e7o inoxid\u00e1vel 18\/0 de alta qualidade, o conjunto \u00e9 resistente \u00e0 ferrugem, dur\u00e1vel e mant\u00e9m um brilho espelhado brilhante.<\/p>\n\n\n\n<p><strong>Caixa de presente de 24 pe\u00e7as pronta para levar na prateleira<\/strong> Apresentado numa caixa de janela profissional \"Set 24 Pezzi\", especificamente concebida para as cadeias de retalho europeias e para os requisitos de exposi\u00e7\u00e3o nos supermercados.<\/p>\n\n\n\n<p><strong>Ergonomia Comfort-Grip<\/strong> A forma leve e aerodin\u00e2mica da pega foi concebida para uma sensa\u00e7\u00e3o de equil\u00edbrio, tornando-a ideal tanto para as refei\u00e7\u00f5es familiares di\u00e1rias como para os servi\u00e7os de catering.<\/p>\n\n\n\n<p><strong>Solu\u00e7\u00f5es OEM\/ODM de f\u00e1brica direta<\/strong> Est\u00e3o dispon\u00edveis cores de pega totalmente personaliz\u00e1veis e op\u00e7\u00f5es de marca gravadas a laser, permitindo-lhe adaptar os conjuntos \u00e0s tend\u00eancias do seu mercado local.<\/p>\n<\/div>\n\n\n\n<div class=\"wp-block-column is-vertically-aligned-center is-layout-flow wp-block-column-is-layout-flow\">\n<figure class=\"wp-block-image size-full is-resized\"><img decoding=\"async\" width=\"3686\" height=\"3686\" src=\"https:\/\/www.huashunware.com\/wp-content\/uploads\/2025\/10\/Wholesale-Stainless-Steel-Flatware-Sets-with-Clip-Handle-1.webp\" alt=\"Conjuntos de talheres de a\u00e7o inoxid\u00e1vel por atacado com cabo de grampo\" class=\"wp-image-1291\" style=\"width:261px;height:auto\" srcset=\"https:\/\/www.huashunware.com\/wp-content\/uploads\/2025\/10\/Wholesale-Stainless-Steel-Flatware-Sets-with-Clip-Handle-1.webp 3686w, https:\/\/www.huashunware.com\/wp-content\/uploads\/2025\/10\/Wholesale-Stainless-Steel-Flatware-Sets-with-Clip-Handle-1-300x300.webp 300w, https:\/\/www.huashunware.com\/wp-content\/uploads\/2025\/10\/Wholesale-Stainless-Steel-Flatware-Sets-with-Clip-Handle-1-150x150.webp 150w, https:\/\/www.huashunware.com\/wp-content\/uploads\/2025\/10\/Wholesale-Stainless-Steel-Flatware-Sets-with-Clip-Handle-1-768x768.webp 768w, https:\/\/www.huashunware.com\/wp-content\/uploads\/2025\/10\/Wholesale-Stainless-Steel-Flatware-Sets-with-Clip-Handle-1-12x12.webp 12w, https:\/\/www.huashunware.com\/wp-content\/uploads\/2025\/10\/Wholesale-Stainless-Steel-Flatware-Sets-with-Clip-Handle-1-1200x1200.webp 1200w, https:\/\/www.huashunware.com\/wp-content\/uploads\/2025\/10\/Wholesale-Stainless-Steel-Flatware-Sets-with-Clip-Handle-1-600x600.webp 600w, https:\/\/www.huashunware.com\/wp-content\/uploads\/2025\/10\/Wholesale-Stainless-Steel-Flatware-Sets-with-Clip-Handle-1-100x100.webp 100w\" sizes=\"(max-width: 3686px) 100vw, 3686px\" \/><\/figure>\n\n\n\n<figure class=\"wp-block-image size-full is-resized\"><img decoding=\"async\" width=\"3072\" height=\"3072\" src=\"https:\/\/www.huashunware.com\/wp-content\/uploads\/2025\/10\/Wholesale-Stainless-Steel-Flatware-Sets-with-Clip-Handle1.webp\" alt=\"Conjuntos de talheres de a\u00e7o inoxid\u00e1vel por atacado com cabo de grampo1\" class=\"wp-image-753\" style=\"width:264px;height:auto\" srcset=\"https:\/\/www.huashunware.com\/wp-content\/uploads\/2025\/10\/Wholesale-Stainless-Steel-Flatware-Sets-with-Clip-Handle1.webp 3072w, https:\/\/www.huashunware.com\/wp-content\/uploads\/2025\/10\/Wholesale-Stainless-Steel-Flatware-Sets-with-Clip-Handle1-300x300.webp 300w, https:\/\/www.huashunware.com\/wp-content\/uploads\/2025\/10\/Wholesale-Stainless-Steel-Flatware-Sets-with-Clip-Handle1-150x150.webp 150w, https:\/\/www.huashunware.com\/wp-content\/uploads\/2025\/10\/Wholesale-Stainless-Steel-Flatware-Sets-with-Clip-Handle1-768x768.webp 768w, https:\/\/www.huashunware.com\/wp-content\/uploads\/2025\/10\/Wholesale-Stainless-Steel-Flatware-Sets-with-Clip-Handle1-12x12.webp 12w, https:\/\/www.huashunware.com\/wp-content\/uploads\/2025\/10\/Wholesale-Stainless-Steel-Flatware-Sets-with-Clip-Handle1-1200x1200.webp 1200w, https:\/\/www.huashunware.com\/wp-content\/uploads\/2025\/10\/Wholesale-Stainless-Steel-Flatware-Sets-with-Clip-Handle1-600x600.webp 600w, https:\/\/www.huashunware.com\/wp-content\/uploads\/2025\/10\/Wholesale-Stainless-Steel-Flatware-Sets-with-Clip-Handle1-100x100.webp 100w\" sizes=\"(max-width: 3072px) 100vw, 3072px\" \/><\/figure>\n<\/div>\n<\/div>","protected":false},"excerpt":{"rendered":"<p>Os conjuntos de talheres de a\u00e7o inoxid\u00e1vel por grosso com pega de encaixe combinam um design intemporal, qualidade superior e flexibilidade. Perfeito para vendas online e locais, este elegante conjunto oferece durabilidade e estilo duradouros.<\/p>\n<h2 class=\"brxe-product-title\">Conjuntos de talheres de a\u00e7o inoxid\u00e1vel por atacado Atributos:<\/h2>\n<table>\n<thead>\n<tr>\n<th>Artigo<\/th>\n<th>Peso<\/th>\n<th>Tamanho (cm) (C \u00d7 L)<\/th>\n<th>Espessura<\/th>\n<\/tr>\n<\/thead>\n<tbody>\n<tr>\n<td>Faca<\/td>\n<td>27 g<\/td>\n<td>22 \u00d7 1.4<\/td>\n<td>2 mm<\/td>\n<\/tr>\n<tr>\n<td>Garfo<\/td>\n<td>30 g<\/td>\n<td>21.5 \u00d7 2.5<\/td>\n<td>2 mm<\/td>\n<\/tr>\n<tr>\n<td>Colher<\/td>\n<td>36.5 g<\/td>\n<td>20.5 \u00d7 4.6<\/td>\n<td>2 mm<\/td>\n<\/tr>\n<tr>\n<td>Colher de ch\u00e1<\/td>\n<td>19 g<\/td>\n<td>14.5 \u00d7 3.2<\/td>\n<td>2 mm<\/td>\n<\/tr>\n<\/tbody>\n<\/table>\n<h2>Conjuntos de talheres de a\u00e7o inoxid\u00e1vel personalizados\uff1a<\/h2>\n<ul>\n<li data-start=\"43\" data-end=\"121\"><strong data-start=\"43\" data-end=\"59\">Amostra gr\u00e1tis:<\/strong> Poder\u00e1 ser disponibilizada uma amostra gr\u00e1tis antes de efetuar uma encomenda a granel.<\/li>\n<li data-start=\"123\" data-end=\"277\"><strong data-start=\"123\" data-end=\"158\">Personaliza\u00e7\u00e3o da embalagem e do log\u00f3tipo:<\/strong> Apoiamos os log\u00f3tipos personalizados na embalagem e oferecemos diferentes op\u00e7\u00f5es de embalagem, tais como caixa PET, caixa PVC ou caixa de oferta.<\/li>\n<li data-start=\"279\" data-end=\"386\"><strong data-start=\"279\" data-end=\"306\">Log\u00f3tipo no metal e na pega:<\/strong> Aceitam log\u00f3tipos gravados a laser ou gravados no metal e log\u00f3tipos impressos na pega.<\/li>\n<li data-start=\"388\" data-end=\"485\"><strong data-start=\"388\" data-end=\"422\">Op\u00e7\u00f5es de acabamento e cor da pega:<\/strong> Aceitar revestimento a ouro ou cores de pega personalizadas, conforme necess\u00e1rio.<\/li>\n<\/ul>","protected":false},"featured_media":754,"comment_status":"closed","ping_status":"closed","template":"","meta":{"_acf_changed":false},"product_brand":[],"product_cat":[18,26],"product_tag":[],"class_list":{"0":"post-752","1":"product","2":"type-product","3":"status-publish","4":"has-post-thumbnail","6":"product_cat-cutlery-set-wholesale","7":"product_cat-plastic-handle-flatware-set","9":"first","10":"instock","11":"shipping-taxable","12":"product-type-simple"},"acf":[],"_links":{"self":[{"href":"https:\/\/www.huashunware.com\/pt\/wp-json\/wp\/v2\/product\/752","targetHints":{"allow":["GET"]}}],"collection":[{"href":"https:\/\/www.huashunware.com\/pt\/wp-json\/wp\/v2\/product"}],"about":[{"href":"https:\/\/www.huashunware.com\/pt\/wp-json\/wp\/v2\/types\/product"}],"replies":[{"embeddable":true,"href":"https:\/\/www.huashunware.com\/pt\/wp-json\/wp\/v2\/comments?post=752"}],"wp:featuredmedia":[{"embeddable":true,"href":"https:\/\/www.huashunware.com\/pt\/wp-json\/wp\/v2\/media\/754"}],"wp:attachment":[{"href":"https:\/\/www.huashunware.com\/pt\/wp-json\/wp\/v2\/media?parent=752"}],"wp:term":[{"taxonomy":"product_brand","embeddable":true,"href":"https:\/\/www.huashunware.com\/pt\/wp-json\/wp\/v2\/product_brand?post=752"},{"taxonomy":"product_cat","embeddable":true,"href":"https:\/\/www.huashunware.com\/pt\/wp-json\/wp\/v2\/product_cat?post=752"},{"taxonomy":"product_tag","embeddable":true,"href":"https:\/\/www.huashunware.com\/pt\/wp-json\/wp\/v2\/product_tag?post=752"}],"curies":[{"name":"wp","href":"https:\/\/api.w.org\/{rel}","templated":true}]}}