{"id":758,"date":"2025-10-15T07:32:00","date_gmt":"2025-10-15T07:20:48","guid":{"rendered":"https:\/\/www.huashunware.com\/?post_type=product&#038;p=758"},"modified":"2026-02-05T02:25:12","modified_gmt":"2026-02-05T02:25:12","slug":"wholesale-18-10-cutlery-set-stainless-steel-factory-price","status":"publish","type":"product","link":"https:\/\/www.huashunware.com\/pt\/produto\/wholesale-18-10-cutlery-set-stainless-steel-factory-price\/","title":{"rendered":"Conjunto de talheres de a\u00e7o inoxid\u00e1vel 18\/0 por atacado Pre\u00e7o de f\u00e1brica"},"content":{"rendered":"<div class=\"wp-block-columns is-layout-flex wp-container-core-columns-is-layout-9d6595d7 wp-block-columns-is-layout-flex\">\n<div class=\"wp-block-column is-layout-flow wp-block-column-is-layout-flow\">\n<h2 class=\"wp-block-heading\">Conjunto de talheres 18\/0 por atacado Carater\u00edsticas:<\/h2>\n\n\n\n<p><strong>Consist\u00eancia do a\u00e7o 18\/0 de qualidade industrial<\/strong> Fabricado em a\u00e7o inoxid\u00e1vel 18\/0 de primeira qualidade com espessura e peso rigorosamente controlados (por exemplo, colher de mesa com 2,0 mm\/26 g), garantindo uma qualidade uniforme em todas as remessas a granel.<\/p>\n\n\n\n<p><strong>Est\u00e9tica mate \"Soft-Touch\" elegante<\/strong> As pegas apresentam um sofisticado acabamento p\u00farpura mate, oferecendo um aspeto contempor\u00e2neo de \"toque suave\" que eleva os talheres normais a uma cole\u00e7\u00e3o de design topo de gama.<\/p>\n\n\n\n<p><strong>Dentes e l\u00e2minas espelhados de precis\u00e3o<\/strong> Para al\u00e9m de um simples brilho, as nossas cabe\u00e7as polidas com espelho apresentam dentes de garfo meticulosamente arredondados e bordos de faca afiados e serrilhados para um desempenho de n\u00edvel profissional.<\/p>\n\n\n\n<p><strong>Caixa compacta de 24 pe\u00e7as \"pronta para exposi\u00e7\u00e3o<\/strong> Concebida para uma efici\u00eancia m\u00e1xima nas prateleiras, a caixa de retalho de 24 pe\u00e7as apresenta uma janela de visualiza\u00e7\u00e3o extra-grande, permitindo que o acabamento de qualidade superior do produto se venda por si s\u00f3.<\/p>\n\n\n\n<p><strong>Colagem do punho resistente ao calor<\/strong> O nosso processo de colagem especializado garante que as pegas coloridas permanecem s\u00f3lidas como uma rocha e resistentes ao desbotamento, mesmo quando sujeitas ao vapor de alta temperatura das m\u00e1quinas de lavar loi\u00e7a comerciais.<\/p>\n\n\n\n<p><strong>Capacidade OEM de f\u00e1brica em grande escala<\/strong> Tire partido das linhas de produ\u00e7\u00e3o da Huashun para uma personaliza\u00e7\u00e3o total: desde a grava\u00e7\u00e3o a laser do seu log\u00f3tipo no a\u00e7o 18\/0 at\u00e9 \u00e0 cria\u00e7\u00e3o de cores de pega \u00e0 medida para promo\u00e7\u00f5es sazonais.<\/p>\n<\/div>\n\n\n\n<div class=\"wp-block-column is-vertically-aligned-center is-layout-flow wp-block-column-is-layout-flow\">\n<figure class=\"wp-block-image size-full is-resized\"><img decoding=\"async\" width=\"3686\" height=\"3686\" src=\"https:\/\/www.huashunware.com\/wp-content\/uploads\/2025\/10\/Wholesale-180-Cutlery-Set-Stainless-Steel-Factory-Price-1.webp\" alt=\"Conjunto de talheres de a\u00e7o inoxid\u00e1vel 18:0 por atacado Pre\u00e7o de f\u00e1brica\" class=\"wp-image-1288\" style=\"width:261px;height:auto\" srcset=\"https:\/\/www.huashunware.com\/wp-content\/uploads\/2025\/10\/Wholesale-180-Cutlery-Set-Stainless-Steel-Factory-Price-1.webp 3686w, https:\/\/www.huashunware.com\/wp-content\/uploads\/2025\/10\/Wholesale-180-Cutlery-Set-Stainless-Steel-Factory-Price-1-300x300.webp 300w, https:\/\/www.huashunware.com\/wp-content\/uploads\/2025\/10\/Wholesale-180-Cutlery-Set-Stainless-Steel-Factory-Price-1-150x150.webp 150w, https:\/\/www.huashunware.com\/wp-content\/uploads\/2025\/10\/Wholesale-180-Cutlery-Set-Stainless-Steel-Factory-Price-1-768x768.webp 768w, https:\/\/www.huashunware.com\/wp-content\/uploads\/2025\/10\/Wholesale-180-Cutlery-Set-Stainless-Steel-Factory-Price-1-12x12.webp 12w, https:\/\/www.huashunware.com\/wp-content\/uploads\/2025\/10\/Wholesale-180-Cutlery-Set-Stainless-Steel-Factory-Price-1-1200x1200.webp 1200w, https:\/\/www.huashunware.com\/wp-content\/uploads\/2025\/10\/Wholesale-180-Cutlery-Set-Stainless-Steel-Factory-Price-1-600x600.webp 600w, https:\/\/www.huashunware.com\/wp-content\/uploads\/2025\/10\/Wholesale-180-Cutlery-Set-Stainless-Steel-Factory-Price-1-100x100.webp 100w\" sizes=\"(max-width: 3686px) 100vw, 3686px\" \/><\/figure>\n\n\n\n<figure class=\"wp-block-image size-full is-resized\"><img decoding=\"async\" width=\"3072\" height=\"3072\" src=\"https:\/\/www.huashunware.com\/wp-content\/uploads\/2025\/10\/Wholesale-1810-Cutlery-Set3.webp\" alt=\"Conjunto de talheres 18\/0 por atacado3\" class=\"wp-image-761\" style=\"width:264px;height:auto\" srcset=\"https:\/\/www.huashunware.com\/wp-content\/uploads\/2025\/10\/Wholesale-1810-Cutlery-Set3.webp 3072w, https:\/\/www.huashunware.com\/wp-content\/uploads\/2025\/10\/Wholesale-1810-Cutlery-Set3-300x300.webp 300w, https:\/\/www.huashunware.com\/wp-content\/uploads\/2025\/10\/Wholesale-1810-Cutlery-Set3-150x150.webp 150w, https:\/\/www.huashunware.com\/wp-content\/uploads\/2025\/10\/Wholesale-1810-Cutlery-Set3-768x768.webp 768w, https:\/\/www.huashunware.com\/wp-content\/uploads\/2025\/10\/Wholesale-1810-Cutlery-Set3-12x12.webp 12w, https:\/\/www.huashunware.com\/wp-content\/uploads\/2025\/10\/Wholesale-1810-Cutlery-Set3-1200x1200.webp 1200w, https:\/\/www.huashunware.com\/wp-content\/uploads\/2025\/10\/Wholesale-1810-Cutlery-Set3-600x600.webp 600w, https:\/\/www.huashunware.com\/wp-content\/uploads\/2025\/10\/Wholesale-1810-Cutlery-Set3-100x100.webp 100w\" sizes=\"(max-width: 3072px) 100vw, 3072px\" \/><\/figure>\n<\/div>\n<\/div>\n\n\n\n<p><\/p>","protected":false},"excerpt":{"rendered":"<p>O conjunto de talheres de a\u00e7o inoxid\u00e1vel 18\/0 por atacado oferece uma qualidade duradoura, um design elegante e um valor imbat\u00edvel. Com uma pega confort\u00e1vel e larga e uma constru\u00e7\u00e3o em a\u00e7o inoxid\u00e1vel de primeira qualidade, \u00e9 perfeito para qualquer ambiente de refei\u00e7\u00e3o.<\/p>\n<h2>Conjunto de talheres 18\/0 por atacado Atributos:<\/h2>\n<table>\n<thead>\n<tr>\n<th>Artigo<\/th>\n<th>Peso<\/th>\n<th>Tamanho (cm) (C \u00d7 L)<\/th>\n<th>Espessura<\/th>\n<\/tr>\n<\/thead>\n<tbody>\n<tr>\n<td>Faca<\/td>\n<td>25.5 g<\/td>\n<td>22 \u00d7 1.7<\/td>\n<td>2 mm<\/td>\n<\/tr>\n<tr>\n<td>Garfo<\/td>\n<td>26.5 g<\/td>\n<td>19.5 \u00d7 2.4<\/td>\n<td>2 mm<\/td>\n<\/tr>\n<tr>\n<td>Colher<\/td>\n<td>35 g<\/td>\n<td>20 \u00d7 4<\/td>\n<td>2 mm<\/td>\n<\/tr>\n<tr>\n<td>Colher de ch\u00e1<\/td>\n<td>-<\/td>\n<td>14 \u00d7 2.3<\/td>\n<td>2 mm<\/td>\n<\/tr>\n<\/tbody>\n<\/table>\n<h2>Conjunto de talheres 18\/0 personalizado\uff1a<\/h2>\n<ul>\n<li data-start=\"43\" data-end=\"121\"><strong data-start=\"43\" data-end=\"59\">Amostra gr\u00e1tis:<\/strong> Pode ser disponibilizada uma amostra gr\u00e1tis antes de efetuar uma encomenda a granel.<\/li>\n<li data-start=\"123\" data-end=\"277\"><strong data-start=\"123\" data-end=\"158\">Personaliza\u00e7\u00e3o da embalagem e do log\u00f3tipo:<\/strong> Apoiamos os log\u00f3tipos personalizados na embalagem e oferecemos diferentes op\u00e7\u00f5es de embalagem, tais como caixa PET, caixa PVC ou caixa de oferta.<\/li>\n<li data-start=\"279\" data-end=\"386\"><strong data-start=\"279\" data-end=\"306\">Log\u00f3tipo no metal e na pega:<\/strong> Aceitam log\u00f3tipos gravados a laser ou gravados no metal e log\u00f3tipos impressos na pega.<\/li>\n<li data-start=\"388\" data-end=\"485\"><strong data-start=\"388\" data-end=\"422\">Op\u00e7\u00f5es de acabamento e cor da pega:<\/strong> Aceitar revestimento a ouro ou cores de pega personalizadas, conforme necess\u00e1rio.<\/li>\n<\/ul>","protected":false},"featured_media":759,"comment_status":"closed","ping_status":"closed","template":"","meta":{"_acf_changed":true},"product_brand":[],"product_cat":[18,26],"product_tag":[],"class_list":{"0":"post-758","1":"product","2":"type-product","3":"status-publish","4":"has-post-thumbnail","6":"product_cat-cutlery-set-wholesale","7":"product_cat-plastic-handle-flatware-set","9":"first","10":"instock","11":"shipping-taxable","12":"product-type-simple"},"acf":[],"_links":{"self":[{"href":"https:\/\/www.huashunware.com\/pt\/wp-json\/wp\/v2\/product\/758","targetHints":{"allow":["GET"]}}],"collection":[{"href":"https:\/\/www.huashunware.com\/pt\/wp-json\/wp\/v2\/product"}],"about":[{"href":"https:\/\/www.huashunware.com\/pt\/wp-json\/wp\/v2\/types\/product"}],"replies":[{"embeddable":true,"href":"https:\/\/www.huashunware.com\/pt\/wp-json\/wp\/v2\/comments?post=758"}],"wp:featuredmedia":[{"embeddable":true,"href":"https:\/\/www.huashunware.com\/pt\/wp-json\/wp\/v2\/media\/759"}],"wp:attachment":[{"href":"https:\/\/www.huashunware.com\/pt\/wp-json\/wp\/v2\/media?parent=758"}],"wp:term":[{"taxonomy":"product_brand","embeddable":true,"href":"https:\/\/www.huashunware.com\/pt\/wp-json\/wp\/v2\/product_brand?post=758"},{"taxonomy":"product_cat","embeddable":true,"href":"https:\/\/www.huashunware.com\/pt\/wp-json\/wp\/v2\/product_cat?post=758"},{"taxonomy":"product_tag","embeddable":true,"href":"https:\/\/www.huashunware.com\/pt\/wp-json\/wp\/v2\/product_tag?post=758"}],"curies":[{"name":"wp","href":"https:\/\/api.w.org\/{rel}","templated":true}]}}