{"id":766,"date":"2025-10-15T08:24:54","date_gmt":"2025-10-15T08:14:16","guid":{"rendered":"https:\/\/www.huashunware.com\/?post_type=product&#038;p=766"},"modified":"2026-02-05T02:13:42","modified_gmt":"2026-02-05T02:13:42","slug":"wholesale-cutlery-set-stainless-steel-portuguese-flatware","status":"publish","type":"product","link":"https:\/\/www.huashunware.com\/pt\/produto\/wholesale-cutlery-set-stainless-steel-portuguese-flatware\/","title":{"rendered":"Conjunto de Talheres por Atacado Fabricante | Huashun 24pc Talheres"},"content":{"rendered":"<div class=\"wp-block-columns is-layout-flex wp-container-core-columns-is-layout-9d6595d7 wp-block-columns-is-layout-flex\">\n<div class=\"wp-block-column is-layout-flow wp-block-column-is-layout-flow\">\n<h2 class=\"wp-block-heading\">Conjunto de talheres por atacado Carater\u00edsticas:<\/h2>\n\n\n\n<p><strong>A\u00e7o inoxid\u00e1vel 18\/0 de qualidade superior<\/strong> Fabricado em a\u00e7o inoxid\u00e1vel 18\/0 de alta qualidade, este conjunto de talheres \u00e9 resistente \u00e0 ferrugem, dur\u00e1vel e est\u00e1 em total conformidade com as normas internacionais de seguran\u00e7a alimentar.<\/p>\n\n\n\n<p><strong>Pegas personalizadas modernas mate<\/strong> apresentam um acabamento mate elegante em cores vibrantes (como o elegante roxo apresentado), proporcionando uma ader\u00eancia confort\u00e1vel e antiderrapante para utiliza\u00e7\u00e3o dom\u00e9stica e comercial.<\/p>\n\n\n\n<p><strong>Polimento espelhado de alto brilho<\/strong> As cabe\u00e7as s\u00e3o polidas com precis\u00e3o para um acabamento espelhado brilhante, assegurando bordos suaves e arredondados para uma experi\u00eancia gastron\u00f3mica segura e sofisticada.<\/p>\n\n\n\n<p><strong>Caixa de oferta de 24 pe\u00e7as pronta para venda a retalho<\/strong> Cada <strong>Conjunto de talheres por atacado<\/strong> \u00e9 apresentado numa caixa de exposi\u00e7\u00e3o profissional de 24 pe\u00e7as, optimizada para ser atraente nas prateleiras e f\u00e1cil de transportar.<\/p>\n\n\n\n<p><strong>Dur\u00e1vel e lav\u00e1vel na m\u00e1quina de lavar lou\u00e7a<\/strong> Concebidas para resistir a uma utiliza\u00e7\u00e3o di\u00e1ria intensa, as pegas permanecem seguras e o acabamento mant\u00e9m-se polido mesmo ap\u00f3s uma lavagem \u00e0 m\u00e1quina a alta temperatura.<\/p>\n\n\n\n<p><strong>Solu\u00e7\u00f5es completas de OEM e personaliza\u00e7\u00e3o<\/strong> Apoiamos as cores Pantone personalizadas, os log\u00f3tipos gravados a laser e as embalagens personalizadas para o ajudar a construir uma marca \u00fanica no seu mercado local.<\/p>\n<\/div>\n\n\n\n<div class=\"wp-block-column is-vertically-aligned-center is-layout-flow wp-block-column-is-layout-flow\">\n<figure class=\"wp-block-image size-full is-resized\"><img decoding=\"async\" width=\"1536\" height=\"1536\" src=\"https:\/\/www.huashunware.com\/wp-content\/uploads\/2025\/10\/Wholesale-Cutlery-Set-Stainless-Steel-Gold-Cutlery-Wholesale1.webp\" alt=\"Conjunto de talheres por atacado Talheres de ouro de a\u00e7o inoxid\u00e1vel por atacado1\" class=\"wp-image-1212\" style=\"width:261px;height:auto\" srcset=\"https:\/\/www.huashunware.com\/wp-content\/uploads\/2025\/10\/Wholesale-Cutlery-Set-Stainless-Steel-Gold-Cutlery-Wholesale1.webp 1536w, https:\/\/www.huashunware.com\/wp-content\/uploads\/2025\/10\/Wholesale-Cutlery-Set-Stainless-Steel-Gold-Cutlery-Wholesale1-300x300.webp 300w, https:\/\/www.huashunware.com\/wp-content\/uploads\/2025\/10\/Wholesale-Cutlery-Set-Stainless-Steel-Gold-Cutlery-Wholesale1-150x150.webp 150w, https:\/\/www.huashunware.com\/wp-content\/uploads\/2025\/10\/Wholesale-Cutlery-Set-Stainless-Steel-Gold-Cutlery-Wholesale1-768x768.webp 768w, https:\/\/www.huashunware.com\/wp-content\/uploads\/2025\/10\/Wholesale-Cutlery-Set-Stainless-Steel-Gold-Cutlery-Wholesale1-12x12.webp 12w, https:\/\/www.huashunware.com\/wp-content\/uploads\/2025\/10\/Wholesale-Cutlery-Set-Stainless-Steel-Gold-Cutlery-Wholesale1-1200x1200.webp 1200w, https:\/\/www.huashunware.com\/wp-content\/uploads\/2025\/10\/Wholesale-Cutlery-Set-Stainless-Steel-Gold-Cutlery-Wholesale1-600x600.webp 600w, https:\/\/www.huashunware.com\/wp-content\/uploads\/2025\/10\/Wholesale-Cutlery-Set-Stainless-Steel-Gold-Cutlery-Wholesale1-100x100.webp 100w\" sizes=\"(max-width: 1536px) 100vw, 1536px\" \/><\/figure>\n\n\n\n<figure class=\"wp-block-image size-full is-resized\"><img decoding=\"async\" width=\"3072\" height=\"3072\" src=\"https:\/\/www.huashunware.com\/wp-content\/uploads\/2025\/10\/Wholesale-Cutlery-Set-Stainless-Steel-Portuguese-Flatware2.webp\" alt=\"Conjunto de talheres por atacado Talheres portugueses de a\u00e7o inoxid\u00e1vel2\" class=\"wp-image-768\" style=\"width:264px;height:auto\" srcset=\"https:\/\/www.huashunware.com\/wp-content\/uploads\/2025\/10\/Wholesale-Cutlery-Set-Stainless-Steel-Portuguese-Flatware2.webp 3072w, https:\/\/www.huashunware.com\/wp-content\/uploads\/2025\/10\/Wholesale-Cutlery-Set-Stainless-Steel-Portuguese-Flatware2-300x300.webp 300w, https:\/\/www.huashunware.com\/wp-content\/uploads\/2025\/10\/Wholesale-Cutlery-Set-Stainless-Steel-Portuguese-Flatware2-150x150.webp 150w, https:\/\/www.huashunware.com\/wp-content\/uploads\/2025\/10\/Wholesale-Cutlery-Set-Stainless-Steel-Portuguese-Flatware2-768x768.webp 768w, https:\/\/www.huashunware.com\/wp-content\/uploads\/2025\/10\/Wholesale-Cutlery-Set-Stainless-Steel-Portuguese-Flatware2-12x12.webp 12w, https:\/\/www.huashunware.com\/wp-content\/uploads\/2025\/10\/Wholesale-Cutlery-Set-Stainless-Steel-Portuguese-Flatware2-1200x1200.webp 1200w, https:\/\/www.huashunware.com\/wp-content\/uploads\/2025\/10\/Wholesale-Cutlery-Set-Stainless-Steel-Portuguese-Flatware2-600x600.webp 600w, https:\/\/www.huashunware.com\/wp-content\/uploads\/2025\/10\/Wholesale-Cutlery-Set-Stainless-Steel-Portuguese-Flatware2-100x100.webp 100w\" sizes=\"(max-width: 3072px) 100vw, 3072px\" \/><\/figure>\n<\/div>\n<\/div>","protected":false},"excerpt":{"rendered":"<p>Conjunto de talheres por grosso em a\u00e7o inoxid\u00e1vel Os talheres portugueses apresentam um design intemporal que tem sido um dos favoritos do mercado h\u00e1 mais de cinco anos. Fabricado em a\u00e7o inoxid\u00e1vel dur\u00e1vel com um acabamento polido, oferece eleg\u00e2ncia, conforto e qualidade duradoura - uma excelente escolha para distribui\u00e7\u00e3o por grosso ou a retalho.<\/p>\n<h2>Conjunto de talheres por atacado Atributos:<\/h2>\n<table>\n<thead>\n<tr>\n<th>Artigo<\/th>\n<th>Peso<\/th>\n<th>Tamanho (cm) (C \u00d7 L)<\/th>\n<\/tr>\n<\/thead>\n<tbody>\n<tr>\n<td>Faca<\/td>\n<td>40 g<\/td>\n<td>22 \u00d7 1.5<\/td>\n<\/tr>\n<tr>\n<td>Colher<\/td>\n<td>44 g<\/td>\n<td>21 \u00d7 5<\/td>\n<\/tr>\n<tr>\n<td>Garfo<\/td>\n<td>32 g<\/td>\n<td>21.5 \u00d7 2.6<\/td>\n<\/tr>\n<tr>\n<td>Colher de ch\u00e1<\/td>\n<td>15 g<\/td>\n<td>13 \u00d7 3<\/td>\n<\/tr>\n<\/tbody>\n<\/table>\n<h2>Conjunto de talheres personalizados\uff1a<\/h2>\n<ul>\n<li><strong data-start=\"40\" data-end=\"56\">Amostra gr\u00e1tis:<\/strong> Pode ser disponibilizada uma amostra gr\u00e1tis.<\/li>\n<li><strong data-start=\"91\" data-end=\"126\">Personaliza\u00e7\u00e3o da embalagem e do log\u00f3tipo:<\/strong> Apoiamos log\u00f3tipos personalizados na embalagem e oferecemos diferentes op\u00e7\u00f5es de embalagem, como uma caixa PET, uma caixa PVC ou uma caixa de oferta.<\/li>\n<li><strong data-start=\"246\" data-end=\"266\" data-is-only-node=\"\">Log\u00f3tipo no produto:<\/strong> Aceitar log\u00f3tipos gravados ou a laser.<\/li>\n<\/ul>","protected":false},"featured_media":881,"comment_status":"closed","ping_status":"closed","template":"","meta":{"_acf_changed":true},"product_brand":[],"product_cat":[18,27],"product_tag":[],"class_list":{"0":"post-766","1":"product","2":"type-product","3":"status-publish","4":"has-post-thumbnail","6":"product_cat-cutlery-set-wholesale","7":"product_cat-stainless-steel-flatware-set","9":"first","10":"instock","11":"shipping-taxable","12":"product-type-simple"},"acf":[],"_links":{"self":[{"href":"https:\/\/www.huashunware.com\/pt\/wp-json\/wp\/v2\/product\/766","targetHints":{"allow":["GET"]}}],"collection":[{"href":"https:\/\/www.huashunware.com\/pt\/wp-json\/wp\/v2\/product"}],"about":[{"href":"https:\/\/www.huashunware.com\/pt\/wp-json\/wp\/v2\/types\/product"}],"replies":[{"embeddable":true,"href":"https:\/\/www.huashunware.com\/pt\/wp-json\/wp\/v2\/comments?post=766"}],"wp:featuredmedia":[{"embeddable":true,"href":"https:\/\/www.huashunware.com\/pt\/wp-json\/wp\/v2\/media\/881"}],"wp:attachment":[{"href":"https:\/\/www.huashunware.com\/pt\/wp-json\/wp\/v2\/media?parent=766"}],"wp:term":[{"taxonomy":"product_brand","embeddable":true,"href":"https:\/\/www.huashunware.com\/pt\/wp-json\/wp\/v2\/product_brand?post=766"},{"taxonomy":"product_cat","embeddable":true,"href":"https:\/\/www.huashunware.com\/pt\/wp-json\/wp\/v2\/product_cat?post=766"},{"taxonomy":"product_tag","embeddable":true,"href":"https:\/\/www.huashunware.com\/pt\/wp-json\/wp\/v2\/product_tag?post=766"}],"curies":[{"name":"wp","href":"https:\/\/api.w.org\/{rel}","templated":true}]}}