{"id":771,"date":"2025-10-15T09:06:35","date_gmt":"2025-10-15T08:55:11","guid":{"rendered":"https:\/\/www.huashunware.com\/?post_type=product&#038;p=771"},"modified":"2026-02-04T02:39:57","modified_gmt":"2026-02-04T02:39:57","slug":"wholesale-quality-flatware-wooden-grain-flatware-set-custom","status":"publish","type":"product","link":"https:\/\/www.huashunware.com\/pt\/produto\/wholesale-quality-flatware-wooden-grain-flatware-set-custom\/","title":{"rendered":"Talheres de qualidade por atacado, conjunto de talheres de gr\u00e3os de madeira personalizado"},"content":{"rendered":"<div class=\"wp-block-columns is-layout-flex wp-container-core-columns-is-layout-9d6595d7 wp-block-columns-is-layout-flex\">\n<div class=\"wp-block-column is-layout-flow wp-block-column-is-layout-flow\">\n<h2 class=\"wp-block-heading\">Talheres de qualidade por grosso Carater\u00edsticas:<\/h2>\n\n\n\n<p><strong>Constru\u00e7\u00e3o em a\u00e7o inoxid\u00e1vel refinado<\/strong> Fabricado em a\u00e7o inoxid\u00e1vel de primeira qualidade, este conjunto oferece uma combina\u00e7\u00e3o perfeita de for\u00e7a e resist\u00eancia \u00e0 ferrugem, ideal para aplica\u00e7\u00f5es dom\u00e9sticas e comerciais.<\/p>\n\n\n\n<p><strong>Pegas personalizadas modernas mate<\/strong> apresentam um acabamento mate elegante em cores vibrantes personalizadas com um toque confort\u00e1vel e suave, acrescentando sofistica\u00e7\u00e3o a qualquer ambiente de mesa.<\/p>\n\n\n\n<p><strong>Superf\u00edcie polida com espelho de alto brilho<\/strong> As cabe\u00e7as s\u00e3o polidas com precis\u00e3o para um acabamento espelhado brilhante, garantindo bordos de seguran\u00e7a arredondados e uma experi\u00eancia gastron\u00f3mica de luxo.<\/p>\n\n\n\n<p><strong>Dur\u00e1vel e lav\u00e1vel na m\u00e1quina de lavar lou\u00e7a para uso comercial<\/strong> Concebidos para resistir a uma utiliza\u00e7\u00e3o di\u00e1ria intensa, os nossos talheres mant\u00eam a cor vibrante do cabo e o brilho polido mesmo ap\u00f3s a lavagem na m\u00e1quina.<\/p>\n\n\n\n<p><strong>Solu\u00e7\u00f5es completas de OEM e branding<\/strong> Fornecemos uma personaliza\u00e7\u00e3o completa, incluindo log\u00f3tipos gravados a laser, cores Pantone personalizadas para os cabos e embalagens \u00e0 medida para elevar a sua marca.<\/p>\n<\/div>\n\n\n\n<div class=\"wp-block-column is-layout-flow wp-block-column-is-layout-flow\">\n<figure class=\"wp-block-image size-full\"><img decoding=\"async\" width=\"3686\" height=\"3686\" src=\"https:\/\/www.huashunware.com\/wp-content\/uploads\/2025\/10\/Wholesale-Quality-Flatware-Wooden-Grain-Flatware-Set-Custom-1.webp\" alt=\"Talheres de qualidade por atacado, conjunto de talheres de gr\u00e3os de madeira personalizado\" class=\"wp-image-1280\" srcset=\"https:\/\/www.huashunware.com\/wp-content\/uploads\/2025\/10\/Wholesale-Quality-Flatware-Wooden-Grain-Flatware-Set-Custom-1.webp 3686w, https:\/\/www.huashunware.com\/wp-content\/uploads\/2025\/10\/Wholesale-Quality-Flatware-Wooden-Grain-Flatware-Set-Custom-1-300x300.webp 300w, https:\/\/www.huashunware.com\/wp-content\/uploads\/2025\/10\/Wholesale-Quality-Flatware-Wooden-Grain-Flatware-Set-Custom-1-150x150.webp 150w, https:\/\/www.huashunware.com\/wp-content\/uploads\/2025\/10\/Wholesale-Quality-Flatware-Wooden-Grain-Flatware-Set-Custom-1-768x768.webp 768w, https:\/\/www.huashunware.com\/wp-content\/uploads\/2025\/10\/Wholesale-Quality-Flatware-Wooden-Grain-Flatware-Set-Custom-1-12x12.webp 12w, https:\/\/www.huashunware.com\/wp-content\/uploads\/2025\/10\/Wholesale-Quality-Flatware-Wooden-Grain-Flatware-Set-Custom-1-1200x1200.webp 1200w, https:\/\/www.huashunware.com\/wp-content\/uploads\/2025\/10\/Wholesale-Quality-Flatware-Wooden-Grain-Flatware-Set-Custom-1-600x600.webp 600w, https:\/\/www.huashunware.com\/wp-content\/uploads\/2025\/10\/Wholesale-Quality-Flatware-Wooden-Grain-Flatware-Set-Custom-1-100x100.webp 100w\" sizes=\"(max-width: 3686px) 100vw, 3686px\" \/><\/figure>\n\n\n\n<figure class=\"wp-block-image size-full\"><img decoding=\"async\" width=\"3072\" height=\"3072\" src=\"https:\/\/www.huashunware.com\/wp-content\/uploads\/2025\/10\/Wholesale-Quality-Flatware-Wooden-Grain-Flatware-Set-Custom4.webp\" alt=\"Talheres de qualidade por atacado, Conjunto de talheres de madeira em gr\u00e3o Custom4\" class=\"wp-image-775\" srcset=\"https:\/\/www.huashunware.com\/wp-content\/uploads\/2025\/10\/Wholesale-Quality-Flatware-Wooden-Grain-Flatware-Set-Custom4.webp 3072w, https:\/\/www.huashunware.com\/wp-content\/uploads\/2025\/10\/Wholesale-Quality-Flatware-Wooden-Grain-Flatware-Set-Custom4-300x300.webp 300w, https:\/\/www.huashunware.com\/wp-content\/uploads\/2025\/10\/Wholesale-Quality-Flatware-Wooden-Grain-Flatware-Set-Custom4-150x150.webp 150w, https:\/\/www.huashunware.com\/wp-content\/uploads\/2025\/10\/Wholesale-Quality-Flatware-Wooden-Grain-Flatware-Set-Custom4-768x768.webp 768w, https:\/\/www.huashunware.com\/wp-content\/uploads\/2025\/10\/Wholesale-Quality-Flatware-Wooden-Grain-Flatware-Set-Custom4-12x12.webp 12w, https:\/\/www.huashunware.com\/wp-content\/uploads\/2025\/10\/Wholesale-Quality-Flatware-Wooden-Grain-Flatware-Set-Custom4-1200x1200.webp 1200w, https:\/\/www.huashunware.com\/wp-content\/uploads\/2025\/10\/Wholesale-Quality-Flatware-Wooden-Grain-Flatware-Set-Custom4-600x600.webp 600w, https:\/\/www.huashunware.com\/wp-content\/uploads\/2025\/10\/Wholesale-Quality-Flatware-Wooden-Grain-Flatware-Set-Custom4-100x100.webp 100w\" sizes=\"(max-width: 3072px) 100vw, 3072px\" \/><\/figure>\n<\/div>\n<\/div>","protected":false},"excerpt":{"rendered":"<p>Talheres de qualidade por atacado, conjunto de talheres de gr\u00e3o de madeira personalizado - Elegante, dur\u00e1vel e confort\u00e1vel, este conjunto de talheres de gr\u00e3o de madeira combina eleg\u00e2ncia com praticidade para as refei\u00e7\u00f5es do dia a dia.<\/p>\n<h2>Talheres de qualidade por atacado Atributos:<\/h2>\n<table>\n<thead>\n<tr>\n<th>Artigo<\/th>\n<th>Peso<\/th>\n<th>Comprimento (cm)<\/th>\n<th>Largura (cm)<\/th>\n<th>Espessura (mm)<\/th>\n<\/tr>\n<\/thead>\n<tbody>\n<tr>\n<td>Faca<\/td>\n<td>36 g<\/td>\n<td>22<\/td>\n<td>1.7<\/td>\n<td>1.5<\/td>\n<\/tr>\n<tr>\n<td>Garfo<\/td>\n<td>33 g<\/td>\n<td>20.5<\/td>\n<td>2.4<\/td>\n<td>1.5<\/td>\n<\/tr>\n<tr>\n<td>Colher<\/td>\n<td>39 g<\/td>\n<td>20.5<\/td>\n<td>4<\/td>\n<td>1.5<\/td>\n<\/tr>\n<tr>\n<td>Colher de ch\u00e1<\/td>\n<td>32.5 g<\/td>\n<td>16<\/td>\n<td>3<\/td>\n<td>1.5<\/td>\n<\/tr>\n<\/tbody>\n<\/table>\n<h2>Talheres personalizados \uff1a<\/h2>\n<ul>\n<li><strong data-start=\"30\" data-end=\"46\">Amostra gr\u00e1tis:<\/strong> Poder\u00e1 estar dispon\u00edvel uma amostra gr\u00e1tis.<\/li>\n<li><strong data-start=\"81\" data-end=\"116\">Personaliza\u00e7\u00e3o da embalagem e do log\u00f3tipo:<\/strong> Apoiamos log\u00f3tipos personalizados na embalagem e oferecemos diferentes op\u00e7\u00f5es de embalagem, como uma caixa PET, uma caixa PVC ou uma caixa de oferta.<\/li>\n<li><strong data-start=\"238\" data-end=\"258\" data-is-only-node=\"\">Log\u00f3tipo no produto:<\/strong> Aceitam log\u00f3tipos gravados a laser ou gravados no metal e log\u00f3tipos impressos na pega.<\/li>\n<li><strong data-start=\"334\" data-end=\"368\">Op\u00e7\u00f5es de acabamento e cor da pega:<\/strong> Aceita revestimento a ouro ou cores de pega personalizadas.<\/li>\n<\/ul>","protected":false},"featured_media":776,"comment_status":"closed","ping_status":"closed","template":"","meta":{"_acf_changed":false},"product_brand":[],"product_cat":[18,26],"product_tag":[],"class_list":{"0":"post-771","1":"product","2":"type-product","3":"status-publish","4":"has-post-thumbnail","6":"product_cat-cutlery-set-wholesale","7":"product_cat-plastic-handle-flatware-set","9":"first","10":"instock","11":"shipping-taxable","12":"product-type-simple"},"acf":[],"_links":{"self":[{"href":"https:\/\/www.huashunware.com\/pt\/wp-json\/wp\/v2\/product\/771","targetHints":{"allow":["GET"]}}],"collection":[{"href":"https:\/\/www.huashunware.com\/pt\/wp-json\/wp\/v2\/product"}],"about":[{"href":"https:\/\/www.huashunware.com\/pt\/wp-json\/wp\/v2\/types\/product"}],"replies":[{"embeddable":true,"href":"https:\/\/www.huashunware.com\/pt\/wp-json\/wp\/v2\/comments?post=771"}],"wp:featuredmedia":[{"embeddable":true,"href":"https:\/\/www.huashunware.com\/pt\/wp-json\/wp\/v2\/media\/776"}],"wp:attachment":[{"href":"https:\/\/www.huashunware.com\/pt\/wp-json\/wp\/v2\/media?parent=771"}],"wp:term":[{"taxonomy":"product_brand","embeddable":true,"href":"https:\/\/www.huashunware.com\/pt\/wp-json\/wp\/v2\/product_brand?post=771"},{"taxonomy":"product_cat","embeddable":true,"href":"https:\/\/www.huashunware.com\/pt\/wp-json\/wp\/v2\/product_cat?post=771"},{"taxonomy":"product_tag","embeddable":true,"href":"https:\/\/www.huashunware.com\/pt\/wp-json\/wp\/v2\/product_tag?post=771"}],"curies":[{"name":"wp","href":"https:\/\/api.w.org\/{rel}","templated":true}]}}