{"id":778,"date":"2025-10-15T09:22:33","date_gmt":"2025-10-15T09:22:33","guid":{"rendered":"https:\/\/www.huashunware.com\/?post_type=product&#038;p=778"},"modified":"2026-02-04T02:24:12","modified_gmt":"2026-02-04T02:24:12","slug":"custom-quality-flatware-durable-wooden-grain-flatware-set-in-bulk","status":"publish","type":"product","link":"https:\/\/www.huashunware.com\/pt\/produto\/custom-quality-flatware-durable-wooden-grain-flatware-set-in-bulk\/","title":{"rendered":"Faqueiro de qualidade personalizada, conjunto de talheres de gr\u00e3o de madeira dur\u00e1vel a granel"},"content":{"rendered":"<div class=\"wp-block-columns is-layout-flex wp-container-core-columns-is-layout-9d6595d7 wp-block-columns-is-layout-flex\">\n<div class=\"wp-block-column is-layout-flow wp-block-column-is-layout-flow\">\n<h2 class=\"wp-block-heading\">Talheres de qualidade personalizada Carater\u00edsticas:<\/h2>\n\n\n\n<p><strong>Constru\u00e7\u00e3o em a\u00e7o inoxid\u00e1vel de alta qualidade<\/strong> Fabricado em a\u00e7o inoxid\u00e1vel 18\/0 de primeira qualidade, este conjunto oferece uma combina\u00e7\u00e3o perfeita de for\u00e7a, resist\u00eancia \u00e0 ferrugem e uma experi\u00eancia gastron\u00f3mica requintada.<\/p>\n\n\n\n<p><strong>Acabamentos personalizados de punhos mate e brilhantes<\/strong> Dispon\u00edveis numa variedade de cores personalizadas com um sofisticado acabamento mate, estas pegas ergon\u00f3micas proporcionam uma ader\u00eancia confort\u00e1vel e antiderrapante.<\/p>\n\n\n\n<p><strong>Acabamento profissional polido com espelho<\/strong> As cabe\u00e7as apresentam um polimento refletor de alto brilho com arestas arredondadas, garantindo seguran\u00e7a e um aspeto sofisticado para qualquer mesa.<\/p>\n\n\n\n<p><strong>Embalagem de retalho de 24 pe\u00e7as \u00e0 medida<\/strong> Apresentado numa elegante caixa de exposi\u00e7\u00e3o com janela grande (24 pe\u00e7as), concebida para minimizar o volume de envio e maximizar a atra\u00e7\u00e3o nas prateleiras.<\/p>\n\n\n\n<p><strong>Dur\u00e1vel e lav\u00e1vel na m\u00e1quina de lavar lou\u00e7a para uso comercial<\/strong> Concebidos para resistir a uma utiliza\u00e7\u00e3o di\u00e1ria intensa, os nossos talheres mant\u00eam a cor vibrante do cabo e o acabamento polido mesmo ap\u00f3s a lavagem na m\u00e1quina.<\/p>\n\n\n\n<p><strong>Solu\u00e7\u00f5es completas de branding e OEM<\/strong> Desde log\u00f3tipos gravados a laser em metal a pegas e caixas impressas por medida, fornecemos solu\u00e7\u00f5es completas para elevar a sua marca.<\/p>\n<\/div>\n\n\n\n<div class=\"wp-block-column is-vertically-aligned-center is-layout-flow wp-block-column-is-layout-flow\">\n<figure class=\"wp-block-image size-full\"><img decoding=\"async\" width=\"3072\" height=\"3072\" src=\"https:\/\/www.huashunware.com\/wp-content\/uploads\/2025\/10\/Custom-Quality-Flatware-Durable-Wooden-Grain-Flatware-Set-in-Bulk6.webp\" alt=\"Faqueiro de qualidade personalizada, conjunto de talheres de gr\u00e3o de madeira dur\u00e1vel a granel6\" class=\"wp-image-784\" srcset=\"https:\/\/www.huashunware.com\/wp-content\/uploads\/2025\/10\/Custom-Quality-Flatware-Durable-Wooden-Grain-Flatware-Set-in-Bulk6.webp 3072w, https:\/\/www.huashunware.com\/wp-content\/uploads\/2025\/10\/Custom-Quality-Flatware-Durable-Wooden-Grain-Flatware-Set-in-Bulk6-300x300.webp 300w, https:\/\/www.huashunware.com\/wp-content\/uploads\/2025\/10\/Custom-Quality-Flatware-Durable-Wooden-Grain-Flatware-Set-in-Bulk6-150x150.webp 150w, https:\/\/www.huashunware.com\/wp-content\/uploads\/2025\/10\/Custom-Quality-Flatware-Durable-Wooden-Grain-Flatware-Set-in-Bulk6-768x768.webp 768w, https:\/\/www.huashunware.com\/wp-content\/uploads\/2025\/10\/Custom-Quality-Flatware-Durable-Wooden-Grain-Flatware-Set-in-Bulk6-12x12.webp 12w, https:\/\/www.huashunware.com\/wp-content\/uploads\/2025\/10\/Custom-Quality-Flatware-Durable-Wooden-Grain-Flatware-Set-in-Bulk6-1200x1200.webp 1200w, https:\/\/www.huashunware.com\/wp-content\/uploads\/2025\/10\/Custom-Quality-Flatware-Durable-Wooden-Grain-Flatware-Set-in-Bulk6-600x600.webp 600w, https:\/\/www.huashunware.com\/wp-content\/uploads\/2025\/10\/Custom-Quality-Flatware-Durable-Wooden-Grain-Flatware-Set-in-Bulk6-100x100.webp 100w\" sizes=\"(max-width: 3072px) 100vw, 3072px\" \/><\/figure>\n\n\n\n<figure class=\"wp-block-image size-full\"><img decoding=\"async\" width=\"3072\" height=\"3072\" src=\"https:\/\/www.huashunware.com\/wp-content\/uploads\/2025\/10\/Custom-Quality-Flatware-Durable-Wooden-Grain-Flatware-Set-in-Bulk-1.webp\" alt=\"Faqueiro de qualidade personalizada, conjunto de talheres de gr\u00e3o de madeira dur\u00e1vel a granel\" class=\"wp-image-1195\" srcset=\"https:\/\/www.huashunware.com\/wp-content\/uploads\/2025\/10\/Custom-Quality-Flatware-Durable-Wooden-Grain-Flatware-Set-in-Bulk-1.webp 3072w, https:\/\/www.huashunware.com\/wp-content\/uploads\/2025\/10\/Custom-Quality-Flatware-Durable-Wooden-Grain-Flatware-Set-in-Bulk-1-300x300.webp 300w, https:\/\/www.huashunware.com\/wp-content\/uploads\/2025\/10\/Custom-Quality-Flatware-Durable-Wooden-Grain-Flatware-Set-in-Bulk-1-150x150.webp 150w, https:\/\/www.huashunware.com\/wp-content\/uploads\/2025\/10\/Custom-Quality-Flatware-Durable-Wooden-Grain-Flatware-Set-in-Bulk-1-768x768.webp 768w, https:\/\/www.huashunware.com\/wp-content\/uploads\/2025\/10\/Custom-Quality-Flatware-Durable-Wooden-Grain-Flatware-Set-in-Bulk-1-12x12.webp 12w, https:\/\/www.huashunware.com\/wp-content\/uploads\/2025\/10\/Custom-Quality-Flatware-Durable-Wooden-Grain-Flatware-Set-in-Bulk-1-1200x1200.webp 1200w, https:\/\/www.huashunware.com\/wp-content\/uploads\/2025\/10\/Custom-Quality-Flatware-Durable-Wooden-Grain-Flatware-Set-in-Bulk-1-600x600.webp 600w, https:\/\/www.huashunware.com\/wp-content\/uploads\/2025\/10\/Custom-Quality-Flatware-Durable-Wooden-Grain-Flatware-Set-in-Bulk-1-100x100.webp 100w\" sizes=\"(max-width: 3072px) 100vw, 3072px\" \/><\/figure>\n<\/div>\n<\/div>","protected":false},"excerpt":{"rendered":"<p data-start=\"1174\" data-end=\"1465\">Faqueiro de qualidade personalizada, conjunto de talheres de gr\u00e3o de madeira dur\u00e1vel a granel - Este conjunto de talheres combina a eleg\u00e2ncia cl\u00e1ssica com um design pr\u00e1tico. Com pegas largas e confort\u00e1veis e um acabamento de gr\u00e3o de madeira duradouro, proporciona estilo, conforto e desempenho duradouro para as refei\u00e7\u00f5es do dia a dia.<\/p>\n<h2>Talheres de qualidade personalizada Atributos:<\/h2>\n<table>\n<thead>\n<tr>\n<th>Artigo<\/th>\n<th>Peso<\/th>\n<th>Comprimento (cm)<\/th>\n<th>Largura (cm)<\/th>\n<th>Espessura (mm)<\/th>\n<\/tr>\n<\/thead>\n<tbody>\n<tr>\n<td>Faca<\/td>\n<td>29 g<\/td>\n<td>21<\/td>\n<td>1.7<\/td>\n<td>1.5<\/td>\n<\/tr>\n<tr>\n<td>Garfo<\/td>\n<td>25.3 g<\/td>\n<td>19<\/td>\n<td>2.4<\/td>\n<td>1.5<\/td>\n<\/tr>\n<tr>\n<td>Colher<\/td>\n<td>34.5 g<\/td>\n<td>18.5<\/td>\n<td>3.5<\/td>\n<td>1.5<\/td>\n<\/tr>\n<tr>\n<td>Colher de ch\u00e1<\/td>\n<td>24.7 g<\/td>\n<td>15<\/td>\n<td>3.2<\/td>\n<td>1.5<\/td>\n<\/tr>\n<\/tbody>\n<\/table>\n<h2>Talheres personalizados \uff1a<\/h2>\n<ul>\n<li><strong data-start=\"33\" data-end=\"49\">Amostra gr\u00e1tis:<\/strong> Poder\u00e1 estar dispon\u00edvel uma amostra gr\u00e1tis.<\/li>\n<li><strong data-start=\"84\" data-end=\"119\">Personaliza\u00e7\u00e3o da embalagem e do log\u00f3tipo:<\/strong> Apoiamos os log\u00f3tipos personalizados nas embalagens e oferecemos v\u00e1rias op\u00e7\u00f5es de embalagem, incluindo caixas PET, caixas PVC e caixas de oferta.<\/li>\n<li><strong data-start=\"241\" data-end=\"266\" data-is-only-node=\"\">Op\u00e7\u00f5es de cor do punho:<\/strong> Aceitamos a personaliza\u00e7\u00e3o de cores, com 6-8 cores dispon\u00edveis em stock.<\/li>\n<\/ul>","protected":false},"featured_media":780,"comment_status":"closed","ping_status":"closed","template":"","meta":{"_acf_changed":false},"product_brand":[],"product_cat":[18,26],"product_tag":[],"class_list":{"0":"post-778","1":"product","2":"type-product","3":"status-publish","4":"has-post-thumbnail","6":"product_cat-cutlery-set-wholesale","7":"product_cat-plastic-handle-flatware-set","9":"first","10":"instock","11":"shipping-taxable","12":"product-type-simple"},"acf":[],"_links":{"self":[{"href":"https:\/\/www.huashunware.com\/pt\/wp-json\/wp\/v2\/product\/778","targetHints":{"allow":["GET"]}}],"collection":[{"href":"https:\/\/www.huashunware.com\/pt\/wp-json\/wp\/v2\/product"}],"about":[{"href":"https:\/\/www.huashunware.com\/pt\/wp-json\/wp\/v2\/types\/product"}],"replies":[{"embeddable":true,"href":"https:\/\/www.huashunware.com\/pt\/wp-json\/wp\/v2\/comments?post=778"}],"wp:featuredmedia":[{"embeddable":true,"href":"https:\/\/www.huashunware.com\/pt\/wp-json\/wp\/v2\/media\/780"}],"wp:attachment":[{"href":"https:\/\/www.huashunware.com\/pt\/wp-json\/wp\/v2\/media?parent=778"}],"wp:term":[{"taxonomy":"product_brand","embeddable":true,"href":"https:\/\/www.huashunware.com\/pt\/wp-json\/wp\/v2\/product_brand?post=778"},{"taxonomy":"product_cat","embeddable":true,"href":"https:\/\/www.huashunware.com\/pt\/wp-json\/wp\/v2\/product_cat?post=778"},{"taxonomy":"product_tag","embeddable":true,"href":"https:\/\/www.huashunware.com\/pt\/wp-json\/wp\/v2\/product_tag?post=778"}],"curies":[{"name":"wp","href":"https:\/\/api.w.org\/{rel}","templated":true}]}}