{"id":807,"date":"2025-10-18T07:37:59","date_gmt":"2025-10-18T07:30:46","guid":{"rendered":"https:\/\/www.huashunware.com\/?post_type=product&#038;p=807"},"modified":"2025-10-18T07:38:31","modified_gmt":"2025-10-18T07:38:31","slug":"custom-kid-plate-set-with-cute-frog-design","status":"publish","type":"product","link":"https:\/\/www.huashunware.com\/pt\/produto\/custom-kid-plate-set-with-cute-frog-design\/","title":{"rendered":"Conjunto de pratos personalizados para crian\u00e7as com um bonito design de sapo"},"content":{"rendered":"<div class=\"wp-block-columns is-layout-flex wp-container-core-columns-is-layout-9d6595d7 wp-block-columns-is-layout-flex\">\n<div class=\"wp-block-column is-layout-flow wp-block-column-is-layout-flow\">\n<h2 class=\"wp-block-heading\">Conjunto de pratos para crian\u00e7as Carater\u00edsticas:<\/h2>\n\n\n\n<p><strong>Seguro e n\u00e3o t\u00f3xico: <\/strong>Fabricado em silicone de qualidade alimentar normalizado nos EUA, o 100% \u00e9 isento de BPA e n\u00e3o \u00e9 t\u00f3xico, para que as crian\u00e7as tenham uma experi\u00eancia segura durante as refei\u00e7\u00f5es. Suave para a pele sens\u00edvel e completamente livre de quaisquer produtos qu\u00edmicos t\u00f3xicos para a paz de esp\u00edrito dos pais.<\/p>\n\n\n\n<p><strong>Utens\u00edlios em a\u00e7o inoxid\u00e1vel liso:<\/strong> A\u00e7o inoxid\u00e1vel com acabamento espelhado e cantos arredondados - dur\u00e1vel, resistente \u00e0 ferrugem e suave para as pequenas bocas. Concebidos para uma utiliza\u00e7\u00e3o quotidiana, estes utens\u00edlios combinam seguran\u00e7a com um brilho duradouro.<\/p>\n\n\n\n<p><strong>Base de suc\u00e7\u00e3o forte: <\/strong>A poderosa suc\u00e7\u00e3o mant\u00e9m o prato em superf\u00edcies lisas, resistindo a escorregadelas, quedas e derrames. Ajuda as crian\u00e7as a dominar a auto-alimenta\u00e7\u00e3o e a manter as mesas limpas e arrumadas.<\/p>\n\n\n\n<p><strong>Desenho ador\u00e1vel de um sapo:<\/strong> O bonito design da r\u00e3 torna a hora das refei\u00e7\u00f5es mais divertida e incentiva as crian\u00e7as a alimentarem-se sozinhas. O design brilhante e convidativo estimula a curiosidade e ajuda a desenvolver h\u00e1bitos alimentares saud\u00e1veis.<\/p>\n\n\n\n<p><strong>F\u00e1cil de limpar: <\/strong>Pode ser lavado na m\u00e1quina de lavar lou\u00e7a e \u00e9 r\u00e1pido de enxaguar, permitindo aos pais limparem tudo com facilidade e sem stress. A superf\u00edcie lisa de silicone torna os alimentos antiaderentes, facilitando a limpeza ap\u00f3s cada refei\u00e7\u00e3o.<\/p>\n<\/div>\n\n\n\n<div class=\"wp-block-column is-layout-flow wp-block-column-is-layout-flow\">\n<figure class=\"wp-block-image size-full\"><img decoding=\"async\" width=\"3072\" height=\"3072\" src=\"https:\/\/www.huashunware.com\/wp-content\/uploads\/2025\/10\/Custom-Kid-Plate-Set2.webp\" alt=\"Conjunto de pratos personalizados para crian\u00e7as2\" class=\"wp-image-809\" srcset=\"https:\/\/www.huashunware.com\/wp-content\/uploads\/2025\/10\/Custom-Kid-Plate-Set2.webp 3072w, https:\/\/www.huashunware.com\/wp-content\/uploads\/2025\/10\/Custom-Kid-Plate-Set2-300x300.webp 300w, https:\/\/www.huashunware.com\/wp-content\/uploads\/2025\/10\/Custom-Kid-Plate-Set2-150x150.webp 150w, https:\/\/www.huashunware.com\/wp-content\/uploads\/2025\/10\/Custom-Kid-Plate-Set2-768x768.webp 768w, https:\/\/www.huashunware.com\/wp-content\/uploads\/2025\/10\/Custom-Kid-Plate-Set2-12x12.webp 12w, https:\/\/www.huashunware.com\/wp-content\/uploads\/2025\/10\/Custom-Kid-Plate-Set2-1200x1200.webp 1200w, https:\/\/www.huashunware.com\/wp-content\/uploads\/2025\/10\/Custom-Kid-Plate-Set2-600x600.webp 600w, https:\/\/www.huashunware.com\/wp-content\/uploads\/2025\/10\/Custom-Kid-Plate-Set2-100x100.webp 100w\" sizes=\"(max-width: 3072px) 100vw, 3072px\" \/><\/figure>\n<\/div>\n<\/div>\n\n\n\n<p><\/p>","protected":false},"excerpt":{"rendered":"<p data-start=\"68\" data-end=\"340\">O conjunto de pratos personalizados para crian\u00e7as com um bonito design de r\u00e3 torna a hora das refei\u00e7\u00f5es divertida, segura e f\u00e1cil. Fabricado em silicone de qualidade alimentar e a\u00e7o inoxid\u00e1vel, \u00e9 isento de BPA, dur\u00e1vel e suave para as crian\u00e7as. A forte base de suc\u00e7\u00e3o mant\u00e9m o prato est\u00e1vel, enquanto o bonito design da r\u00e3 incentiva a auto-alimenta\u00e7\u00e3o. F\u00e1cil de limpar e perfeito para o uso quotidiano da fam\u00edlia.<\/p>\n<h2 class=\"brxe-product-title\">Conjunto de pratos para crian\u00e7as personalizados Atributos:<\/h2>\n<table>\n<thead>\n<tr>\n<th>Artigo<\/th>\n<th>Tamanho (C\u00d7L\u00d7A)<\/th>\n<th>Peso<\/th>\n<\/tr>\n<\/thead>\n<tbody>\n<tr>\n<td><strong>Caixa<\/strong><\/td>\n<td>225 \u00d7 192 \u00d7 35 mm<\/td>\n<td>369.4 g<\/td>\n<\/tr>\n<tr>\n<td><strong>Prato<\/strong><\/td>\n<td>195 \u00d7 155 \u00d7 33 mm<\/td>\n<td>230 g<\/td>\n<\/tr>\n<tr>\n<td><strong>Garfo<\/strong><\/td>\n<td>95 \u00d7 37 \u00d7 22 mm<\/td>\n<td>34.8 g<\/td>\n<\/tr>\n<tr>\n<td><strong>Colher<\/strong><\/td>\n<td>95 \u00d7 37 \u00d7 22 mm<\/td>\n<td>38.3 g<\/td>\n<\/tr>\n<\/tbody>\n<\/table>\n<p><strong>MOQ: 96 pe\u00e7as<\/strong><\/p>\n<h2 class=\"brxe-product-title\">Conjunto de pratos personalizados para crian\u00e7as:<\/h2>\n<ul>\n<li data-start=\"79\" data-end=\"146\">\n<p data-start=\"81\" data-end=\"146\"><strong data-start=\"81\" data-end=\"92\">Amostra:<\/strong> Amostra gr\u00e1tis dispon\u00edvel para teste antes da encomenda a granel<\/p>\n<\/li>\n<li data-start=\"147\" data-end=\"224\">\n<p data-start=\"149\" data-end=\"224\"><strong data-start=\"149\" data-end=\"176\">Pequenas encomendas com log\u00f3tipo:<\/strong> Aceitar encomendas de pequenas quantidades com log\u00f3tipo personalizado<\/p>\n<\/li>\n<li data-start=\"225\" data-end=\"302\">\n<p data-start=\"227\" data-end=\"302\"><strong data-start=\"227\" data-end=\"245\">Entrega r\u00e1pida:<\/strong> 4 cores em stock, as encomendas podem ser enviadas no prazo de 7 dias<\/p>\n<\/li>\n<li data-start=\"303\" data-end=\"415\">\n<p data-start=\"305\" data-end=\"415\"><strong data-start=\"305\" data-end=\"340\">Personaliza\u00e7\u00e3o da embalagem e do log\u00f3tipo:<\/strong> Apoio ao log\u00f3tipo personalizado na embalagem; escolha entre caixa PET, caixa PVC ou caixa de oferta<\/p>\n<\/li>\n<\/ul>","protected":false},"featured_media":810,"comment_status":"closed","ping_status":"closed","template":"","meta":{"_acf_changed":false},"product_brand":[],"product_cat":[19],"product_tag":[],"class_list":{"0":"post-807","1":"product","2":"type-product","3":"status-publish","4":"has-post-thumbnail","6":"product_cat-wholesale-kids-dinnerware","8":"first","9":"instock","10":"shipping-taxable","11":"product-type-simple"},"acf":[],"_links":{"self":[{"href":"https:\/\/www.huashunware.com\/pt\/wp-json\/wp\/v2\/product\/807","targetHints":{"allow":["GET"]}}],"collection":[{"href":"https:\/\/www.huashunware.com\/pt\/wp-json\/wp\/v2\/product"}],"about":[{"href":"https:\/\/www.huashunware.com\/pt\/wp-json\/wp\/v2\/types\/product"}],"replies":[{"embeddable":true,"href":"https:\/\/www.huashunware.com\/pt\/wp-json\/wp\/v2\/comments?post=807"}],"wp:featuredmedia":[{"embeddable":true,"href":"https:\/\/www.huashunware.com\/pt\/wp-json\/wp\/v2\/media\/810"}],"wp:attachment":[{"href":"https:\/\/www.huashunware.com\/pt\/wp-json\/wp\/v2\/media?parent=807"}],"wp:term":[{"taxonomy":"product_brand","embeddable":true,"href":"https:\/\/www.huashunware.com\/pt\/wp-json\/wp\/v2\/product_brand?post=807"},{"taxonomy":"product_cat","embeddable":true,"href":"https:\/\/www.huashunware.com\/pt\/wp-json\/wp\/v2\/product_cat?post=807"},{"taxonomy":"product_tag","embeddable":true,"href":"https:\/\/www.huashunware.com\/pt\/wp-json\/wp\/v2\/product_tag?post=807"}],"curies":[{"name":"wp","href":"https:\/\/api.w.org\/{rel}","templated":true}]}}