{"id":813,"date":"2025-10-18T07:53:10","date_gmt":"2025-10-18T07:47:08","guid":{"rendered":"https:\/\/www.huashunware.com\/?post_type=product&#038;p=813"},"modified":"2025-10-18T07:53:59","modified_gmt":"2025-10-18T07:53:59","slug":"custom-kids-tableware-christmas-cap-plate-set","status":"publish","type":"product","link":"https:\/\/www.huashunware.com\/pt\/produto\/custom-kids-tableware-christmas-cap-plate-set\/","title":{"rendered":"Servi\u00e7o de mesa para crian\u00e7as personalizado Conjunto de pratos com bon\u00e9 de Natal"},"content":{"rendered":"<div class=\"wp-block-columns is-layout-flex wp-container-core-columns-is-layout-9d6595d7 wp-block-columns-is-layout-flex\">\n<div class=\"wp-block-column is-layout-flow wp-block-column-is-layout-flow\">\n<h2 class=\"wp-block-heading\">Artigos de mesa personalizados para crian\u00e7as Carater\u00edsticas:<\/h2>\n\n\n\n<p><strong>Materiais seguros e n\u00e3o t\u00f3xicos:<\/strong> Fabricado em silicone de qualidade alimentar de primeira qualidade, de acordo com as normas americanas, sem BPA e n\u00e3o t\u00f3xico. Garante que todas as refei\u00e7\u00f5es s\u00e3o seguras, saud\u00e1veis e sem preocupa\u00e7\u00f5es para os mais pequenos.<\/p>\n\n\n\n<p><strong>Utens\u00edlios em a\u00e7o inoxid\u00e1vel liso:<\/strong> Fabricado em a\u00e7o inoxid\u00e1vel polido e com cantos arredondados para maior seguran\u00e7a. Dur\u00e1vel, resistente \u00e0 ferrugem e suave para bocas pequenas - perfeito para uso di\u00e1rio.<\/p>\n\n\n\n<p><strong>Base de suc\u00e7\u00e3o forte:<\/strong> O design de suc\u00e7\u00e3o potente adere firmemente a superf\u00edcies lisas para evitar escorregadelas, quedas e derrames. Mant\u00e9m a hora das refei\u00e7\u00f5es arrumada e ajuda as crian\u00e7as a ganhar confian\u00e7a na auto-alimenta\u00e7\u00e3o.<\/p>\n\n\n\n<p><strong>Desenho ador\u00e1vel de um gorro de Natal:<\/strong> A forma divertida do chap\u00e9u de Natal d\u00e1 um toque festivo a todas as refei\u00e7\u00f5es. O aspeto brilhante e divertido capta a aten\u00e7\u00e3o das crian\u00e7as e torna a refei\u00e7\u00e3o mais agrad\u00e1vel.<\/p>\n\n\n\n<p><strong>F\u00e1cil de limpar e de longa dura\u00e7\u00e3o:<\/strong> O silicone e o a\u00e7o inoxid\u00e1vel lav\u00e1veis na m\u00e1quina de lavar loi\u00e7a tornam a limpeza r\u00e1pida e sem esfor\u00e7o. Constru\u00eddo para durar durante a utiliza\u00e7\u00e3o di\u00e1ria, mantendo-se brilhante e seguro.<\/p>\n<\/div>\n\n\n\n<div class=\"wp-block-column is-layout-flow wp-block-column-is-layout-flow\">\n<figure class=\"wp-block-image size-full\"><img decoding=\"async\" width=\"3072\" height=\"3072\" src=\"https:\/\/www.huashunware.com\/wp-content\/uploads\/2025\/10\/Custom-Kids-Tableware3.webp\" alt=\"Artigos de mesa personalizados para crian\u00e7as3\" class=\"wp-image-816\" srcset=\"https:\/\/www.huashunware.com\/wp-content\/uploads\/2025\/10\/Custom-Kids-Tableware3.webp 3072w, https:\/\/www.huashunware.com\/wp-content\/uploads\/2025\/10\/Custom-Kids-Tableware3-300x300.webp 300w, https:\/\/www.huashunware.com\/wp-content\/uploads\/2025\/10\/Custom-Kids-Tableware3-150x150.webp 150w, https:\/\/www.huashunware.com\/wp-content\/uploads\/2025\/10\/Custom-Kids-Tableware3-768x768.webp 768w, https:\/\/www.huashunware.com\/wp-content\/uploads\/2025\/10\/Custom-Kids-Tableware3-12x12.webp 12w, https:\/\/www.huashunware.com\/wp-content\/uploads\/2025\/10\/Custom-Kids-Tableware3-1200x1200.webp 1200w, https:\/\/www.huashunware.com\/wp-content\/uploads\/2025\/10\/Custom-Kids-Tableware3-600x600.webp 600w, https:\/\/www.huashunware.com\/wp-content\/uploads\/2025\/10\/Custom-Kids-Tableware3-100x100.webp 100w\" sizes=\"(max-width: 3072px) 100vw, 3072px\" \/><\/figure>\n<\/div>\n<\/div>\n\n\n\n<p><\/p>","protected":false},"excerpt":{"rendered":"<p data-start=\"68\" data-end=\"340\">O conjunto de pratos de Natal personalizados para crian\u00e7as traz divers\u00e3o festiva e seguran\u00e7a \u00e0s refei\u00e7\u00f5es das crian\u00e7as. Fabricado em silicone de qualidade alimentar sem BPA com uma base de suc\u00e7\u00e3o forte, mant\u00e9m-se firme e \u00e9 f\u00e1cil de limpar. O bonito design do gorro de Natal faz as del\u00edcias das crian\u00e7as e torna a hora das refei\u00e7\u00f5es mais alegre durante toda a esta\u00e7\u00e3o.<\/p>\n<h2 class=\"brxe-product-title\">Artigos de mesa personalizados para crian\u00e7as Atributos:<\/h2>\n<table>\n<thead>\n<tr>\n<th>Artigo<\/th>\n<th>Tamanho (C\u00d7L\u00d7A)<\/th>\n<th>Peso<\/th>\n<\/tr>\n<\/thead>\n<tbody>\n<tr>\n<td><strong>Caixa<\/strong><\/td>\n<td>230 \u00d7 210 \u00d7 35 mm<\/td>\n<td>378.1 g<\/td>\n<\/tr>\n<tr>\n<td><strong>Prato<\/strong><\/td>\n<td>200 \u00d7 180 \u00d7 33 mm<\/td>\n<td>221 g<\/td>\n<\/tr>\n<tr>\n<td><strong>Garfo<\/strong><\/td>\n<td>104 \u00d7 30 \u00d7 24 mm<\/td>\n<td>34.8 g<\/td>\n<\/tr>\n<tr>\n<td><strong>Colher<\/strong><\/td>\n<td>104 \u00d7 30 \u00d7 24 mm<\/td>\n<td>39.4 g<\/td>\n<\/tr>\n<\/tbody>\n<\/table>\n<p><strong>MOQ: 96 pe\u00e7as<\/strong><\/p>\n<h2 class=\"brxe-product-title\">Servi\u00e7o de mesa personalizado para crian\u00e7as :<\/h2>\n<ul>\n<li data-start=\"79\" data-end=\"146\">\n<p data-start=\"81\" data-end=\"146\"><strong data-start=\"81\" data-end=\"92\">Amostra:<\/strong> Amostra gr\u00e1tis dispon\u00edvel para teste antes da encomenda a granel<\/p>\n<\/li>\n<li data-start=\"147\" data-end=\"224\">\n<p data-start=\"149\" data-end=\"224\"><strong data-start=\"149\" data-end=\"176\">Pequenas encomendas com log\u00f3tipo:<\/strong> Aceitar encomendas de pequenas quantidades com log\u00f3tipo personalizado<\/p>\n<\/li>\n<li data-start=\"225\" data-end=\"302\">\n<p data-start=\"227\" data-end=\"302\"><strong data-start=\"227\" data-end=\"245\">Entrega r\u00e1pida:<\/strong> 4 cores em stock, as encomendas podem ser enviadas no prazo de 7 dias<\/p>\n<\/li>\n<li data-start=\"303\" data-end=\"415\">\n<p data-start=\"305\" data-end=\"415\"><strong data-start=\"305\" data-end=\"340\">Personaliza\u00e7\u00e3o da embalagem e do log\u00f3tipo:<\/strong> Apoio ao log\u00f3tipo personalizado na embalagem; escolha entre caixa PET, caixa PVC ou caixa de oferta<\/p>\n<\/li>\n<\/ul>","protected":false},"featured_media":814,"comment_status":"closed","ping_status":"closed","template":"","meta":{"_acf_changed":false},"product_brand":[],"product_cat":[19],"product_tag":[],"class_list":{"0":"post-813","1":"product","2":"type-product","3":"status-publish","4":"has-post-thumbnail","6":"product_cat-wholesale-kids-dinnerware","8":"first","9":"instock","10":"shipping-taxable","11":"product-type-simple"},"acf":[],"_links":{"self":[{"href":"https:\/\/www.huashunware.com\/pt\/wp-json\/wp\/v2\/product\/813","targetHints":{"allow":["GET"]}}],"collection":[{"href":"https:\/\/www.huashunware.com\/pt\/wp-json\/wp\/v2\/product"}],"about":[{"href":"https:\/\/www.huashunware.com\/pt\/wp-json\/wp\/v2\/types\/product"}],"replies":[{"embeddable":true,"href":"https:\/\/www.huashunware.com\/pt\/wp-json\/wp\/v2\/comments?post=813"}],"wp:featuredmedia":[{"embeddable":true,"href":"https:\/\/www.huashunware.com\/pt\/wp-json\/wp\/v2\/media\/814"}],"wp:attachment":[{"href":"https:\/\/www.huashunware.com\/pt\/wp-json\/wp\/v2\/media?parent=813"}],"wp:term":[{"taxonomy":"product_brand","embeddable":true,"href":"https:\/\/www.huashunware.com\/pt\/wp-json\/wp\/v2\/product_brand?post=813"},{"taxonomy":"product_cat","embeddable":true,"href":"https:\/\/www.huashunware.com\/pt\/wp-json\/wp\/v2\/product_cat?post=813"},{"taxonomy":"product_tag","embeddable":true,"href":"https:\/\/www.huashunware.com\/pt\/wp-json\/wp\/v2\/product_tag?post=813"}],"curies":[{"name":"wp","href":"https:\/\/api.w.org\/{rel}","templated":true}]}}