{"id":819,"date":"2025-10-18T08:35:12","date_gmt":"2025-10-18T08:18:47","guid":{"rendered":"https:\/\/www.huashunware.com\/?post_type=product&#038;p=819"},"modified":"2025-10-18T08:36:03","modified_gmt":"2025-10-18T08:36:03","slug":"custom-kids-dinnerware-sets-yellow-duck-plate-set","status":"publish","type":"product","link":"https:\/\/www.huashunware.com\/pt\/produto\/custom-kids-dinnerware-sets-yellow-duck-plate-set\/","title":{"rendered":"Servi\u00e7o de jantar para crian\u00e7as personalizado Conjunto de pratos de pato amarelo"},"content":{"rendered":"<div class=\"wp-block-columns is-layout-flex wp-container-core-columns-is-layout-9d6595d7 wp-block-columns-is-layout-flex\">\n<div class=\"wp-block-column is-layout-flow wp-block-column-is-layout-flow\">\n<h2 class=\"wp-block-heading\">Conjuntos de loi\u00e7a personalizados para crian\u00e7as Carater\u00edsticas:<\/h2>\n\n\n\n<p><strong>Materiais seguros e adequados para crian\u00e7as:<\/strong> Fabricado em silicone de alta qualidade de qualidade alimentar dos EUA, completamente isento de BPA e n\u00e3o t\u00f3xico, garantindo um cuidado delicado para as bocas pequenas em todas as refei\u00e7\u00f5es.<\/p>\n\n\n\n<p><strong>Utens\u00edlios de a\u00e7o inoxid\u00e1vel duradouros:<\/strong> Os utens\u00edlios em a\u00e7o inoxid\u00e1vel polido com arestas arredondadas proporcionam uma utiliza\u00e7\u00e3o duradoura e evitam riscos ou cortes acidentais.<\/p>\n\n\n\n<p><strong>Design de suc\u00e7\u00e3o sem sujidade:<\/strong> A base de suc\u00e7\u00e3o forte mant\u00e9m os pratos firmemente colocados em mesas ou cadeiras altas, ajudando as crian\u00e7as a comer de forma independente e reduzindo os derrames.<\/p>\n\n\n\n<p><strong>Tema divertido do pato amarelo:<\/strong> O design brilhante e alegre do pato torna a hora da refei\u00e7\u00e3o envolvente e divertida, inspirando as crian\u00e7as a apreciarem a sua comida e a criarem h\u00e1bitos alimentares positivos.<\/p>\n\n\n\n<p><strong>Pr\u00e1tico e f\u00e1cil de manter:<\/strong> Lav\u00e1vel na m\u00e1quina de lavar lou\u00e7a e f\u00e1cil de enxaguar, este conjunto de pratos poupa tempo aos pais na limpeza, mantendo-se resistente e higi\u00e9nico.<\/p>\n<\/div>\n\n\n\n<div class=\"wp-block-column is-layout-flow wp-block-column-is-layout-flow\">\n<figure class=\"wp-block-image size-full\"><img decoding=\"async\" width=\"3072\" height=\"3072\" src=\"https:\/\/www.huashunware.com\/wp-content\/uploads\/2025\/10\/Custom-Kids-Dinnerware-Sets4.webp\" alt=\"Conjuntos de loi\u00e7a para crian\u00e7as personalizados4\" class=\"wp-image-823\" srcset=\"https:\/\/www.huashunware.com\/wp-content\/uploads\/2025\/10\/Custom-Kids-Dinnerware-Sets4.webp 3072w, https:\/\/www.huashunware.com\/wp-content\/uploads\/2025\/10\/Custom-Kids-Dinnerware-Sets4-300x300.webp 300w, https:\/\/www.huashunware.com\/wp-content\/uploads\/2025\/10\/Custom-Kids-Dinnerware-Sets4-150x150.webp 150w, https:\/\/www.huashunware.com\/wp-content\/uploads\/2025\/10\/Custom-Kids-Dinnerware-Sets4-768x768.webp 768w, https:\/\/www.huashunware.com\/wp-content\/uploads\/2025\/10\/Custom-Kids-Dinnerware-Sets4-12x12.webp 12w, https:\/\/www.huashunware.com\/wp-content\/uploads\/2025\/10\/Custom-Kids-Dinnerware-Sets4-1200x1200.webp 1200w, https:\/\/www.huashunware.com\/wp-content\/uploads\/2025\/10\/Custom-Kids-Dinnerware-Sets4-600x600.webp 600w, https:\/\/www.huashunware.com\/wp-content\/uploads\/2025\/10\/Custom-Kids-Dinnerware-Sets4-100x100.webp 100w\" sizes=\"(max-width: 3072px) 100vw, 3072px\" \/><\/figure>\n<\/div>\n<\/div>\n\n\n\n<p><\/p>","protected":false},"excerpt":{"rendered":"<p data-start=\"68\" data-end=\"340\">Os conjuntos de loi\u00e7a personalizados para crian\u00e7as tornam a hora das refei\u00e7\u00f5es divertida, segura e f\u00e1cil. Fabricado em silicone de qualidade alimentar sem BPA com utens\u00edlios de a\u00e7o inoxid\u00e1vel, \u00e9 dur\u00e1vel e \u00e0 prova de derrames. O design alegre do pato amarelo mant\u00e9m as crian\u00e7as ocupadas, sendo perfeito para utiliza\u00e7\u00e3o di\u00e1ria em casa ou em viagem.<\/p>\n<h2 class=\"brxe-product-title\">Conjuntos de loi\u00e7a para crian\u00e7as personalizados Atributos:<\/h2>\n<table>\n<thead>\n<tr>\n<th>Artigo<\/th>\n<th>Tamanho (C\u00d7L\u00d7A)<\/th>\n<th>Peso<\/th>\n<\/tr>\n<\/thead>\n<tbody>\n<tr>\n<td><strong>Caixa<\/strong><\/td>\n<td>230 \u00d7 210 \u00d7 35 mm<\/td>\n<td>405.6 g<\/td>\n<\/tr>\n<tr>\n<td><strong>Prato<\/strong><\/td>\n<td>197 \u00d7 175 \u00d7 33 mm<\/td>\n<td>242.5 g<\/td>\n<\/tr>\n<tr>\n<td><strong>Garfo<\/strong><\/td>\n<td>95 \u00d7 40 \u00d7 20 mm<\/td>\n<td>35.6 g<\/td>\n<\/tr>\n<tr>\n<td><strong>Colher<\/strong><\/td>\n<td>95 \u00d7 40 \u00d7 20 mm<\/td>\n<td>39.1 g<\/td>\n<\/tr>\n<\/tbody>\n<\/table>\n<p><strong>MOQ: 96 pe\u00e7as<\/strong><\/p>\n<h2 class=\"brxe-product-title\">Conjuntos de loi\u00e7a personalizados para crian\u00e7as:<\/h2>\n<ul>\n<li data-start=\"79\" data-end=\"146\">\n<p data-start=\"81\" data-end=\"146\"><strong data-start=\"81\" data-end=\"92\">Amostra:<\/strong> Amostra gr\u00e1tis dispon\u00edvel para teste antes da encomenda a granel<\/p>\n<\/li>\n<li data-start=\"147\" data-end=\"224\">\n<p data-start=\"149\" data-end=\"224\"><strong data-start=\"149\" data-end=\"176\">Pequenas encomendas com log\u00f3tipo:<\/strong> Aceitar encomendas de pequenas quantidades com um log\u00f3tipo personalizado<\/p>\n<\/li>\n<li data-start=\"225\" data-end=\"302\">\n<p data-start=\"227\" data-end=\"302\"><strong data-start=\"227\" data-end=\"245\">Entrega r\u00e1pida:<\/strong> 4 cores em stock, as encomendas podem ser enviadas no prazo de 7 dias<\/p>\n<\/li>\n<li data-start=\"303\" data-end=\"415\">\n<p data-start=\"305\" data-end=\"415\"><strong data-start=\"305\" data-end=\"340\">Personaliza\u00e7\u00e3o da embalagem e do log\u00f3tipo:<\/strong> Apoio ao log\u00f3tipo personalizado na embalagem; escolha entre caixa PET, caixa PVC ou caixa de oferta<\/p>\n<\/li>\n<\/ul>","protected":false},"featured_media":820,"comment_status":"closed","ping_status":"closed","template":"","meta":{"_acf_changed":false},"product_brand":[],"product_cat":[19],"product_tag":[],"class_list":{"0":"post-819","1":"product","2":"type-product","3":"status-publish","4":"has-post-thumbnail","6":"product_cat-wholesale-kids-dinnerware","8":"first","9":"instock","10":"shipping-taxable","11":"product-type-simple"},"acf":[],"_links":{"self":[{"href":"https:\/\/www.huashunware.com\/pt\/wp-json\/wp\/v2\/product\/819","targetHints":{"allow":["GET"]}}],"collection":[{"href":"https:\/\/www.huashunware.com\/pt\/wp-json\/wp\/v2\/product"}],"about":[{"href":"https:\/\/www.huashunware.com\/pt\/wp-json\/wp\/v2\/types\/product"}],"replies":[{"embeddable":true,"href":"https:\/\/www.huashunware.com\/pt\/wp-json\/wp\/v2\/comments?post=819"}],"wp:featuredmedia":[{"embeddable":true,"href":"https:\/\/www.huashunware.com\/pt\/wp-json\/wp\/v2\/media\/820"}],"wp:attachment":[{"href":"https:\/\/www.huashunware.com\/pt\/wp-json\/wp\/v2\/media?parent=819"}],"wp:term":[{"taxonomy":"product_brand","embeddable":true,"href":"https:\/\/www.huashunware.com\/pt\/wp-json\/wp\/v2\/product_brand?post=819"},{"taxonomy":"product_cat","embeddable":true,"href":"https:\/\/www.huashunware.com\/pt\/wp-json\/wp\/v2\/product_cat?post=819"},{"taxonomy":"product_tag","embeddable":true,"href":"https:\/\/www.huashunware.com\/pt\/wp-json\/wp\/v2\/product_tag?post=819"}],"curies":[{"name":"wp","href":"https:\/\/api.w.org\/{rel}","templated":true}]}}