{"id":825,"date":"2025-10-18T08:51:58","date_gmt":"2025-10-18T08:42:04","guid":{"rendered":"https:\/\/www.huashunware.com\/?post_type=product&#038;p=825"},"modified":"2025-10-18T09:06:56","modified_gmt":"2025-10-18T09:06:56","slug":"wholesale-kids-non-toxic-dinnerware-with-corn-design","status":"publish","type":"product","link":"https:\/\/www.huashunware.com\/pt\/produto\/wholesale-kids-non-toxic-dinnerware-with-corn-design\/","title":{"rendered":"Servi\u00e7o de jantar por grosso para crian\u00e7as n\u00e3o t\u00f3xico com desenho de milho"},"content":{"rendered":"<div class=\"wp-block-columns is-layout-flex wp-container-core-columns-is-layout-9d6595d7 wp-block-columns-is-layout-flex\">\n<div class=\"wp-block-column is-layout-flow wp-block-column-is-layout-flow\">\n<h2 class=\"wp-block-heading\">Carater\u00edsticas da lou\u00e7a de jantar n\u00e3o t\u00f3xica para crian\u00e7as por atacado:<\/h2>\n\n\n\n<p><strong>Materiais seguros e n\u00e3o t\u00f3xicos:<\/strong> Fabricado em silicone de qualidade alimentar normalizado nos EUA, o 100% n\u00e3o cont\u00e9m BPA e n\u00e3o \u00e9 t\u00f3xico, garantindo uma experi\u00eancia saud\u00e1vel e segura para as crian\u00e7as durante as refei\u00e7\u00f5es.<\/p>\n\n\n\n<p><strong>Utens\u00edlios de a\u00e7o inoxid\u00e1vel duradouros:<\/strong> O a\u00e7o inoxid\u00e1vel polido com arestas arredondadas e suaves proporciona uma utiliza\u00e7\u00e3o duradoura e protege as pequenas bocas de riscos.<\/p>\n\n\n\n<p><strong>Base de suc\u00e7\u00e3o forte:<\/strong> O design inovador de suc\u00e7\u00e3o fixa-se firmemente a superf\u00edcies lisas, evitando escorregadelas, quedas e derrames durante as refei\u00e7\u00f5es.<\/p>\n\n\n\n<p><strong>Desenho de milho divertido:<\/strong> O prato brilhante e l\u00fadico em forma de milho d\u00e1 um toque de divers\u00e3o \u00e0 refei\u00e7\u00e3o, encorajando as crian\u00e7as a apreciarem as suas refei\u00e7\u00f5es e a desenvolverem h\u00e1bitos alimentares saud\u00e1veis.<\/p>\n\n\n\n<p><strong>F\u00e1cil de limpar e de longa dura\u00e7\u00e3o:<\/strong> Os materiais lav\u00e1veis na m\u00e1quina de lavar loi\u00e7a facilitam a limpeza e a constru\u00e7\u00e3o de alta qualidade garante a durabilidade da utiliza\u00e7\u00e3o di\u00e1ria.<\/p>\n<\/div>\n\n\n\n<div class=\"wp-block-column is-layout-flow wp-block-column-is-layout-flow\">\n<figure class=\"wp-block-image size-full\"><img decoding=\"async\" width=\"3072\" height=\"3072\" src=\"https:\/\/www.huashunware.com\/wp-content\/uploads\/2025\/10\/Wholesale-Kids-Non-Toxic-Dinnerware3.webp\" alt=\"Servi\u00e7o de jantar n\u00e3o t\u00f3xico para crian\u00e7as por grosso3\" class=\"wp-image-828\" srcset=\"https:\/\/www.huashunware.com\/wp-content\/uploads\/2025\/10\/Wholesale-Kids-Non-Toxic-Dinnerware3.webp 3072w, https:\/\/www.huashunware.com\/wp-content\/uploads\/2025\/10\/Wholesale-Kids-Non-Toxic-Dinnerware3-300x300.webp 300w, https:\/\/www.huashunware.com\/wp-content\/uploads\/2025\/10\/Wholesale-Kids-Non-Toxic-Dinnerware3-150x150.webp 150w, https:\/\/www.huashunware.com\/wp-content\/uploads\/2025\/10\/Wholesale-Kids-Non-Toxic-Dinnerware3-768x768.webp 768w, https:\/\/www.huashunware.com\/wp-content\/uploads\/2025\/10\/Wholesale-Kids-Non-Toxic-Dinnerware3-12x12.webp 12w, https:\/\/www.huashunware.com\/wp-content\/uploads\/2025\/10\/Wholesale-Kids-Non-Toxic-Dinnerware3-1200x1200.webp 1200w, https:\/\/www.huashunware.com\/wp-content\/uploads\/2025\/10\/Wholesale-Kids-Non-Toxic-Dinnerware3-600x600.webp 600w, https:\/\/www.huashunware.com\/wp-content\/uploads\/2025\/10\/Wholesale-Kids-Non-Toxic-Dinnerware3-100x100.webp 100w\" sizes=\"(max-width: 3072px) 100vw, 3072px\" \/><\/figure>\n<\/div>\n<\/div>","protected":false},"excerpt":{"rendered":"<p data-start=\"68\" data-end=\"340\">A loi\u00e7a de jantar n\u00e3o t\u00f3xica para crian\u00e7as com design de milho torna a hora das refei\u00e7\u00f5es segura, divertida e f\u00e1cil. Feito de silicone de qualidade alimentar sem BPA com utens\u00edlios de a\u00e7o inoxid\u00e1vel, \u00e9 dur\u00e1vel e \u00e0 prova de derrames. O design alegre do milho mant\u00e9m as crian\u00e7as ocupadas e felizes enquanto comem.<\/p>\n<h2 class=\"brxe-product-title\">Atacado de lou\u00e7a de jantar n\u00e3o t\u00f3xica para crian\u00e7as Atributos:<\/h2>\n<table>\n<thead>\n<tr>\n<th>Artigo<\/th>\n<th>Tamanho (C\u00d7L\u00d7A)<\/th>\n<th>Peso<\/th>\n<\/tr>\n<\/thead>\n<tbody>\n<tr>\n<td><strong>Caixa<\/strong><\/td>\n<td>270 \u00d7 180 \u00d7 35 mm<\/td>\n<td>395.4 g<\/td>\n<\/tr>\n<tr>\n<td><strong>Prato<\/strong><\/td>\n<td>248 \u00d7 161 \u00d7 33 mm<\/td>\n<td>239 g<\/td>\n<\/tr>\n<tr>\n<td><strong>Garfo<\/strong><\/td>\n<td>116 \u00d7 38 \u00d7 19 mm<\/td>\n<td>35.3 g<\/td>\n<\/tr>\n<tr>\n<td><strong>Colher<\/strong><\/td>\n<td>116 \u00d7 38 \u00d7 19 mm<\/td>\n<td>39 g<\/td>\n<\/tr>\n<\/tbody>\n<\/table>\n<p><strong>MOQ: 96 pe\u00e7as<\/strong><\/p>\n<h2 class=\"brxe-product-title\">Conjuntos de loi\u00e7a n\u00e3o t\u00f3xica personalizados para crian\u00e7as:<\/h2>\n<ul>\n<li data-start=\"79\" data-end=\"146\">\n<p data-start=\"81\" data-end=\"146\"><strong data-start=\"81\" data-end=\"92\">Amostra:<\/strong> Amostra gr\u00e1tis dispon\u00edvel para teste antes da encomenda a granel<\/p>\n<\/li>\n<li data-start=\"147\" data-end=\"224\">\n<p data-start=\"149\" data-end=\"224\"><strong data-start=\"149\" data-end=\"176\">Pequenas encomendas com log\u00f3tipo:<\/strong> Aceitar encomendas de pequenas quantidades com um log\u00f3tipo personalizado<\/p>\n<\/li>\n<li data-start=\"225\" data-end=\"302\">\n<p data-start=\"227\" data-end=\"302\"><strong data-start=\"227\" data-end=\"245\">Entrega r\u00e1pida:<\/strong> 4 cores em stock, as encomendas podem ser enviadas no prazo de 7 dias<\/p>\n<\/li>\n<li data-start=\"303\" data-end=\"415\">\n<p data-start=\"305\" data-end=\"415\"><strong data-start=\"305\" data-end=\"340\">Personaliza\u00e7\u00e3o da embalagem e do log\u00f3tipo:<\/strong> Apoio ao log\u00f3tipo personalizado na embalagem; escolha entre caixa PET, caixa PVC ou caixa de oferta<\/p>\n<\/li>\n<\/ul>","protected":false},"featured_media":826,"comment_status":"closed","ping_status":"closed","template":"","meta":{"_acf_changed":false},"product_brand":[],"product_cat":[19],"product_tag":[],"class_list":{"0":"post-825","1":"product","2":"type-product","3":"status-publish","4":"has-post-thumbnail","6":"product_cat-wholesale-kids-dinnerware","8":"first","9":"instock","10":"shipping-taxable","11":"product-type-simple"},"acf":[],"_links":{"self":[{"href":"https:\/\/www.huashunware.com\/pt\/wp-json\/wp\/v2\/product\/825","targetHints":{"allow":["GET"]}}],"collection":[{"href":"https:\/\/www.huashunware.com\/pt\/wp-json\/wp\/v2\/product"}],"about":[{"href":"https:\/\/www.huashunware.com\/pt\/wp-json\/wp\/v2\/types\/product"}],"replies":[{"embeddable":true,"href":"https:\/\/www.huashunware.com\/pt\/wp-json\/wp\/v2\/comments?post=825"}],"wp:featuredmedia":[{"embeddable":true,"href":"https:\/\/www.huashunware.com\/pt\/wp-json\/wp\/v2\/media\/826"}],"wp:attachment":[{"href":"https:\/\/www.huashunware.com\/pt\/wp-json\/wp\/v2\/media?parent=825"}],"wp:term":[{"taxonomy":"product_brand","embeddable":true,"href":"https:\/\/www.huashunware.com\/pt\/wp-json\/wp\/v2\/product_brand?post=825"},{"taxonomy":"product_cat","embeddable":true,"href":"https:\/\/www.huashunware.com\/pt\/wp-json\/wp\/v2\/product_cat?post=825"},{"taxonomy":"product_tag","embeddable":true,"href":"https:\/\/www.huashunware.com\/pt\/wp-json\/wp\/v2\/product_tag?post=825"}],"curies":[{"name":"wp","href":"https:\/\/api.w.org\/{rel}","templated":true}]}}