{"id":831,"date":"2025-10-18T09:03:23","date_gmt":"2025-10-18T08:54:57","guid":{"rendered":"https:\/\/www.huashunware.com\/?post_type=product&#038;p=831"},"modified":"2025-10-18T09:05:21","modified_gmt":"2025-10-18T09:05:21","slug":"bulk-kids-non-toxic-dinnerware-strawberry-kids-plate-set","status":"publish","type":"product","link":"https:\/\/www.huashunware.com\/pt\/produto\/bulk-kids-non-toxic-dinnerware-strawberry-kids-plate-set\/","title":{"rendered":"Conjunto de pratos n\u00e3o t\u00f3xicos para crian\u00e7as Strawberry Kids"},"content":{"rendered":"<div class=\"wp-block-columns is-layout-flex wp-container-core-columns-is-layout-9d6595d7 wp-block-columns-is-layout-flex\">\n<div class=\"wp-block-column is-layout-flow wp-block-column-is-layout-flow\">\n<h2 class=\"wp-block-heading\">Loi\u00e7a de jantar n\u00e3o t\u00f3xica para crian\u00e7as a granel Carater\u00edsticas:<\/h2>\n\n\n\n<p><strong>Materiais saud\u00e1veis e n\u00e3o t\u00f3xicos:<\/strong> Fabricado em silicone de alta qualidade de qualidade alimentar padr\u00e3o dos EUA, sem BPA e n\u00e3o t\u00f3xico, garantindo refei\u00e7\u00f5es seguras para as crian\u00e7as todos os dias.<\/p>\n\n\n\n<p><strong>Utens\u00edlios de a\u00e7o inoxid\u00e1vel arredondados:<\/strong> Os utens\u00edlios em a\u00e7o inoxid\u00e1vel polido apresentam arestas suaves e arredondadas para uma utiliza\u00e7\u00e3o suave, evitando cortes e mantendo-se dur\u00e1veis para uma utiliza\u00e7\u00e3o a longo prazo.<\/p>\n\n\n\n<p><strong>Fixar a base da placa de suc\u00e7\u00e3o:<\/strong> A forte suc\u00e7\u00e3o segura firmemente o prato em mesas ou cadeiras altas, reduzindo a sujidade e ajudando as crian\u00e7as a comerem sozinhas com confian\u00e7a.<\/p>\n\n\n\n<p><strong>Delicioso design de morangos:<\/strong> O prato vibrante em forma de morango e os pormenores l\u00fadicos tornam a hora das refei\u00e7\u00f5es empolgante, incentivando as crian\u00e7as a terem h\u00e1bitos alimentares saud\u00e1veis.<\/p>\n\n\n\n<p><strong>F\u00e1cil manuten\u00e7\u00e3o e longevidade:<\/strong> Os materiais lav\u00e1veis na m\u00e1quina de lavar loi\u00e7a e resistentes a manchas tornam a limpeza r\u00e1pida e simples, enquanto a constru\u00e7\u00e3o robusta garante uma utiliza\u00e7\u00e3o duradoura.<\/p>\n<\/div>\n\n\n\n<div class=\"wp-block-column is-layout-flow wp-block-column-is-layout-flow\">\n<figure class=\"wp-block-image size-full\"><img decoding=\"async\" width=\"3072\" height=\"3072\" src=\"https:\/\/www.huashunware.com\/wp-content\/uploads\/2025\/10\/Bulk-Kids-Non-Toxic-Dinnerware4.webp\" alt=\"Lou\u00e7a de jantar n\u00e3o t\u00f3xica para crian\u00e7as a granel4\" class=\"wp-image-835\" srcset=\"https:\/\/www.huashunware.com\/wp-content\/uploads\/2025\/10\/Bulk-Kids-Non-Toxic-Dinnerware4.webp 3072w, https:\/\/www.huashunware.com\/wp-content\/uploads\/2025\/10\/Bulk-Kids-Non-Toxic-Dinnerware4-300x300.webp 300w, https:\/\/www.huashunware.com\/wp-content\/uploads\/2025\/10\/Bulk-Kids-Non-Toxic-Dinnerware4-150x150.webp 150w, https:\/\/www.huashunware.com\/wp-content\/uploads\/2025\/10\/Bulk-Kids-Non-Toxic-Dinnerware4-768x768.webp 768w, https:\/\/www.huashunware.com\/wp-content\/uploads\/2025\/10\/Bulk-Kids-Non-Toxic-Dinnerware4-12x12.webp 12w, https:\/\/www.huashunware.com\/wp-content\/uploads\/2025\/10\/Bulk-Kids-Non-Toxic-Dinnerware4-1200x1200.webp 1200w, https:\/\/www.huashunware.com\/wp-content\/uploads\/2025\/10\/Bulk-Kids-Non-Toxic-Dinnerware4-600x600.webp 600w, https:\/\/www.huashunware.com\/wp-content\/uploads\/2025\/10\/Bulk-Kids-Non-Toxic-Dinnerware4-100x100.webp 100w\" sizes=\"(max-width: 3072px) 100vw, 3072px\" \/><\/figure>\n<\/div>\n<\/div>","protected":false},"excerpt":{"rendered":"<p data-start=\"68\" data-end=\"340\">O conjunto de pratos de morango para crian\u00e7as, n\u00e3o t\u00f3xico, torna a hora das refei\u00e7\u00f5es segura, divertida e f\u00e1cil. Feito de silicone sem BPA com utens\u00edlios de a\u00e7o inoxid\u00e1vel, \u00e9 dur\u00e1vel e \u00e0 prova de derrames. O design giro do morango mant\u00e9m as crian\u00e7as ocupadas enquanto comem.<\/p>\n<h2 class=\"brxe-product-title\">Atacado de lou\u00e7a de jantar n\u00e3o t\u00f3xica para crian\u00e7as Atributos:<\/h2>\n<table>\n<thead>\n<tr>\n<th>Artigo<\/th>\n<th>Tamanho (C\u00d7L\u00d7A)<\/th>\n<th>Peso<\/th>\n<\/tr>\n<\/thead>\n<tbody>\n<tr>\n<td><strong>Caixa<\/strong><\/td>\n<td>230 \u00d7 210 \u00d7 35 mm<\/td>\n<td>413.9 g<\/td>\n<\/tr>\n<tr>\n<td><strong>Prato<\/strong><\/td>\n<td>200 \u00d7 180 \u00d7 33 mm<\/td>\n<td>258.3 g<\/td>\n<\/tr>\n<tr>\n<td><strong>Garfo<\/strong><\/td>\n<td>103 \u00d7 35 \u00d7 21 mm<\/td>\n<td>35.2 g<\/td>\n<\/tr>\n<tr>\n<td><strong>Colher<\/strong><\/td>\n<td>103 \u00d7 35 \u00d7 21 mm<\/td>\n<td>37.4 g<\/td>\n<\/tr>\n<\/tbody>\n<\/table>\n<p><strong>MOQ: 96 pe\u00e7as<\/strong><\/p>\n<h2 class=\"brxe-product-title\">Conjuntos de loi\u00e7a n\u00e3o t\u00f3xica personalizados para crian\u00e7as:<\/h2>\n<ul>\n<li data-start=\"79\" data-end=\"146\">\n<p data-start=\"81\" data-end=\"146\"><strong data-start=\"81\" data-end=\"92\">Amostra:<\/strong> Amostra gr\u00e1tis dispon\u00edvel para teste antes da encomenda a granel<\/p>\n<\/li>\n<li data-start=\"147\" data-end=\"224\">\n<p data-start=\"149\" data-end=\"224\"><strong data-start=\"149\" data-end=\"176\">Pequenas encomendas com log\u00f3tipo:<\/strong> Aceitar encomendas de pequenas quantidades com um log\u00f3tipo personalizado<\/p>\n<\/li>\n<li data-start=\"225\" data-end=\"302\">\n<p data-start=\"227\" data-end=\"302\"><strong data-start=\"227\" data-end=\"245\">Entrega r\u00e1pida:<\/strong> 4 cores em stock, as encomendas podem ser enviadas no prazo de 7 dias<\/p>\n<\/li>\n<li data-start=\"303\" data-end=\"415\">\n<p data-start=\"305\" data-end=\"415\"><strong data-start=\"305\" data-end=\"340\">Personaliza\u00e7\u00e3o da embalagem e do log\u00f3tipo:<\/strong> Apoio ao log\u00f3tipo personalizado na embalagem; escolha entre caixa PET, caixa PVC ou caixa de oferta<\/p>\n<\/li>\n<\/ul>","protected":false},"featured_media":833,"comment_status":"closed","ping_status":"closed","template":"","meta":{"_acf_changed":false},"product_brand":[],"product_cat":[19],"product_tag":[],"class_list":{"0":"post-831","1":"product","2":"type-product","3":"status-publish","4":"has-post-thumbnail","6":"product_cat-wholesale-kids-dinnerware","8":"first","9":"instock","10":"shipping-taxable","11":"product-type-simple"},"acf":[],"_links":{"self":[{"href":"https:\/\/www.huashunware.com\/pt\/wp-json\/wp\/v2\/product\/831","targetHints":{"allow":["GET"]}}],"collection":[{"href":"https:\/\/www.huashunware.com\/pt\/wp-json\/wp\/v2\/product"}],"about":[{"href":"https:\/\/www.huashunware.com\/pt\/wp-json\/wp\/v2\/types\/product"}],"replies":[{"embeddable":true,"href":"https:\/\/www.huashunware.com\/pt\/wp-json\/wp\/v2\/comments?post=831"}],"wp:featuredmedia":[{"embeddable":true,"href":"https:\/\/www.huashunware.com\/pt\/wp-json\/wp\/v2\/media\/833"}],"wp:attachment":[{"href":"https:\/\/www.huashunware.com\/pt\/wp-json\/wp\/v2\/media?parent=831"}],"wp:term":[{"taxonomy":"product_brand","embeddable":true,"href":"https:\/\/www.huashunware.com\/pt\/wp-json\/wp\/v2\/product_brand?post=831"},{"taxonomy":"product_cat","embeddable":true,"href":"https:\/\/www.huashunware.com\/pt\/wp-json\/wp\/v2\/product_cat?post=831"},{"taxonomy":"product_tag","embeddable":true,"href":"https:\/\/www.huashunware.com\/pt\/wp-json\/wp\/v2\/product_tag?post=831"}],"curies":[{"name":"wp","href":"https:\/\/api.w.org\/{rel}","templated":true}]}}