{"id":838,"date":"2025-10-22T02:22:02","date_gmt":"2025-10-22T02:05:39","guid":{"rendered":"https:\/\/www.huashunware.com\/?post_type=product&#038;p=838"},"modified":"2026-02-04T02:02:50","modified_gmt":"2026-02-04T02:02:50","slug":"bulk-stainless-flatware-black-handle-flatware-set-supply","status":"publish","type":"product","link":"https:\/\/www.huashunware.com\/pt\/produto\/bulk-stainless-flatware-black-handle-flatware-set-supply\/","title":{"rendered":"Talheres de a\u00e7o inoxid\u00e1vel a granel por atacado | F\u00e1brica de talheres Huashun"},"content":{"rendered":"<div class=\"wp-block-columns is-layout-flex wp-container-core-columns-is-layout-9d6595d7 wp-block-columns-is-layout-flex\">\n<div class=\"wp-block-column is-layout-flow wp-block-column-is-layout-flow\">\n<h2 class=\"wp-block-heading\">Talheres de a\u00e7o inoxid\u00e1vel a granel Carater\u00edsticas:<\/h2>\n\n\n\n<ol start=\"1\" class=\"wp-block-list\">\n<li><strong>Constru\u00e7\u00e3o em a\u00e7o inoxid\u00e1vel 18\/0 de qualidade superior<\/strong> Fabricados em a\u00e7o inoxid\u00e1vel 18\/0 de alta qualidade, estes talheres oferecem uma for\u00e7a superior, resist\u00eancia \u00e0 corros\u00e3o e um polimento espelhado de longa dura\u00e7\u00e3o.<\/li>\n\n\n\n<li><strong>Pegas ergon\u00f3micas cl\u00e1ssicas com rebite triplo<\/strong> apresentam um design intemporal de rebites triplos para m\u00e1xima durabilidade e um punho equilibrado e antiderrapante que garante conforto durante uma utiliza\u00e7\u00e3o prolongada.<\/li>\n\n\n\n<li><strong>Personaliza\u00e7\u00e3o multicolorida vibrante<\/strong> Os nossos puxadores utilizam tecnologia avan\u00e7ada de transfer\u00eancia de calor para fornecer v\u00e1rias cores (como o azul profundo ou o preto cl\u00e1ssico) que n\u00e3o descascam nem desbotam com o tempo.<\/li>\n\n\n\n<li><strong>Caixa de exposi\u00e7\u00e3o de 24 pe\u00e7as pronta para venda a retalho<\/strong> Apresenta-se numa caixa de oferta profissional de 24 pe\u00e7as (24 Couverts) com uma janela visual e uma pega de transporte - perfeita para as prateleiras dos supermercados europeus.<\/li>\n\n\n\n<li><strong>Pouca manuten\u00e7\u00e3o e lav\u00e1vel na m\u00e1quina de lavar lou\u00e7a, concebido para utiliza\u00e7\u00e3o em alta frequ\u00eancia<\/strong>Este conjunto mant\u00e9m o seu brilho e forma mesmo ap\u00f3s repetidas lavagens na m\u00e1quina, proporcionando uma solu\u00e7\u00e3o econ\u00f3mica.<\/li>\n\n\n\n<li><strong>Solu\u00e7\u00f5es flex\u00edveis de OEM\/ODM para produtos a granel<\/strong> A Huashun suporta log\u00f3tipos personalizados, embalagens \u00e0 medida e texturas de pega espec\u00edficas para ajudar os retalhistas globais e os compradores de hotelaria a constru\u00edrem as suas marcas.<\/li>\n<\/ol>\n<\/div>\n\n\n\n<div class=\"wp-block-column is-vertically-aligned-center is-layout-flow wp-block-column-is-layout-flow\">\n<figure class=\"wp-block-image size-full\"><img decoding=\"async\" width=\"800\" height=\"800\" src=\"https:\/\/www.huashunware.com\/wp-content\/uploads\/2025\/10\/Bulk-Stainless-Flatware3.webp\" alt=\"Talheres de a\u00e7o inoxid\u00e1vel a granel3\" class=\"wp-image-841\" srcset=\"https:\/\/www.huashunware.com\/wp-content\/uploads\/2025\/10\/Bulk-Stainless-Flatware3.webp 800w, https:\/\/www.huashunware.com\/wp-content\/uploads\/2025\/10\/Bulk-Stainless-Flatware3-300x300.webp 300w, https:\/\/www.huashunware.com\/wp-content\/uploads\/2025\/10\/Bulk-Stainless-Flatware3-150x150.webp 150w, https:\/\/www.huashunware.com\/wp-content\/uploads\/2025\/10\/Bulk-Stainless-Flatware3-768x768.webp 768w, https:\/\/www.huashunware.com\/wp-content\/uploads\/2025\/10\/Bulk-Stainless-Flatware3-12x12.webp 12w, https:\/\/www.huashunware.com\/wp-content\/uploads\/2025\/10\/Bulk-Stainless-Flatware3-600x600.webp 600w, https:\/\/www.huashunware.com\/wp-content\/uploads\/2025\/10\/Bulk-Stainless-Flatware3-100x100.webp 100w\" sizes=\"(max-width: 800px) 100vw, 800px\" \/><\/figure>\n\n\n\n<figure class=\"wp-block-image size-full\"><img decoding=\"async\" width=\"1728\" height=\"1728\" src=\"https:\/\/www.huashunware.com\/wp-content\/uploads\/2025\/10\/Bulk-Stainless-Flatware-Black-Handle-Flatware-Set-Supply-1.webp\" alt=\"Conjunto de talheres de a\u00e7o inoxid\u00e1vel a granel Conjunto de talheres com cabo preto\" class=\"wp-image-1275\" srcset=\"https:\/\/www.huashunware.com\/wp-content\/uploads\/2025\/10\/Bulk-Stainless-Flatware-Black-Handle-Flatware-Set-Supply-1.webp 1728w, https:\/\/www.huashunware.com\/wp-content\/uploads\/2025\/10\/Bulk-Stainless-Flatware-Black-Handle-Flatware-Set-Supply-1-300x300.webp 300w, https:\/\/www.huashunware.com\/wp-content\/uploads\/2025\/10\/Bulk-Stainless-Flatware-Black-Handle-Flatware-Set-Supply-1-150x150.webp 150w, https:\/\/www.huashunware.com\/wp-content\/uploads\/2025\/10\/Bulk-Stainless-Flatware-Black-Handle-Flatware-Set-Supply-1-768x768.webp 768w, https:\/\/www.huashunware.com\/wp-content\/uploads\/2025\/10\/Bulk-Stainless-Flatware-Black-Handle-Flatware-Set-Supply-1-12x12.webp 12w, https:\/\/www.huashunware.com\/wp-content\/uploads\/2025\/10\/Bulk-Stainless-Flatware-Black-Handle-Flatware-Set-Supply-1-1200x1200.webp 1200w, https:\/\/www.huashunware.com\/wp-content\/uploads\/2025\/10\/Bulk-Stainless-Flatware-Black-Handle-Flatware-Set-Supply-1-600x600.webp 600w, https:\/\/www.huashunware.com\/wp-content\/uploads\/2025\/10\/Bulk-Stainless-Flatware-Black-Handle-Flatware-Set-Supply-1-100x100.webp 100w\" sizes=\"(max-width: 1728px) 100vw, 1728px\" \/><\/figure>\n<\/div>\n<\/div>","protected":false},"excerpt":{"rendered":"<p data-start=\"1174\" data-end=\"1465\">O conjunto de talheres de cabo preto combina um design moderno com uma qualidade duradoura. Com a\u00e7o inoxid\u00e1vel dur\u00e1vel e pegas pretas impressas a quente, oferece conforto, estilo e versatilidade para casas, restaurantes e retalhistas.<\/p>\n<h2>Talheres de a\u00e7o inoxid\u00e1vel a granel Atributos:<\/h2>\n<table>\n<thead>\n<tr>\n<th>Artigo<\/th>\n<th>Peso (g)<\/th>\n<th>Comprimento (cm)<\/th>\n<th>Largura (cm)<\/th>\n<th>Espessura (mm)<\/th>\n<\/tr>\n<\/thead>\n<tbody>\n<tr>\n<td>Faca<\/td>\n<td>30.5<\/td>\n<td>21.0<\/td>\n<td>1.7<\/td>\n<td>1.5<\/td>\n<\/tr>\n<tr>\n<td>Garfo<\/td>\n<td>27.3<\/td>\n<td>19.5<\/td>\n<td>2.4<\/td>\n<td>1.5<\/td>\n<\/tr>\n<tr>\n<td>Colher<\/td>\n<td>36.0<\/td>\n<td>19.0<\/td>\n<td>3.6<\/td>\n<td>1.5<\/td>\n<\/tr>\n<tr>\n<td>Colher de ch\u00e1<\/td>\n<td>26.0<\/td>\n<td>16.5<\/td>\n<td>3.3<\/td>\n<td>1.5<\/td>\n<\/tr>\n<\/tbody>\n<\/table>\n<h2>Talheres de a\u00e7o inoxid\u00e1vel personalizados\uff1a<\/h2>\n<ul>\n<li>Amostra gr\u00e1tis: Poder\u00e1 estar dispon\u00edvel uma amostra gr\u00e1tis.<\/li>\n<li>Personaliza\u00e7\u00e3o da embalagem e do log\u00f3tipo: Apoiamos log\u00f3tipos personalizados na embalagem e oferecemos v\u00e1rias op\u00e7\u00f5es de embalagem, incluindo caixas PET, caixas PVC e caixas de oferta.<\/li>\n<li>Op\u00e7\u00f5es de cor do punho: A personaliza\u00e7\u00e3o da cor do cabo \u00e9 aceite, com 6-8 cores dispon\u00edveis em stock.<\/li>\n<\/ul>","protected":false},"featured_media":841,"comment_status":"closed","ping_status":"closed","template":"","meta":{"_acf_changed":false},"product_brand":[],"product_cat":[18,26],"product_tag":[],"class_list":{"0":"post-838","1":"product","2":"type-product","3":"status-publish","4":"has-post-thumbnail","6":"product_cat-cutlery-set-wholesale","7":"product_cat-plastic-handle-flatware-set","9":"first","10":"instock","11":"shipping-taxable","12":"product-type-simple"},"acf":[],"_links":{"self":[{"href":"https:\/\/www.huashunware.com\/pt\/wp-json\/wp\/v2\/product\/838","targetHints":{"allow":["GET"]}}],"collection":[{"href":"https:\/\/www.huashunware.com\/pt\/wp-json\/wp\/v2\/product"}],"about":[{"href":"https:\/\/www.huashunware.com\/pt\/wp-json\/wp\/v2\/types\/product"}],"replies":[{"embeddable":true,"href":"https:\/\/www.huashunware.com\/pt\/wp-json\/wp\/v2\/comments?post=838"}],"wp:featuredmedia":[{"embeddable":true,"href":"https:\/\/www.huashunware.com\/pt\/wp-json\/wp\/v2\/media\/841"}],"wp:attachment":[{"href":"https:\/\/www.huashunware.com\/pt\/wp-json\/wp\/v2\/media?parent=838"}],"wp:term":[{"taxonomy":"product_brand","embeddable":true,"href":"https:\/\/www.huashunware.com\/pt\/wp-json\/wp\/v2\/product_brand?post=838"},{"taxonomy":"product_cat","embeddable":true,"href":"https:\/\/www.huashunware.com\/pt\/wp-json\/wp\/v2\/product_cat?post=838"},{"taxonomy":"product_tag","embeddable":true,"href":"https:\/\/www.huashunware.com\/pt\/wp-json\/wp\/v2\/product_tag?post=838"}],"curies":[{"name":"wp","href":"https:\/\/api.w.org\/{rel}","templated":true}]}}