{"id":844,"date":"2025-10-22T02:42:30","date_gmt":"2025-10-22T02:28:04","guid":{"rendered":"https:\/\/www.huashunware.com\/?post_type=product&#038;p=844"},"modified":"2026-02-04T01:50:48","modified_gmt":"2026-02-04T01:50:48","slug":"bulk-stainless-steel-flatware-color-handle-flatware-wholesale","status":"publish","type":"product","link":"https:\/\/www.huashunware.com\/pt\/produto\/bulk-stainless-steel-flatware-color-handle-flatware-wholesale\/","title":{"rendered":"Talheres de a\u00e7o inoxid\u00e1vel a granel Talheres com cabo colorido por atacado"},"content":{"rendered":"<div class=\"wp-block-columns is-layout-flex wp-container-core-columns-is-layout-9d6595d7 wp-block-columns-is-layout-flex\">\n<div class=\"wp-block-column is-layout-flow wp-block-column-is-layout-flow\">\n<h2 class=\"wp-block-heading\">Talheres de a\u00e7o inoxid\u00e1vel a granel Carater\u00edsticas:<\/h2>\n\n\n\n<p><strong>Fabrico superior em a\u00e7o inoxid\u00e1vel<\/strong> Fabricadas em a\u00e7o inoxid\u00e1vel 18\/0 de alta qualidade, cada pe\u00e7a equilibra for\u00e7a e brilho, permanecendo resistente \u00e0 ferrugem mesmo ap\u00f3s anos de utiliza\u00e7\u00e3o di\u00e1ria.<\/p>\n\n\n\n<p><strong>Pegas de cores vibrantes e elegantes<\/strong> Apresenta uma pega vermelha arrojada de alto brilho com uma forma ergon\u00f3mica contempor\u00e2nea, concebida para combinar com qualquer ambiente de refei\u00e7\u00f5es, desde refei\u00e7\u00f5es em fam\u00edlia a restaurantes de luxo.<\/p>\n\n\n\n<p><strong>Acabamento polido espelhado de qualidade superior<\/strong> As cabe\u00e7as de metal s\u00e3o polidas com precis\u00e3o para um acabamento espelhado de alto brilho, garantindo bordos suaves e uma experi\u00eancia gastron\u00f3mica refinada e profissional.<\/p>\n\n\n\n<p><strong>Embalagem de oferta \u00fanica e transparente<\/strong> Apresentada numa impressionante caixa transparente, pronta para venda a retalho, com uma pega de transporte, \u00e9 uma escolha de alta visibilidade para supermercados e promo\u00e7\u00f5es de brindes premium.<\/p>\n\n\n\n<p><strong>Fornecimento fi\u00e1vel a granel e por grosso<\/strong> Como fabricante direto, <strong>Huashun<\/strong> oferece uma qualidade constante e uma entrega r\u00e1pida para encomendas de grande volume, fornecendo servi\u00e7os a retalhistas e empresas de hotelaria em todo o mundo.<\/p>\n\n\n\n<p><strong>Personaliza\u00e7\u00e3o total da marca e do log\u00f3tipo<\/strong> Aumente a sua presen\u00e7a no mercado com as nossas solu\u00e7\u00f5es OEM flex\u00edveis, incluindo cores de pega personalizadas, impress\u00e3o de log\u00f3tipos e designs de embalagens \u00e0 medida.<\/p>\n<\/div>\n\n\n\n<div class=\"wp-block-column is-vertically-aligned-center is-layout-flow wp-block-column-is-layout-flow\">\n<figure class=\"wp-block-image size-full\"><img decoding=\"async\" width=\"800\" height=\"800\" src=\"https:\/\/www.huashunware.com\/wp-content\/uploads\/2025\/10\/Bulk-Stainless-Steel-Flatware2.webp\" alt=\"Faqueiro de a\u00e7o inoxid\u00e1vel a granel2\" class=\"wp-image-850\" srcset=\"https:\/\/www.huashunware.com\/wp-content\/uploads\/2025\/10\/Bulk-Stainless-Steel-Flatware2.webp 800w, https:\/\/www.huashunware.com\/wp-content\/uploads\/2025\/10\/Bulk-Stainless-Steel-Flatware2-300x300.webp 300w, https:\/\/www.huashunware.com\/wp-content\/uploads\/2025\/10\/Bulk-Stainless-Steel-Flatware2-150x150.webp 150w, https:\/\/www.huashunware.com\/wp-content\/uploads\/2025\/10\/Bulk-Stainless-Steel-Flatware2-768x768.webp 768w, https:\/\/www.huashunware.com\/wp-content\/uploads\/2025\/10\/Bulk-Stainless-Steel-Flatware2-12x12.webp 12w, https:\/\/www.huashunware.com\/wp-content\/uploads\/2025\/10\/Bulk-Stainless-Steel-Flatware2-600x600.webp 600w, https:\/\/www.huashunware.com\/wp-content\/uploads\/2025\/10\/Bulk-Stainless-Steel-Flatware2-100x100.webp 100w\" sizes=\"(max-width: 800px) 100vw, 800px\" \/><\/figure>\n\n\n\n<figure class=\"wp-block-image size-full\"><img decoding=\"async\" width=\"2500\" height=\"2500\" src=\"https:\/\/www.huashunware.com\/wp-content\/uploads\/2025\/10\/Bulk-Stainless-Steel-Flatware-Color-Handle-Flatware-Wholesale-1.webp\" alt=\"Talheres de a\u00e7o inoxid\u00e1vel a granel Talheres com cabo colorido por atacado\" class=\"wp-image-1271\" srcset=\"https:\/\/www.huashunware.com\/wp-content\/uploads\/2025\/10\/Bulk-Stainless-Steel-Flatware-Color-Handle-Flatware-Wholesale-1.webp 2500w, https:\/\/www.huashunware.com\/wp-content\/uploads\/2025\/10\/Bulk-Stainless-Steel-Flatware-Color-Handle-Flatware-Wholesale-1-300x300.webp 300w, https:\/\/www.huashunware.com\/wp-content\/uploads\/2025\/10\/Bulk-Stainless-Steel-Flatware-Color-Handle-Flatware-Wholesale-1-150x150.webp 150w, https:\/\/www.huashunware.com\/wp-content\/uploads\/2025\/10\/Bulk-Stainless-Steel-Flatware-Color-Handle-Flatware-Wholesale-1-768x768.webp 768w, https:\/\/www.huashunware.com\/wp-content\/uploads\/2025\/10\/Bulk-Stainless-Steel-Flatware-Color-Handle-Flatware-Wholesale-1-12x12.webp 12w, https:\/\/www.huashunware.com\/wp-content\/uploads\/2025\/10\/Bulk-Stainless-Steel-Flatware-Color-Handle-Flatware-Wholesale-1-1200x1200.webp 1200w, https:\/\/www.huashunware.com\/wp-content\/uploads\/2025\/10\/Bulk-Stainless-Steel-Flatware-Color-Handle-Flatware-Wholesale-1-600x600.webp 600w, https:\/\/www.huashunware.com\/wp-content\/uploads\/2025\/10\/Bulk-Stainless-Steel-Flatware-Color-Handle-Flatware-Wholesale-1-100x100.webp 100w\" sizes=\"(max-width: 2500px) 100vw, 2500px\" \/><figcaption class=\"wp-element-caption\"><strong><mark style=\"background-color:rgba(0, 0, 0, 0);color:#dd3737\" class=\"has-inline-color\">Embalagem de exposi\u00e7\u00e3o requintada<\/mark><\/strong><\/figcaption><\/figure>\n<\/div>\n<\/div>\n\n\n\n<p><\/p>","protected":false},"excerpt":{"rendered":"<p data-start=\"1174\" data-end=\"1465\">Os talheres de a\u00e7o inoxid\u00e1vel a granel com pega colorida oferecem talheres elegantes e duradouros com pegas coloridas e embalagens personaliz\u00e1veis - perfeitos para retalhistas e empresas de hotelaria que procuram qualidade e flexibilidade de design.<\/p>\n<h2>Talheres de a\u00e7o inoxid\u00e1vel a granel Atributos:<\/h2>\n<table>\n<thead>\n<tr>\n<th>Artigo<\/th>\n<th>Peso (g)<\/th>\n<th>Comprimento (cm)<\/th>\n<th>Largura (cm)<\/th>\n<th>Espessura (mm)<\/th>\n<\/tr>\n<\/thead>\n<tbody>\n<tr>\n<td>Faca<\/td>\n<td>30.5<\/td>\n<td>21.0<\/td>\n<td>1.7<\/td>\n<td>1.5<\/td>\n<\/tr>\n<tr>\n<td>Garfo<\/td>\n<td>22.5<\/td>\n<td>19.5<\/td>\n<td>2.4<\/td>\n<td>1.5<\/td>\n<\/tr>\n<tr>\n<td>Colher<\/td>\n<td>36.0<\/td>\n<td>19.0<\/td>\n<td>3.6<\/td>\n<td>1.5<\/td>\n<\/tr>\n<tr>\n<td>Colher de ch\u00e1<\/td>\n<td>26.0<\/td>\n<td>15.2<\/td>\n<td>3.3<\/td>\n<td>1.5<\/td>\n<\/tr>\n<\/tbody>\n<\/table>\n<h2>Talheres de a\u00e7o inoxid\u00e1vel personalizados\uff1a<\/h2>\n<ul>\n<li>Amostra gr\u00e1tis: Poder\u00e1 estar dispon\u00edvel uma amostra gr\u00e1tis.<\/li>\n<li>Personaliza\u00e7\u00e3o da embalagem e do log\u00f3tipo: Apoiamos log\u00f3tipos personalizados na embalagem e oferecemos v\u00e1rias op\u00e7\u00f5es de embalagem, incluindo caixas PET, caixas PVC e caixas de oferta.<\/li>\n<li>Op\u00e7\u00f5es de cor do punho: A personaliza\u00e7\u00e3o da cor do cabo \u00e9 aceite, com 6-8 cores dispon\u00edveis em stock.<\/li>\n<\/ul>","protected":false},"featured_media":850,"comment_status":"closed","ping_status":"closed","template":"","meta":{"_acf_changed":false},"product_brand":[],"product_cat":[18,26],"product_tag":[],"class_list":{"0":"post-844","1":"product","2":"type-product","3":"status-publish","4":"has-post-thumbnail","6":"product_cat-cutlery-set-wholesale","7":"product_cat-plastic-handle-flatware-set","9":"first","10":"instock","11":"shipping-taxable","12":"product-type-simple"},"acf":[],"_links":{"self":[{"href":"https:\/\/www.huashunware.com\/pt\/wp-json\/wp\/v2\/product\/844","targetHints":{"allow":["GET"]}}],"collection":[{"href":"https:\/\/www.huashunware.com\/pt\/wp-json\/wp\/v2\/product"}],"about":[{"href":"https:\/\/www.huashunware.com\/pt\/wp-json\/wp\/v2\/types\/product"}],"replies":[{"embeddable":true,"href":"https:\/\/www.huashunware.com\/pt\/wp-json\/wp\/v2\/comments?post=844"}],"wp:featuredmedia":[{"embeddable":true,"href":"https:\/\/www.huashunware.com\/pt\/wp-json\/wp\/v2\/media\/850"}],"wp:attachment":[{"href":"https:\/\/www.huashunware.com\/pt\/wp-json\/wp\/v2\/media?parent=844"}],"wp:term":[{"taxonomy":"product_brand","embeddable":true,"href":"https:\/\/www.huashunware.com\/pt\/wp-json\/wp\/v2\/product_brand?post=844"},{"taxonomy":"product_cat","embeddable":true,"href":"https:\/\/www.huashunware.com\/pt\/wp-json\/wp\/v2\/product_cat?post=844"},{"taxonomy":"product_tag","embeddable":true,"href":"https:\/\/www.huashunware.com\/pt\/wp-json\/wp\/v2\/product_tag?post=844"}],"curies":[{"name":"wp","href":"https:\/\/api.w.org\/{rel}","templated":true}]}}