{"id":854,"date":"2025-10-22T06:57:27","date_gmt":"2025-10-22T06:42:00","guid":{"rendered":"https:\/\/www.huashunware.com\/?post_type=product&#038;p=854"},"modified":"2026-02-03T09:53:14","modified_gmt":"2026-02-03T09:53:14","slug":"wholesale-stainless-flatware-round-handle-cutlery","status":"publish","type":"product","link":"https:\/\/www.huashunware.com\/pt\/produto\/wholesale-stainless-flatware-round-handle-cutlery\/","title":{"rendered":"Talheres de cabo redondo de a\u00e7o inoxid\u00e1vel por atacado"},"content":{"rendered":"<div class=\"wp-block-columns is-layout-flex wp-container-core-columns-is-layout-9d6595d7 wp-block-columns-is-layout-flex\">\n<div class=\"wp-block-column is-layout-flow wp-block-column-is-layout-flow\">\n<h2 class=\"wp-block-heading\">Talheres de a\u00e7o inoxid\u00e1vel por atacado Carater\u00edsticas:<\/h2>\n\n\n\n<p><strong>Material em a\u00e7o inoxid\u00e1vel dur\u00e1vel<\/strong> \uff1a Fabricado em a\u00e7o inoxid\u00e1vel de alta qualidade, este talher oferece durabilidade excecional e um acabamento polido que permanece brilhante mesmo com o uso di\u00e1rio.<\/p>\n\n\n\n<p><strong>Design moderno de pega redonda:<\/strong> As pegas redondas suaves e vibrantes proporcionam um aspeto minimalista com uma pega confort\u00e1vel, perfeita para refei\u00e7\u00f5es informais e estilos de vida modernos.<\/p>\n\n\n\n<p><strong>Embalagens port\u00e1teis que poupam espa\u00e7o<\/strong>\uff1a \u00c9 fornecido em tubos transparentes compactos e eficientes que reduzem os custos de envio e tornam o conjunto perfeito para <strong>utiliza\u00e7\u00e3o em movimento ou em viagem<\/strong>.<\/p>\n\n\n\n<p><strong>Paleta de cores vibrantes e personalizadas<\/strong>\uff1a Dispon\u00edvel numa vasta gama de cores apelativas (como o laranja brilhante apresentado), permitindo-lhe corresponder \u00e0 sua marca ou \u00e0s tend\u00eancias de retalho sazonais.<\/p>\n\n\n\n<p><strong>Impress\u00e3o de log\u00f3tipo personalizado dispon\u00edvel<\/strong>\uff1a A embalagem e as pegas s\u00e3o concebidas para uma f\u00e1cil personaliza\u00e7\u00e3o do log\u00f3tipo, ajudando as marcas a aumentar a visibilidade para <strong>brindes promocionais<\/strong>.<\/p>\n\n\n\n<p><strong>Pre\u00e7os a granel rent\u00e1veis<\/strong>Oferecido a um pre\u00e7o competitivo por grosso, este conjunto equilibra qualidade e acessibilidade, tornando-o ideal para presentes de grande volume ou mercados de retalho de valor.<\/p>\n<\/div>\n\n\n\n<div class=\"wp-block-column is-vertically-aligned-center is-layout-flow wp-block-column-is-layout-flow\">\n<figure class=\"wp-block-image size-full\"><img decoding=\"async\" width=\"800\" height=\"800\" src=\"https:\/\/www.huashunware.com\/wp-content\/uploads\/2025\/10\/Wholesale-Stainless-Flatware1.webp\" alt=\"Talheres de a\u00e7o inoxid\u00e1vel por atacado1\" class=\"wp-image-855\" srcset=\"https:\/\/www.huashunware.com\/wp-content\/uploads\/2025\/10\/Wholesale-Stainless-Flatware1.webp 800w, https:\/\/www.huashunware.com\/wp-content\/uploads\/2025\/10\/Wholesale-Stainless-Flatware1-300x300.webp 300w, https:\/\/www.huashunware.com\/wp-content\/uploads\/2025\/10\/Wholesale-Stainless-Flatware1-150x150.webp 150w, https:\/\/www.huashunware.com\/wp-content\/uploads\/2025\/10\/Wholesale-Stainless-Flatware1-768x768.webp 768w, https:\/\/www.huashunware.com\/wp-content\/uploads\/2025\/10\/Wholesale-Stainless-Flatware1-12x12.webp 12w, https:\/\/www.huashunware.com\/wp-content\/uploads\/2025\/10\/Wholesale-Stainless-Flatware1-600x600.webp 600w, https:\/\/www.huashunware.com\/wp-content\/uploads\/2025\/10\/Wholesale-Stainless-Flatware1-100x100.webp 100w\" sizes=\"(max-width: 800px) 100vw, 800px\" \/><\/figure>\n\n\n\n<figure class=\"wp-block-image size-full\"><img decoding=\"async\" width=\"3072\" height=\"3072\" src=\"https:\/\/www.huashunware.com\/wp-content\/uploads\/2025\/10\/Wholesale-Stainless-Flatware-Round-Handle-Cutlery-1.webp\" alt=\"Talheres de cabo redondo de a\u00e7o inoxid\u00e1vel por atacado\" class=\"wp-image-1200\" srcset=\"https:\/\/www.huashunware.com\/wp-content\/uploads\/2025\/10\/Wholesale-Stainless-Flatware-Round-Handle-Cutlery-1.webp 3072w, https:\/\/www.huashunware.com\/wp-content\/uploads\/2025\/10\/Wholesale-Stainless-Flatware-Round-Handle-Cutlery-1-300x300.webp 300w, https:\/\/www.huashunware.com\/wp-content\/uploads\/2025\/10\/Wholesale-Stainless-Flatware-Round-Handle-Cutlery-1-150x150.webp 150w, https:\/\/www.huashunware.com\/wp-content\/uploads\/2025\/10\/Wholesale-Stainless-Flatware-Round-Handle-Cutlery-1-768x768.webp 768w, https:\/\/www.huashunware.com\/wp-content\/uploads\/2025\/10\/Wholesale-Stainless-Flatware-Round-Handle-Cutlery-1-12x12.webp 12w, https:\/\/www.huashunware.com\/wp-content\/uploads\/2025\/10\/Wholesale-Stainless-Flatware-Round-Handle-Cutlery-1-1200x1200.webp 1200w, https:\/\/www.huashunware.com\/wp-content\/uploads\/2025\/10\/Wholesale-Stainless-Flatware-Round-Handle-Cutlery-1-600x600.webp 600w, https:\/\/www.huashunware.com\/wp-content\/uploads\/2025\/10\/Wholesale-Stainless-Flatware-Round-Handle-Cutlery-1-100x100.webp 100w\" sizes=\"(max-width: 3072px) 100vw, 3072px\" \/><\/figure>\n<\/div>\n<\/div>","protected":false},"excerpt":{"rendered":"<p data-start=\"1174\" data-end=\"1465\">Os talheres de cabo redondo de a\u00e7o inoxid\u00e1vel por atacado oferecem talheres de a\u00e7o inoxid\u00e1vel dur\u00e1veis com cabos redondos elegantes, embalagem compacta e log\u00f3tipos personaliz\u00e1veis - perfeitos para promo\u00e7\u00f5es e vendas por atacado.<\/p>\n<h2 data-start=\"1174\" data-end=\"1465\">Atributos dos talheres de a\u00e7o inoxid\u00e1vel por atacado\uff1a<\/h2>\n<table>\n<thead>\n<tr>\n<th>Artigo<\/th>\n<th>Peso (g)<\/th>\n<th>Comprimento (cm)<\/th>\n<th>Largura (cm)<\/th>\n<th>Espessura (mm)<\/th>\n<\/tr>\n<\/thead>\n<tbody>\n<tr>\n<td>Faca<\/td>\n<td>27.2<\/td>\n<td>21.0<\/td>\n<td>1.7<\/td>\n<td>1.5<\/td>\n<\/tr>\n<tr>\n<td>Garfo<\/td>\n<td>22.5<\/td>\n<td>19.5<\/td>\n<td>2.4<\/td>\n<td>1.5<\/td>\n<\/tr>\n<tr>\n<td>Colher<\/td>\n<td>33.0<\/td>\n<td>18.5<\/td>\n<td>3.8<\/td>\n<td>1.5<\/td>\n<\/tr>\n<tr>\n<td>Colher de ch\u00e1<\/td>\n<td>26.0<\/td>\n<td>16.0<\/td>\n<td>3.2<\/td>\n<td>1.5<\/td>\n<\/tr>\n<\/tbody>\n<\/table>\n<h2>Talheres de a\u00e7o inoxid\u00e1vel personalizados\uff1a<\/h2>\n<ul>\n<li>Amostra gr\u00e1tis: Poder\u00e1 estar dispon\u00edvel uma amostra gr\u00e1tis.<\/li>\n<li>Personaliza\u00e7\u00e3o da embalagem e do log\u00f3tipo: Apoiamos log\u00f3tipos personalizados na embalagem e oferecemos v\u00e1rias op\u00e7\u00f5es de embalagem, incluindo caixas PET, caixas PVC e caixas de oferta.<\/li>\n<li>Op\u00e7\u00f5es de cor do punho: A personaliza\u00e7\u00e3o da cor do cabo \u00e9 aceite, com 6-8 cores dispon\u00edveis em stock.<\/li>\n<\/ul>","protected":false},"featured_media":855,"comment_status":"closed","ping_status":"closed","template":"","meta":{"_acf_changed":false},"product_brand":[],"product_cat":[18,26],"product_tag":[],"class_list":{"0":"post-854","1":"product","2":"type-product","3":"status-publish","4":"has-post-thumbnail","6":"product_cat-cutlery-set-wholesale","7":"product_cat-plastic-handle-flatware-set","9":"first","10":"instock","11":"shipping-taxable","12":"product-type-simple"},"acf":[],"_links":{"self":[{"href":"https:\/\/www.huashunware.com\/pt\/wp-json\/wp\/v2\/product\/854","targetHints":{"allow":["GET"]}}],"collection":[{"href":"https:\/\/www.huashunware.com\/pt\/wp-json\/wp\/v2\/product"}],"about":[{"href":"https:\/\/www.huashunware.com\/pt\/wp-json\/wp\/v2\/types\/product"}],"replies":[{"embeddable":true,"href":"https:\/\/www.huashunware.com\/pt\/wp-json\/wp\/v2\/comments?post=854"}],"wp:featuredmedia":[{"embeddable":true,"href":"https:\/\/www.huashunware.com\/pt\/wp-json\/wp\/v2\/media\/855"}],"wp:attachment":[{"href":"https:\/\/www.huashunware.com\/pt\/wp-json\/wp\/v2\/media?parent=854"}],"wp:term":[{"taxonomy":"product_brand","embeddable":true,"href":"https:\/\/www.huashunware.com\/pt\/wp-json\/wp\/v2\/product_brand?post=854"},{"taxonomy":"product_cat","embeddable":true,"href":"https:\/\/www.huashunware.com\/pt\/wp-json\/wp\/v2\/product_cat?post=854"},{"taxonomy":"product_tag","embeddable":true,"href":"https:\/\/www.huashunware.com\/pt\/wp-json\/wp\/v2\/product_tag?post=854"}],"curies":[{"name":"wp","href":"https:\/\/api.w.org\/{rel}","templated":true}]}}