{"id":861,"date":"2025-10-22T07:34:36","date_gmt":"2025-10-22T07:14:34","guid":{"rendered":"https:\/\/www.huashunware.com\/?post_type=product&#038;p=861"},"modified":"2026-02-03T09:45:39","modified_gmt":"2026-02-03T09:45:39","slug":"custom-stainless-flatware-with-black-handles","status":"publish","type":"product","link":"https:\/\/www.huashunware.com\/pt\/produto\/custom-stainless-flatware-with-black-handles\/","title":{"rendered":"Fabricante de talheres de a\u00e7o inoxid\u00e1vel personalizado | Huashun Cutlery"},"content":{"rendered":"<div class=\"wp-block-columns is-layout-flex wp-container-core-columns-is-layout-9d6595d7 wp-block-columns-is-layout-flex\">\n<div class=\"wp-block-column is-layout-flow wp-block-column-is-layout-flow\">\n<h2 class=\"wp-block-heading\">Talheres personalizados em a\u00e7o inoxid\u00e1vel Carater\u00edsticas:<\/h2>\n\n\n\n<p><strong>Constru\u00e7\u00e3o em a\u00e7o inoxid\u00e1vel refinado<\/strong> Fabricados em a\u00e7o inoxid\u00e1vel 18\/0 de alta qualidade, estes talheres s\u00e3o resistentes \u00e0 ferrugem e duradouros, garantindo uma combina\u00e7\u00e3o perfeita de resist\u00eancia e est\u00e9tica.<\/p>\n\n\n\n<p><strong>Pegas personalizadas Modern Matte:<\/strong> Com um acabamento mate elegante e um toque confort\u00e1vel e suave, os nossos puxadores conferem sofistica\u00e7\u00e3o a qualquer mesa e est\u00e3o dispon\u00edveis em v\u00e1rias cores. <strong>cores personalizadas<\/strong>.<\/p>\n\n\n\n<p><strong>Superf\u00edcie elegante polida com espelho<\/strong> As cabe\u00e7as de metal s\u00e3o polidas com precis\u00e3o para um acabamento espelhado de alto brilho, criando um contraste de primeira qualidade com os coloridos cabos mate.<\/p>\n\n\n\n<p><strong>Embalagem de oferta premium de 24 pe\u00e7as<\/strong> Apresentado num ambiente de luxo <strong>Caixa de exposi\u00e7\u00e3o com 24 pe\u00e7as<\/strong>Este conjunto est\u00e1 perfeitamente organizado para venda a retalho, ofertas de empresas ou utiliza\u00e7\u00e3o dom\u00e9stica premium.<\/p>\n\n\n\n<p><strong>Personaliza\u00e7\u00e3o da marca e do log\u00f3tipo<\/strong> Oferecemos solu\u00e7\u00f5es OEM completas, incluindo <strong>grava\u00e7\u00e3o de log\u00f3tipo personalizado<\/strong> e embalagens por medida, para ajudar a sua marca a causar um impacto memor\u00e1vel.<\/p>\n\n\n\n<p><strong>Op\u00e7\u00e3o econ\u00f3mica mas de alta qualidade<\/strong> A Huashun oferece uma apar\u00eancia de gama alta sem o custo elevado, proporcionando uma escolha rent\u00e1vel para encomendas a granel e venda a retalho promocional.<\/p>\n<\/div>\n\n\n\n<div class=\"wp-block-column is-vertically-aligned-center is-layout-flow wp-block-column-is-layout-flow\">\n<figure class=\"wp-block-image size-full\"><img decoding=\"async\" width=\"800\" height=\"800\" src=\"https:\/\/www.huashunware.com\/wp-content\/uploads\/2025\/10\/Custom-Stainless-Flatware1.webp\" alt=\"Talheres de a\u00e7o inoxid\u00e1vel personalizados1\" class=\"wp-image-862\" srcset=\"https:\/\/www.huashunware.com\/wp-content\/uploads\/2025\/10\/Custom-Stainless-Flatware1.webp 800w, https:\/\/www.huashunware.com\/wp-content\/uploads\/2025\/10\/Custom-Stainless-Flatware1-300x300.webp 300w, https:\/\/www.huashunware.com\/wp-content\/uploads\/2025\/10\/Custom-Stainless-Flatware1-150x150.webp 150w, https:\/\/www.huashunware.com\/wp-content\/uploads\/2025\/10\/Custom-Stainless-Flatware1-768x768.webp 768w, https:\/\/www.huashunware.com\/wp-content\/uploads\/2025\/10\/Custom-Stainless-Flatware1-12x12.webp 12w, https:\/\/www.huashunware.com\/wp-content\/uploads\/2025\/10\/Custom-Stainless-Flatware1-600x600.webp 600w, https:\/\/www.huashunware.com\/wp-content\/uploads\/2025\/10\/Custom-Stainless-Flatware1-100x100.webp 100w\" sizes=\"(max-width: 800px) 100vw, 800px\" \/><\/figure>\n\n\n\n<figure class=\"wp-block-image size-full\"><img decoding=\"async\" width=\"3686\" height=\"3686\" src=\"https:\/\/www.huashunware.com\/wp-content\/uploads\/2025\/10\/Custom-Stainless-Flatware-with-Black-Handles-1.webp\" alt=\"Talheres personalizados em a\u00e7o inoxid\u00e1vel com pegas pretas\" class=\"wp-image-1264\" srcset=\"https:\/\/www.huashunware.com\/wp-content\/uploads\/2025\/10\/Custom-Stainless-Flatware-with-Black-Handles-1.webp 3686w, https:\/\/www.huashunware.com\/wp-content\/uploads\/2025\/10\/Custom-Stainless-Flatware-with-Black-Handles-1-300x300.webp 300w, https:\/\/www.huashunware.com\/wp-content\/uploads\/2025\/10\/Custom-Stainless-Flatware-with-Black-Handles-1-150x150.webp 150w, https:\/\/www.huashunware.com\/wp-content\/uploads\/2025\/10\/Custom-Stainless-Flatware-with-Black-Handles-1-768x768.webp 768w, https:\/\/www.huashunware.com\/wp-content\/uploads\/2025\/10\/Custom-Stainless-Flatware-with-Black-Handles-1-12x12.webp 12w, https:\/\/www.huashunware.com\/wp-content\/uploads\/2025\/10\/Custom-Stainless-Flatware-with-Black-Handles-1-1200x1200.webp 1200w, https:\/\/www.huashunware.com\/wp-content\/uploads\/2025\/10\/Custom-Stainless-Flatware-with-Black-Handles-1-600x600.webp 600w, https:\/\/www.huashunware.com\/wp-content\/uploads\/2025\/10\/Custom-Stainless-Flatware-with-Black-Handles-1-100x100.webp 100w\" sizes=\"(max-width: 3686px) 100vw, 3686px\" \/><\/figure>\n<\/div>\n<\/div>","protected":false},"excerpt":{"rendered":"<p data-start=\"1174\" data-end=\"1465\">A Huashun oferece talheres personalizados em a\u00e7o inoxid\u00e1vel com pegas mate. A\u00e7o 18\/0 dur\u00e1vel, cores personalizadas vibrantes e embalagem para oferta. Ideal para marcas empresariais. Obter um or\u00e7amento!<\/p>\n<h2 data-start=\"1174\" data-end=\"1465\">Atributos dos talheres de a\u00e7o inoxid\u00e1vel personalizados\uff1a<\/h2>\n<table>\n<thead>\n<tr>\n<th>Artigo<\/th>\n<th>Peso (g)<\/th>\n<th>Comprimento (cm)<\/th>\n<th>Largura (cm)<\/th>\n<th>Espessura (mm)<\/th>\n<\/tr>\n<\/thead>\n<tbody>\n<tr>\n<td>Faca<\/td>\n<td>27.5<\/td>\n<td>21.0<\/td>\n<td>1.7<\/td>\n<td>1.5<\/td>\n<\/tr>\n<tr>\n<td>Garfo<\/td>\n<td>24.0<\/td>\n<td>19.5<\/td>\n<td>2.4<\/td>\n<td>1.5<\/td>\n<\/tr>\n<tr>\n<td>Colher<\/td>\n<td>33.0<\/td>\n<td>19.0<\/td>\n<td>3.8<\/td>\n<td>1.5<\/td>\n<\/tr>\n<tr>\n<td>Colher de ch\u00e1<\/td>\n<td>15.5<\/td>\n<td>15.5<\/td>\n<td>3.3<\/td>\n<td>1.5<\/td>\n<\/tr>\n<\/tbody>\n<\/table>\n<h2>Talheres de a\u00e7o inoxid\u00e1vel personalizados\uff1a<\/h2>\n<ul>\n<li>Amostra gr\u00e1tis: Poder\u00e1 estar dispon\u00edvel uma amostra gr\u00e1tis.<\/li>\n<li>Personaliza\u00e7\u00e3o da embalagem e do log\u00f3tipo: Apoiamos log\u00f3tipos personalizados na embalagem e oferecemos v\u00e1rias op\u00e7\u00f5es de embalagem, incluindo caixas PET, caixas PVC e caixas de oferta.<\/li>\n<li>Op\u00e7\u00f5es de cor do punho: A personaliza\u00e7\u00e3o da cor do cabo \u00e9 aceite, com 6-8 cores dispon\u00edveis em stock.<\/li>\n<\/ul>","protected":false},"featured_media":862,"comment_status":"closed","ping_status":"closed","template":"","meta":{"_acf_changed":false},"product_brand":[],"product_cat":[18,26],"product_tag":[],"class_list":{"0":"post-861","1":"product","2":"type-product","3":"status-publish","4":"has-post-thumbnail","6":"product_cat-cutlery-set-wholesale","7":"product_cat-plastic-handle-flatware-set","9":"first","10":"instock","11":"shipping-taxable","12":"product-type-simple"},"acf":[],"_links":{"self":[{"href":"https:\/\/www.huashunware.com\/pt\/wp-json\/wp\/v2\/product\/861","targetHints":{"allow":["GET"]}}],"collection":[{"href":"https:\/\/www.huashunware.com\/pt\/wp-json\/wp\/v2\/product"}],"about":[{"href":"https:\/\/www.huashunware.com\/pt\/wp-json\/wp\/v2\/types\/product"}],"replies":[{"embeddable":true,"href":"https:\/\/www.huashunware.com\/pt\/wp-json\/wp\/v2\/comments?post=861"}],"wp:featuredmedia":[{"embeddable":true,"href":"https:\/\/www.huashunware.com\/pt\/wp-json\/wp\/v2\/media\/862"}],"wp:attachment":[{"href":"https:\/\/www.huashunware.com\/pt\/wp-json\/wp\/v2\/media?parent=861"}],"wp:term":[{"taxonomy":"product_brand","embeddable":true,"href":"https:\/\/www.huashunware.com\/pt\/wp-json\/wp\/v2\/product_brand?post=861"},{"taxonomy":"product_cat","embeddable":true,"href":"https:\/\/www.huashunware.com\/pt\/wp-json\/wp\/v2\/product_cat?post=861"},{"taxonomy":"product_tag","embeddable":true,"href":"https:\/\/www.huashunware.com\/pt\/wp-json\/wp\/v2\/product_tag?post=861"}],"curies":[{"name":"wp","href":"https:\/\/api.w.org\/{rel}","templated":true}]}}