{"id":867,"date":"2025-10-23T02:31:02","date_gmt":"2025-10-23T01:58:38","guid":{"rendered":"https:\/\/www.huashunware.com\/?post_type=product&#038;p=867"},"modified":"2026-02-03T09:25:34","modified_gmt":"2026-02-03T09:25:34","slug":"wholesale-spoons-and-forks-premium-quality-silverware-sets","status":"publish","type":"product","link":"https:\/\/www.huashunware.com\/pt\/produto\/wholesale-spoons-and-forks-premium-quality-silverware-sets\/","title":{"rendered":"Colheres e garfos por atacado, conjuntos de talheres de qualidade superior"},"content":{"rendered":"<div class=\"wp-block-columns is-layout-flex wp-container-core-columns-is-layout-9d6595d7 wp-block-columns-is-layout-flex\">\n<div class=\"wp-block-column is-layout-flow wp-block-column-is-layout-flow\">\n<h2 class=\"wp-block-heading\">Colheres e garfos por atacado Carater\u00edsticas:<\/h2>\n\n\n\n<p><strong>A\u00e7o inoxid\u00e1vel 18\/0 de qualidade superior<\/strong> Fabricadas em a\u00e7o inoxid\u00e1vel 18\/0 de alta qualidade, estas colheres e garfos s\u00e3o resistentes \u00e0 ferrugem e cumprem totalmente a norma <strong>Normas de seguran\u00e7a alimentar da UE e dos EUA<\/strong>.<\/p>\n\n\n\n<p><strong>Acabamento profissional polido com espelho<\/strong> Cada pe\u00e7a apresenta um acabamento suave e refletor que d\u00e1 um toque refinado a qualquer mesa, desde refei\u00e7\u00f5es casuais em casa a eventos formais de catering.<\/p>\n\n\n\n<p><strong>Punho ergon\u00f3mico e equilibrado<\/strong> As pegas elegantes e aerodin\u00e2micas foram concebidas ergonomicamente para uma sensa\u00e7\u00e3o de conforto e equil\u00edbrio, tornando cada refei\u00e7\u00e3o mais agrad\u00e1vel e sem esfor\u00e7o.<\/p>\n\n\n\n<p><strong>Constru\u00e7\u00e3o dur\u00e1vel numa s\u00f3 pe\u00e7a<\/strong> O design integrado, totalmente em metal, garante a m\u00e1xima durabilidade e higiene, evitando res\u00edduos de alimentos e tornando o conjunto ideal para <strong>utiliza\u00e7\u00e3o comercial de alta frequ\u00eancia<\/strong>.<\/p>\n\n\n\n<p><strong>100% Lav\u00e1vel na m\u00e1quina de lavar lou\u00e7a<\/strong> Concebidos para resistir a uma limpeza di\u00e1ria pesada em ambientes industriais, estes utens\u00edlios n\u00e3o ficam manchados ou corro\u00eddos mesmo depois de <strong>milhares de ciclos de lavagem na m\u00e1quina<\/strong>.<\/p>\n\n\n\n<p><strong>Pre\u00e7os competitivos de venda por grosso a granel<\/strong> Como fabricante direto, <strong>Huashun<\/strong> oferece pre\u00e7os imbat\u00edveis para encomendas por grosso, apoiando log\u00f3tipos e embalagens personalizados para satisfazer as necessidades da sua empresa.<\/p>\n<\/div>\n\n\n\n<div class=\"wp-block-column is-vertically-aligned-center is-layout-flow wp-block-column-is-layout-flow\">\n<figure class=\"wp-block-image size-full\"><img decoding=\"async\" width=\"3072\" height=\"3072\" src=\"https:\/\/www.huashunware.com\/wp-content\/uploads\/2025\/10\/Wholesale-Spoons-and-Forks.png\" alt=\"Colheres e garfos por atacado\" class=\"wp-image-868\" srcset=\"https:\/\/www.huashunware.com\/wp-content\/uploads\/2025\/10\/Wholesale-Spoons-and-Forks.png 3072w, https:\/\/www.huashunware.com\/wp-content\/uploads\/2025\/10\/Wholesale-Spoons-and-Forks-300x300.png 300w, https:\/\/www.huashunware.com\/wp-content\/uploads\/2025\/10\/Wholesale-Spoons-and-Forks-150x150.png 150w, https:\/\/www.huashunware.com\/wp-content\/uploads\/2025\/10\/Wholesale-Spoons-and-Forks-768x768.png 768w, https:\/\/www.huashunware.com\/wp-content\/uploads\/2025\/10\/Wholesale-Spoons-and-Forks-12x12.png 12w, https:\/\/www.huashunware.com\/wp-content\/uploads\/2025\/10\/Wholesale-Spoons-and-Forks-1200x1200.png 1200w, https:\/\/www.huashunware.com\/wp-content\/uploads\/2025\/10\/Wholesale-Spoons-and-Forks-600x600.png 600w, https:\/\/www.huashunware.com\/wp-content\/uploads\/2025\/10\/Wholesale-Spoons-and-Forks-100x100.png 100w\" sizes=\"(max-width: 3072px) 100vw, 3072px\" \/><\/figure>\n<\/div>\n<\/div>","protected":false},"excerpt":{"rendered":"<p data-start=\"1174\" data-end=\"1465\">Colheres e garfos por grosso, conjuntos de talheres de qualidade superior. Fabricado em a\u00e7o inoxid\u00e1vel dur\u00e1vel, este elegante conjunto resiste ao embaciamento e \u00e0 corros\u00e3o, tornando-o perfeito para qualquer ocasi\u00e3o. Ideal para uso dom\u00e9stico e comercial, estes utens\u00edlios proporcionam conforto, estilo e qualidade duradoura a pre\u00e7os grossistas imbat\u00edveis.<\/p>\n<h2>Colheres e garfos personalizados\uff1a<\/h2>\n<ul>\n<li data-start=\"43\" data-end=\"124\">\n<p data-start=\"46\" data-end=\"76\"><strong data-start=\"46\" data-end=\"74\">Disponibilidade de amostras gr\u00e1tis\uff1a <\/strong>Oferecemos amostras gr\u00e1tis para a sua avalia\u00e7\u00e3o.<\/p>\n<\/li>\n<li data-start=\"126\" data-end=\"322\">\n<p data-start=\"129\" data-end=\"165\"><strong data-start=\"129\" data-end=\"163\">Op\u00e7\u00f5es de embalagem personaliz\u00e1veis\uff1a <\/strong>Apoiamos a personaliza\u00e7\u00e3o de log\u00f3tipos na embalagem. Voc\u00ea pode escolher entre v\u00e1rios estilos de embalagem, tais como: Caixa PET\\Caixa PVC\\Caixa de presente<\/p>\n<\/li>\n<li data-start=\"126\" data-end=\"322\">\n<p data-start=\"129\" data-end=\"165\"><strong data-start=\"327\" data-end=\"349\">Personaliza\u00e7\u00e3o do log\u00f3tipo:<\/strong>Aceitamos log\u00f3tipos gravados a laser ou log\u00f3tipos esculpidos no produto.<\/p>\n<div class=\"text-base my-auto mx-auto pb-10 [--thread-content-margin:--spacing(4)] thread-sm:[--thread-content-margin:--spacing(6)] thread-lg:[--thread-content-margin:--spacing(16)] px-(--thread-content-margin)\">\n<div class=\"[--thread-content-max-width:40rem] thread-lg:[--thread-content-max-width:48rem] mx-auto max-w-(--thread-content-max-width) flex-1 group\/turn-messages focus-visible:outline-hidden relative flex w-full min-w-0 flex-col agent-turn\" tabindex=\"-1\">\n<div class=\"flex max-w-full flex-col grow\">\n<div class=\"min-h-8 text-message relative flex w-full flex-col items-end gap-2 text-start break-words whitespace-normal [.text-message+&amp;]:mt-1\" dir=\"auto\" data-message-author-role=\"assistant\" data-message-id=\"aa2ae332-605b-4306-94e4-23a9dd06bf09\" data-message-model-slug=\"gpt-5-mini\">\n<div class=\"flex w-full flex-col gap-1 empty:hidden first:pt-[1px]\">\n<div class=\"markdown prose dark:prose-invert w-full break-words light markdown-new-styling\">\u00a0<\/div>\n<\/div>\n<\/div>\n<\/div>\n<\/div>\n<\/div>\n<\/li>\n<\/ul>","protected":false},"featured_media":868,"comment_status":"closed","ping_status":"closed","template":"","meta":{"_acf_changed":false},"product_brand":[],"product_cat":[18,27],"product_tag":[],"class_list":{"0":"post-867","1":"product","2":"type-product","3":"status-publish","4":"has-post-thumbnail","6":"product_cat-cutlery-set-wholesale","7":"product_cat-stainless-steel-flatware-set","9":"first","10":"instock","11":"shipping-taxable","12":"product-type-simple"},"acf":[],"_links":{"self":[{"href":"https:\/\/www.huashunware.com\/pt\/wp-json\/wp\/v2\/product\/867","targetHints":{"allow":["GET"]}}],"collection":[{"href":"https:\/\/www.huashunware.com\/pt\/wp-json\/wp\/v2\/product"}],"about":[{"href":"https:\/\/www.huashunware.com\/pt\/wp-json\/wp\/v2\/types\/product"}],"replies":[{"embeddable":true,"href":"https:\/\/www.huashunware.com\/pt\/wp-json\/wp\/v2\/comments?post=867"}],"wp:featuredmedia":[{"embeddable":true,"href":"https:\/\/www.huashunware.com\/pt\/wp-json\/wp\/v2\/media\/868"}],"wp:attachment":[{"href":"https:\/\/www.huashunware.com\/pt\/wp-json\/wp\/v2\/media?parent=867"}],"wp:term":[{"taxonomy":"product_brand","embeddable":true,"href":"https:\/\/www.huashunware.com\/pt\/wp-json\/wp\/v2\/product_brand?post=867"},{"taxonomy":"product_cat","embeddable":true,"href":"https:\/\/www.huashunware.com\/pt\/wp-json\/wp\/v2\/product_cat?post=867"},{"taxonomy":"product_tag","embeddable":true,"href":"https:\/\/www.huashunware.com\/pt\/wp-json\/wp\/v2\/product_tag?post=867"}],"curies":[{"name":"wp","href":"https:\/\/api.w.org\/{rel}","templated":true}]}}