{"id":872,"date":"2025-09-23T06:47:50","date_gmt":"2025-09-23T06:47:50","guid":{"rendered":"https:\/\/www.huashunware.com\/?post_type=product&#038;p=872"},"modified":"2026-02-05T02:58:27","modified_gmt":"2026-02-05T02:58:27","slug":"bulk-commercial-cutlery-with-wide-handle","status":"publish","type":"product","link":"https:\/\/www.huashunware.com\/pt\/produto\/bulk-commercial-cutlery-with-wide-handle\/","title":{"rendered":"Talheres comerciais a granel com cabo largo"},"content":{"rendered":"<div class=\"wp-block-columns is-layout-flex wp-container-core-columns-is-layout-9d6595d7 wp-block-columns-is-layout-flex\">\n<div class=\"wp-block-column is-layout-flow wp-block-column-is-layout-flow\">\n<h2 class=\"wp-block-heading\">Talheres comerciais a granel Carater\u00edsticas:<\/h2>\n\n\n\n<p><strong>Design ergon\u00f3mico da pega larga<\/strong>Os talheres apresentam uma pega larga e ergon\u00f3mica que oferece uma ader\u00eancia segura e confort\u00e1vel, reduzindo o esfor\u00e7o das m\u00e3os durante a utiliza\u00e7\u00e3o prolongada em ambientes comerciais. Perfeito para \u00e1reas de jantar de alto tr\u00e1fego, onde o conforto e a efici\u00eancia s\u00e3o essenciais.<\/p>\n\n\n\n<p><strong>Constru\u00e7\u00e3o em a\u00e7o inoxid\u00e1vel de alta qualidade<\/strong>\uff1a Constru\u00eddos em a\u00e7o inoxid\u00e1vel de primeira qualidade, estes talheres s\u00e3o fortes e resistentes \u00e0 ferrugem, manchas e corros\u00e3o, garantindo uma durabilidade a longo prazo, mesmo sob uso intenso em cozinhas comerciais e restaurantes.<\/p>\n\n\n\n<p><strong>Embalagem a granel para necessidades de grandes volumes<\/strong>\uff1a Concebidos para empresas com grandes volumes de clientes, os nossos pacotes a granel fornecem talheres suficientes para satisfazer as exig\u00eancias de cafetarias, servi\u00e7os de catering e outros estabelecimentos de elevado tr\u00e1fego, tornando-os econ\u00f3micos e eficientes.<\/p>\n\n\n\n<p><strong>F\u00e1cil de limpar e manter<\/strong>A superf\u00edcie lisa e polida dos talheres facilita a limpeza, seja \u00e0 m\u00e3o ou numa m\u00e1quina de lavar lou\u00e7a comercial. Isso garante manuten\u00e7\u00e3o m\u00ednima e um alto padr\u00e3o de higiene para o seu neg\u00f3cio.<\/p>\n\n\n\n<p><strong>Vers\u00e1til para v\u00e1rios estilos de refei\u00e7\u00f5es<\/strong>Adequado para uma vasta gama de alimentos e configura\u00e7\u00f5es de refei\u00e7\u00f5es, este talher \u00e9 perfeito para utiliza\u00e7\u00e3o em ambientes de refei\u00e7\u00f5es casuais e formais, oferecendo versatilidade que o torna uma excelente adi\u00e7\u00e3o a qualquer opera\u00e7\u00e3o de servi\u00e7o alimentar.<\/p>\n<\/div>\n\n\n\n<div class=\"wp-block-column is-vertically-aligned-center is-layout-flow wp-block-column-is-layout-flow\">\n<figure class=\"wp-block-image size-full\"><img decoding=\"async\" width=\"1536\" height=\"1536\" src=\"https:\/\/www.huashunware.com\/wp-content\/uploads\/2025\/09\/Bulk-Commercial-Cutlery-with-Wide-Handle1.webp\" alt=\"Talheres comerciais a granel com cabo largo1\" class=\"wp-image-1210\" srcset=\"https:\/\/www.huashunware.com\/wp-content\/uploads\/2025\/09\/Bulk-Commercial-Cutlery-with-Wide-Handle1.webp 1536w, https:\/\/www.huashunware.com\/wp-content\/uploads\/2025\/09\/Bulk-Commercial-Cutlery-with-Wide-Handle1-300x300.webp 300w, https:\/\/www.huashunware.com\/wp-content\/uploads\/2025\/09\/Bulk-Commercial-Cutlery-with-Wide-Handle1-150x150.webp 150w, https:\/\/www.huashunware.com\/wp-content\/uploads\/2025\/09\/Bulk-Commercial-Cutlery-with-Wide-Handle1-768x768.webp 768w, https:\/\/www.huashunware.com\/wp-content\/uploads\/2025\/09\/Bulk-Commercial-Cutlery-with-Wide-Handle1-12x12.webp 12w, https:\/\/www.huashunware.com\/wp-content\/uploads\/2025\/09\/Bulk-Commercial-Cutlery-with-Wide-Handle1-1200x1200.webp 1200w, https:\/\/www.huashunware.com\/wp-content\/uploads\/2025\/09\/Bulk-Commercial-Cutlery-with-Wide-Handle1-600x600.webp 600w, https:\/\/www.huashunware.com\/wp-content\/uploads\/2025\/09\/Bulk-Commercial-Cutlery-with-Wide-Handle1-100x100.webp 100w\" sizes=\"(max-width: 1536px) 100vw, 1536px\" \/><\/figure>\n\n\n\n<figure class=\"wp-block-image size-full\"><img decoding=\"async\" width=\"3072\" height=\"3072\" src=\"https:\/\/www.huashunware.com\/wp-content\/uploads\/2025\/10\/Bulk-Commercial-Cutlery1.webp\" alt=\"Talheres comerciais a granel1\" class=\"wp-image-873\" srcset=\"https:\/\/www.huashunware.com\/wp-content\/uploads\/2025\/10\/Bulk-Commercial-Cutlery1.webp 3072w, https:\/\/www.huashunware.com\/wp-content\/uploads\/2025\/10\/Bulk-Commercial-Cutlery1-300x300.webp 300w, https:\/\/www.huashunware.com\/wp-content\/uploads\/2025\/10\/Bulk-Commercial-Cutlery1-150x150.webp 150w, https:\/\/www.huashunware.com\/wp-content\/uploads\/2025\/10\/Bulk-Commercial-Cutlery1-768x768.webp 768w, https:\/\/www.huashunware.com\/wp-content\/uploads\/2025\/10\/Bulk-Commercial-Cutlery1-12x12.webp 12w, https:\/\/www.huashunware.com\/wp-content\/uploads\/2025\/10\/Bulk-Commercial-Cutlery1-1200x1200.webp 1200w, https:\/\/www.huashunware.com\/wp-content\/uploads\/2025\/10\/Bulk-Commercial-Cutlery1-600x600.webp 600w, https:\/\/www.huashunware.com\/wp-content\/uploads\/2025\/10\/Bulk-Commercial-Cutlery1-100x100.webp 100w\" sizes=\"(max-width: 3072px) 100vw, 3072px\" \/><\/figure>\n<\/div>\n<\/div>","protected":false},"excerpt":{"rendered":"<p data-start=\"1174\" data-end=\"1465\">Os nossos talheres comerciais a granel com pega larga foram concebidos para ambientes de servi\u00e7o alimentar de grande volume. Com uma constru\u00e7\u00e3o dur\u00e1vel em a\u00e7o inoxid\u00e1vel, oferece uma pega larga ergon\u00f3mica e confort\u00e1vel para um manuseamento f\u00e1cil durante longos turnos. Perfeitos para restaurantes, cafetarias e servi\u00e7os de catering, estes talheres s\u00e3o f\u00e1ceis de limpar e foram concebidos para resistir \u00e0 utiliza\u00e7\u00e3o di\u00e1ria.<\/p>\n<h2 data-start=\"1174\" data-end=\"1465\">Atributo de talheres comerciais por atacado\uff1a<\/h2>\n<table>\n<thead>\n<tr>\n<th><strong>Artigo<\/strong><\/th>\n<th><strong>Peso<\/strong><\/th>\n<th><strong>Dimens\u00f5es (C x L)<\/strong><\/th>\n<th><strong>Espessura<\/strong><\/th>\n<\/tr>\n<\/thead>\n<tbody>\n<tr>\n<td><strong>Faca de jantar<\/strong><\/td>\n<td>72g<\/td>\n<td>23 cm x 2 cm<\/td>\n<td>5 mm<\/td>\n<\/tr>\n<tr>\n<td><strong>Faca para bife<\/strong><\/td>\n<td>69.5g<\/td>\n<td>22,5 cm x 1,8 cm<\/td>\n<td>5 mm<\/td>\n<\/tr>\n<tr>\n<td><strong>Garfo<\/strong><\/td>\n<td>36.3g<\/td>\n<td>20,5 cm x 2,5 cm<\/td>\n<td>2,2 mm<\/td>\n<\/tr>\n<tr>\n<td><strong>Colher<\/strong><\/td>\n<td>48g<\/td>\n<td>20,5 cm x 4,2 cm<\/td>\n<td>2,2 mm<\/td>\n<\/tr>\n<tr>\n<td><strong>Colher de ch\u00e1<\/strong><\/td>\n<td>21.5g<\/td>\n<td>15 cm x 3 cm<\/td>\n<td>2 mm<\/td>\n<\/tr>\n<\/tbody>\n<\/table>\n<h2>Talheres comerciais personalizados\uff1a<\/h2>\n<ul>\n<li data-start=\"43\" data-end=\"124\">\n<p data-start=\"46\" data-end=\"76\"><strong data-start=\"46\" data-end=\"74\">Disponibilidade de amostras gr\u00e1tis\uff1a <\/strong>Fornecemos amostras gr\u00e1tis para a sua avalia\u00e7\u00e3o.<\/p>\n<\/li>\n<li data-start=\"126\" data-end=\"322\">\n<p data-start=\"129\" data-end=\"165\"><strong data-start=\"129\" data-end=\"163\">Op\u00e7\u00f5es de embalagem personaliz\u00e1veis\uff1a <\/strong>Apoiamos a personaliza\u00e7\u00e3o de log\u00f3tipos na embalagem. Pode escolher entre v\u00e1rios estilos de embalagem, tais como: Caixa PETCaixa PVCCaixa de oferta<\/p>\n<\/li>\n<li data-start=\"126\" data-end=\"322\">\n<p data-start=\"129\" data-end=\"165\"><strong data-start=\"327\" data-end=\"349\">Personaliza\u00e7\u00e3o do log\u00f3tipo: <\/strong>Aceitamos log\u00f3tipos gravados a laser ou log\u00f3tipos esculpidos no produto.<\/p>\n<div class=\"text-base my-auto mx-auto pb-10 [--thread-content-margin:--spacing(4)] thread-sm:[--thread-content-margin:--spacing(6)] thread-lg:[--thread-content-margin:--spacing(16)] px-(--thread-content-margin)\">\n<div class=\"[--thread-content-max-width:40rem] thread-lg:[--thread-content-max-width:48rem] mx-auto max-w-(--thread-content-max-width) flex-1 group\/turn-messages focus-visible:outline-hidden relative flex w-full min-w-0 flex-col agent-turn\" tabindex=\"-1\">\n<div class=\"flex max-w-full flex-col grow\">\n<div class=\"min-h-8 text-message relative flex w-full flex-col items-end gap-2 text-start break-words whitespace-normal [.text-message+&amp;]:mt-1\" dir=\"auto\" data-message-author-role=\"assistant\" data-message-id=\"aa2ae332-605b-4306-94e4-23a9dd06bf09\" data-message-model-slug=\"gpt-5-mini\">\n<div class=\"flex w-full flex-col gap-1 empty:hidden first:pt-[1px]\">\n<div class=\"markdown prose dark:prose-invert w-full break-words light markdown-new-styling\">\u00a0<\/div>\n<\/div>\n<\/div>\n<\/div>\n<\/div>\n<\/div>\n<\/li>\n<\/ul>","protected":false},"featured_media":873,"comment_status":"closed","ping_status":"closed","template":"","meta":{"_acf_changed":false},"product_brand":[],"product_cat":[18,27],"product_tag":[],"class_list":{"0":"post-872","1":"product","2":"type-product","3":"status-publish","4":"has-post-thumbnail","6":"product_cat-cutlery-set-wholesale","7":"product_cat-stainless-steel-flatware-set","9":"first","10":"instock","11":"shipping-taxable","12":"product-type-simple"},"acf":[],"_links":{"self":[{"href":"https:\/\/www.huashunware.com\/pt\/wp-json\/wp\/v2\/product\/872","targetHints":{"allow":["GET"]}}],"collection":[{"href":"https:\/\/www.huashunware.com\/pt\/wp-json\/wp\/v2\/product"}],"about":[{"href":"https:\/\/www.huashunware.com\/pt\/wp-json\/wp\/v2\/types\/product"}],"replies":[{"embeddable":true,"href":"https:\/\/www.huashunware.com\/pt\/wp-json\/wp\/v2\/comments?post=872"}],"wp:featuredmedia":[{"embeddable":true,"href":"https:\/\/www.huashunware.com\/pt\/wp-json\/wp\/v2\/media\/873"}],"wp:attachment":[{"href":"https:\/\/www.huashunware.com\/pt\/wp-json\/wp\/v2\/media?parent=872"}],"wp:term":[{"taxonomy":"product_brand","embeddable":true,"href":"https:\/\/www.huashunware.com\/pt\/wp-json\/wp\/v2\/product_brand?post=872"},{"taxonomy":"product_cat","embeddable":true,"href":"https:\/\/www.huashunware.com\/pt\/wp-json\/wp\/v2\/product_cat?post=872"},{"taxonomy":"product_tag","embeddable":true,"href":"https:\/\/www.huashunware.com\/pt\/wp-json\/wp\/v2\/product_tag?post=872"}],"curies":[{"name":"wp","href":"https:\/\/api.w.org\/{rel}","templated":true}]}}