{"id":876,"date":"2025-09-23T07:36:58","date_gmt":"2025-09-23T07:36:58","guid":{"rendered":"https:\/\/www.huashunware.com\/?post_type=product&#038;p=876"},"modified":"2026-01-26T08:04:55","modified_gmt":"2026-01-26T08:04:55","slug":"factory-direct-bulk-flatware-set-supply","status":"publish","type":"product","link":"https:\/\/www.huashunware.com\/pt\/produto\/factory-direct-bulk-flatware-set-supply\/","title":{"rendered":"Fornecimento direto da f\u00e1brica de conjuntos de talheres a granel"},"content":{"rendered":"<div class=\"wp-block-columns is-layout-flex wp-container-core-columns-is-layout-9d6595d7 wp-block-columns-is-layout-flex\">\n<div class=\"wp-block-column is-layout-flow wp-block-column-is-layout-flow\">\n<h2 class=\"wp-block-heading\">Conjunto de talheres a granel direto da f\u00e1brica Carater\u00edsticas:<\/h2>\n\n\n\n<p><strong>Pre\u00e7o direto de f\u00e1brica: <\/strong>Compre diretamente \u00e0 f\u00e1brica a pre\u00e7os imbat\u00edveis para encomendas a granel e desfrute do melhor valor para talheres de qualidade.<\/p>\n\n\n\n<p><strong>Artesanato Premium Portugal: <\/strong>Fabricado \u00e0 m\u00e3o em Portugal, famoso pela sua tradi\u00e7\u00e3o na produ\u00e7\u00e3o de talheres de qualidade, para garantir a eleg\u00e2ncia e a durabilidade de cada pe\u00e7a.<\/p>\n\n\n\n<p><strong>Ideal para compras a granel: <\/strong>Ideal para restaurantes, hot\u00e9is e empresas de catering que necessitam de talheres de alta qualidade e em grandes quantidades sem comprometer o estilo.<\/p>\n\n\n\n<p><strong>A\u00e7o inoxid\u00e1vel de alta qualidade: <\/strong>Com uma constru\u00e7\u00e3o pesada em a\u00e7o inoxid\u00e1vel, o conjunto de talheres \u00e9 resistente \u00e0 corros\u00e3o, \u00e0s manchas e \u00e0 ferrugem, garantindo uma utiliza\u00e7\u00e3o a longo prazo.<\/p>\n\n\n\n<p><strong>Design moderno e elegante:<\/strong>Com um visual simples e simplificado, o conjunto de talheres adapta-se a muitas configura\u00e7\u00f5es de mesa, dando um toque de eleg\u00e2ncia a qualquer evento gastron\u00f3mico.<\/p>\n<\/div>\n\n\n\n<div class=\"wp-block-column is-vertically-aligned-center is-layout-flow wp-block-column-is-layout-flow\">\n<figure class=\"wp-block-image size-full\"><img decoding=\"async\" width=\"3072\" height=\"3072\" src=\"https:\/\/www.huashunware.com\/wp-content\/uploads\/2025\/10\/Factory-Direct-Bulk-Flatware-Set-Supply2.webp\" alt=\"Conjunto de talheres a granel direto da f\u00e1brica Fornecimento2\" class=\"wp-image-878\" srcset=\"https:\/\/www.huashunware.com\/wp-content\/uploads\/2025\/10\/Factory-Direct-Bulk-Flatware-Set-Supply2.webp 3072w, https:\/\/www.huashunware.com\/wp-content\/uploads\/2025\/10\/Factory-Direct-Bulk-Flatware-Set-Supply2-300x300.webp 300w, https:\/\/www.huashunware.com\/wp-content\/uploads\/2025\/10\/Factory-Direct-Bulk-Flatware-Set-Supply2-150x150.webp 150w, https:\/\/www.huashunware.com\/wp-content\/uploads\/2025\/10\/Factory-Direct-Bulk-Flatware-Set-Supply2-768x768.webp 768w, https:\/\/www.huashunware.com\/wp-content\/uploads\/2025\/10\/Factory-Direct-Bulk-Flatware-Set-Supply2-12x12.webp 12w, https:\/\/www.huashunware.com\/wp-content\/uploads\/2025\/10\/Factory-Direct-Bulk-Flatware-Set-Supply2-1200x1200.webp 1200w, https:\/\/www.huashunware.com\/wp-content\/uploads\/2025\/10\/Factory-Direct-Bulk-Flatware-Set-Supply2-600x600.webp 600w, https:\/\/www.huashunware.com\/wp-content\/uploads\/2025\/10\/Factory-Direct-Bulk-Flatware-Set-Supply2-100x100.webp 100w\" sizes=\"(max-width: 3072px) 100vw, 3072px\" \/><\/figure>\n<\/div>\n<\/div>","protected":false},"excerpt":{"rendered":"<p data-start=\"1174\" data-end=\"1465\">O nosso conjunto de talheres a granel direto da f\u00e1brica oferece uma qualidade e um valor imbat\u00edveis para servi\u00e7os alimentares em grande escala. Fabricado em Portugal a partir de a\u00e7o inoxid\u00e1vel de alta qualidade, cada pe\u00e7a combina durabilidade com eleg\u00e2ncia intemporal, tornando-o ideal para restaurantes, hot\u00e9is e servi\u00e7os de catering.<\/p>\n<h2>Conjunto de talheres por atacado Atributo:<\/h2>\n<table>\n<thead>\n<tr>\n<th><strong>Artigo<\/strong><\/th>\n<th><strong>Peso<\/strong><\/th>\n<th><strong>Dimens\u00f5es (C x L)<\/strong><\/th>\n<\/tr>\n<\/thead>\n<tbody>\n<tr>\n<td><strong>Faca<\/strong><\/td>\n<td>61g<\/td>\n<td>22,5 cm x 1,7 cm<\/td>\n<\/tr>\n<tr>\n<td><strong>Colher<\/strong><\/td>\n<td>47.5g<\/td>\n<td>21 cm x 4,5 cm<\/td>\n<\/tr>\n<tr>\n<td><strong>Garfo<\/strong><\/td>\n<td>39g<\/td>\n<td>21 cm x 2,5 cm<\/td>\n<\/tr>\n<tr>\n<td><strong>Colher de ch\u00e1<\/strong><\/td>\n<td>23g<\/td>\n<td>15,5 cm x 3 cm<\/td>\n<\/tr>\n<\/tbody>\n<\/table>\n<h2>Conjunto de talheres personalizados\uff1a<\/h2>\n<ul>\n<li data-start=\"43\" data-end=\"124\">\n<p data-start=\"46\" data-end=\"76\"><strong data-start=\"46\" data-end=\"74\">Disponibilidade de amostras gr\u00e1tis\uff1a <\/strong>Fornecemos amostras gr\u00e1tis para a sua avalia\u00e7\u00e3o.<\/p>\n<\/li>\n<li data-start=\"126\" data-end=\"322\">\n<p data-start=\"129\" data-end=\"165\"><strong data-start=\"129\" data-end=\"163\">Op\u00e7\u00f5es de embalagem personaliz\u00e1veis\uff1a <\/strong>Apoiamos a personaliza\u00e7\u00e3o de log\u00f3tipos na embalagem. Pode escolher entre v\u00e1rios estilos de embalagem, tais como: Caixa PETCaixa PVCCaixa de oferta<\/p>\n<\/li>\n<li data-start=\"126\" data-end=\"322\">\n<p data-start=\"129\" data-end=\"165\"><strong data-start=\"327\" data-end=\"349\">Personaliza\u00e7\u00e3o do log\u00f3tipo: <\/strong>Aceitamos log\u00f3tipos gravados a laser ou log\u00f3tipos esculpidos no produto.<\/p>\n<div class=\"text-base my-auto mx-auto pb-10 [--thread-content-margin:--spacing(4)] thread-sm:[--thread-content-margin:--spacing(6)] thread-lg:[--thread-content-margin:--spacing(16)] px-(--thread-content-margin)\">\n<div class=\"[--thread-content-max-width:40rem] thread-lg:[--thread-content-max-width:48rem] mx-auto max-w-(--thread-content-max-width) flex-1 group\/turn-messages focus-visible:outline-hidden relative flex w-full min-w-0 flex-col agent-turn\" tabindex=\"-1\">\n<div class=\"flex max-w-full flex-col grow\">\n<div class=\"min-h-8 text-message relative flex w-full flex-col items-end gap-2 text-start break-words whitespace-normal [.text-message+&amp;]:mt-1\" dir=\"auto\" data-message-author-role=\"assistant\" data-message-id=\"aa2ae332-605b-4306-94e4-23a9dd06bf09\" data-message-model-slug=\"gpt-5-mini\">\n<div class=\"flex w-full flex-col gap-1 empty:hidden first:pt-[1px]\">\n<div class=\"markdown prose dark:prose-invert w-full break-words light markdown-new-styling\">\u00a0<\/div>\n<\/div>\n<\/div>\n<\/div>\n<\/div>\n<\/div>\n<\/li>\n<\/ul>","protected":false},"featured_media":879,"comment_status":"closed","ping_status":"closed","template":"","meta":{"_acf_changed":false},"product_brand":[],"product_cat":[18,27],"product_tag":[],"class_list":{"0":"post-876","1":"product","2":"type-product","3":"status-publish","4":"has-post-thumbnail","6":"product_cat-cutlery-set-wholesale","7":"product_cat-stainless-steel-flatware-set","9":"first","10":"instock","11":"shipping-taxable","12":"product-type-simple"},"acf":[],"_links":{"self":[{"href":"https:\/\/www.huashunware.com\/pt\/wp-json\/wp\/v2\/product\/876","targetHints":{"allow":["GET"]}}],"collection":[{"href":"https:\/\/www.huashunware.com\/pt\/wp-json\/wp\/v2\/product"}],"about":[{"href":"https:\/\/www.huashunware.com\/pt\/wp-json\/wp\/v2\/types\/product"}],"replies":[{"embeddable":true,"href":"https:\/\/www.huashunware.com\/pt\/wp-json\/wp\/v2\/comments?post=876"}],"wp:featuredmedia":[{"embeddable":true,"href":"https:\/\/www.huashunware.com\/pt\/wp-json\/wp\/v2\/media\/879"}],"wp:attachment":[{"href":"https:\/\/www.huashunware.com\/pt\/wp-json\/wp\/v2\/media?parent=876"}],"wp:term":[{"taxonomy":"product_brand","embeddable":true,"href":"https:\/\/www.huashunware.com\/pt\/wp-json\/wp\/v2\/product_brand?post=876"},{"taxonomy":"product_cat","embeddable":true,"href":"https:\/\/www.huashunware.com\/pt\/wp-json\/wp\/v2\/product_cat?post=876"},{"taxonomy":"product_tag","embeddable":true,"href":"https:\/\/www.huashunware.com\/pt\/wp-json\/wp\/v2\/product_tag?post=876"}],"curies":[{"name":"wp","href":"https:\/\/api.w.org\/{rel}","templated":true}]}}