{"id":916,"date":"2025-10-07T08:38:38","date_gmt":"2025-10-07T08:38:38","guid":{"rendered":"https:\/\/www.huashunware.com\/?post_type=product&#038;p=916"},"modified":"2026-02-05T07:22:11","modified_gmt":"2026-02-05T07:22:11","slug":"wholesale-spoons-and-forks-premium-quality-black-flatware-set-supply","status":"publish","type":"product","link":"https:\/\/www.huashunware.com\/pt\/produto\/wholesale-spoons-and-forks-premium-quality-black-flatware-set-supply\/","title":{"rendered":"Colheres e garfos por atacado, Conjunto de talheres pretos de qualidade superior Fornecimento"},"content":{"rendered":"<div class=\"wp-block-columns is-layout-flex wp-container-core-columns-is-layout-9d6595d7 wp-block-columns-is-layout-flex\">\n<div class=\"wp-block-column is-layout-flow wp-block-column-is-layout-flow\">\n<h2 class=\"wp-block-heading\">Conjunto de talheres Carater\u00edsticas de fornecimento:<\/h2>\n\n\n\n<p><strong>Design elegante em preto<\/strong> - O acabamento moderno em preto mate confere eleg\u00e2ncia e sofistica\u00e7\u00e3o a qualquer mesa de jantar ou evento.<\/p>\n\n\n\n<p><strong>Material de qualidade superior<\/strong> - Fabricado em a\u00e7o inoxid\u00e1vel de alta qualidade para uma durabilidade duradoura, resist\u00eancia \u00e0 ferrugem e f\u00e1cil manuten\u00e7\u00e3o.<\/p>\n\n\n\n<p><strong>Ergon\u00f3mico e confort\u00e1vel<\/strong> - As pegas bem equilibradas garantem uma ader\u00eancia confort\u00e1vel e uma experi\u00eancia gastron\u00f3mica sem esfor\u00e7o.<\/p>\n\n\n\n<p><strong>Perfeito para encomendas em massa<\/strong> - Ideal para restaurantes, hot\u00e9is, empresas de catering ou compradores grossistas que procuram talheres elegantes e funcionais.<\/p>\n\n\n\n<p><strong>F\u00e1cil de limpar e manter<\/strong> - Pode ser lavado na m\u00e1quina de lavar lou\u00e7a com um revestimento resistente a riscos que preserva o acabamento preto elegante.<\/p>\n<\/div>\n\n\n\n<div class=\"wp-block-column is-vertically-aligned-center is-layout-flow wp-block-column-is-layout-flow\">\n<figure class=\"wp-block-image size-full\"><img decoding=\"async\" width=\"1536\" height=\"1536\" src=\"https:\/\/www.huashunware.com\/wp-content\/uploads\/2025\/10\/Flatware-Set-Supply.webp\" alt=\"Fornecimento de conjuntos de talheres\" class=\"wp-image-1214\" srcset=\"https:\/\/www.huashunware.com\/wp-content\/uploads\/2025\/10\/Flatware-Set-Supply.webp 1536w, https:\/\/www.huashunware.com\/wp-content\/uploads\/2025\/10\/Flatware-Set-Supply-300x300.webp 300w, https:\/\/www.huashunware.com\/wp-content\/uploads\/2025\/10\/Flatware-Set-Supply-150x150.webp 150w, https:\/\/www.huashunware.com\/wp-content\/uploads\/2025\/10\/Flatware-Set-Supply-768x768.webp 768w, https:\/\/www.huashunware.com\/wp-content\/uploads\/2025\/10\/Flatware-Set-Supply-12x12.webp 12w, https:\/\/www.huashunware.com\/wp-content\/uploads\/2025\/10\/Flatware-Set-Supply-1200x1200.webp 1200w, https:\/\/www.huashunware.com\/wp-content\/uploads\/2025\/10\/Flatware-Set-Supply-600x600.webp 600w, https:\/\/www.huashunware.com\/wp-content\/uploads\/2025\/10\/Flatware-Set-Supply-100x100.webp 100w\" sizes=\"(max-width: 1536px) 100vw, 1536px\" \/><\/figure>\n\n\n\n<figure class=\"wp-block-image size-full\"><img decoding=\"async\" width=\"3072\" height=\"3072\" src=\"https:\/\/www.huashunware.com\/wp-content\/uploads\/2025\/11\/Wholesale-Spoons-and-Forks-Premium-Quality-Black-Flatware-Set-Supply1.webp\" alt=\"Colheres e garfos por atacado, Conjunto de talheres pretos de qualidade superior Fornecimento1\" class=\"wp-image-917\" srcset=\"https:\/\/www.huashunware.com\/wp-content\/uploads\/2025\/11\/Wholesale-Spoons-and-Forks-Premium-Quality-Black-Flatware-Set-Supply1.webp 3072w, https:\/\/www.huashunware.com\/wp-content\/uploads\/2025\/11\/Wholesale-Spoons-and-Forks-Premium-Quality-Black-Flatware-Set-Supply1-300x300.webp 300w, https:\/\/www.huashunware.com\/wp-content\/uploads\/2025\/11\/Wholesale-Spoons-and-Forks-Premium-Quality-Black-Flatware-Set-Supply1-150x150.webp 150w, https:\/\/www.huashunware.com\/wp-content\/uploads\/2025\/11\/Wholesale-Spoons-and-Forks-Premium-Quality-Black-Flatware-Set-Supply1-768x768.webp 768w, https:\/\/www.huashunware.com\/wp-content\/uploads\/2025\/11\/Wholesale-Spoons-and-Forks-Premium-Quality-Black-Flatware-Set-Supply1-12x12.webp 12w, https:\/\/www.huashunware.com\/wp-content\/uploads\/2025\/11\/Wholesale-Spoons-and-Forks-Premium-Quality-Black-Flatware-Set-Supply1-1200x1200.webp 1200w, https:\/\/www.huashunware.com\/wp-content\/uploads\/2025\/11\/Wholesale-Spoons-and-Forks-Premium-Quality-Black-Flatware-Set-Supply1-600x600.webp 600w, https:\/\/www.huashunware.com\/wp-content\/uploads\/2025\/11\/Wholesale-Spoons-and-Forks-Premium-Quality-Black-Flatware-Set-Supply1-100x100.webp 100w\" sizes=\"(max-width: 3072px) 100vw, 3072px\" \/><\/figure>\n<\/div>\n<\/div>\n\n\n\n<p><\/p>","protected":false},"excerpt":{"rendered":"<p data-start=\"1174\" data-end=\"1465\">Colheres e garfos por atacado, fornecimento de conjunto de talheres pretos de qualidade premium - Talheres elegantes de a\u00e7o inoxid\u00e1vel preto, dur\u00e1veis e lav\u00e1veis na m\u00e1quina de lavar lou\u00e7a. Perfeito para restaurantes, hot\u00e9is e encomendas a granel.<\/p>\n<h2>Conjunto de talheres por atacado Atributo:<\/h2>\n<table>\n<thead>\n<tr>\n<th>Artigo<\/th>\n<th>Peso<\/th>\n<th>Comprimento \u00d7 Largura<\/th>\n<th>Espessura<\/th>\n<\/tr>\n<\/thead>\n<tbody>\n<tr>\n<td>Faca<\/td>\n<td>68 g<\/td>\n<td>23 \u00d7 1,8 cm<\/td>\n<td>5 mm<\/td>\n<\/tr>\n<tr>\n<td>Garfo<\/td>\n<td>36.3 g<\/td>\n<td>21,5 \u00d7 1,8 cm<\/td>\n<td>2,2 mm<\/td>\n<\/tr>\n<tr>\n<td>Colher<\/td>\n<td>42.5 g<\/td>\n<td>20,5 \u00d7 4 cm<\/td>\n<td>2,2 mm<\/td>\n<\/tr>\n<tr>\n<td>Colher de ch\u00e1<\/td>\n<td>22 g<\/td>\n<td>14,5 \u00d7 3 cm<\/td>\n<td>1,8 mm<\/td>\n<\/tr>\n<\/tbody>\n<\/table>\n<h2>Conjunto de talheres personalizados\uff1a<\/h2>\n<ul>\n<li data-start=\"43\" data-end=\"124\">\n<p data-start=\"46\" data-end=\"76\"><strong data-start=\"46\" data-end=\"74\">Disponibilidade de amostras gr\u00e1tis\uff1a <\/strong>Fornecemos amostras gr\u00e1tis para a sua avalia\u00e7\u00e3o.<\/p>\n<\/li>\n<li data-start=\"126\" data-end=\"322\">\n<p data-start=\"129\" data-end=\"165\"><strong data-start=\"129\" data-end=\"163\">Op\u00e7\u00f5es de embalagem personaliz\u00e1veis\uff1a <\/strong>Apoiamos a personaliza\u00e7\u00e3o de log\u00f3tipos na embalagem. Pode escolher entre v\u00e1rios estilos de embalagem, tais como: Caixa PETCaixa PVCCaixa de oferta<\/p>\n<\/li>\n<li data-start=\"126\" data-end=\"322\">\n<p data-start=\"129\" data-end=\"165\"><strong data-start=\"327\" data-end=\"349\">Personaliza\u00e7\u00e3o do log\u00f3tipo: <\/strong>Aceitamos log\u00f3tipos gravados a laser ou log\u00f3tipos esculpidos no produto.<\/p>\n<div class=\"text-base my-auto mx-auto pb-10 [--thread-content-margin:--spacing(4)] thread-sm:[--thread-content-margin:--spacing(6)] thread-lg:[--thread-content-margin:--spacing(16)] px-(--thread-content-margin)\">\n<div class=\"[--thread-content-max-width:40rem] thread-lg:[--thread-content-max-width:48rem] mx-auto max-w-(--thread-content-max-width) flex-1 group\/turn-messages focus-visible:outline-hidden relative flex w-full min-w-0 flex-col agent-turn\" tabindex=\"-1\">\n<div class=\"flex max-w-full flex-col grow\">\n<div class=\"min-h-8 text-message relative flex w-full flex-col items-end gap-2 text-start break-words whitespace-normal [.text-message+&amp;]:mt-1\" dir=\"auto\" data-message-author-role=\"assistant\" data-message-id=\"aa2ae332-605b-4306-94e4-23a9dd06bf09\" data-message-model-slug=\"gpt-5-mini\">\n<div class=\"flex w-full flex-col gap-1 empty:hidden first:pt-[1px]\">\n<div class=\"markdown prose dark:prose-invert w-full break-words light markdown-new-styling\">\u00a0<\/div>\n<\/div>\n<\/div>\n<\/div>\n<\/div>\n<\/div>\n<\/li>\n<\/ul>","protected":false},"featured_media":919,"comment_status":"closed","ping_status":"closed","template":"","meta":{"_acf_changed":true},"product_brand":[],"product_cat":[18,27],"product_tag":[],"class_list":{"0":"post-916","1":"product","2":"type-product","3":"status-publish","4":"has-post-thumbnail","6":"product_cat-cutlery-set-wholesale","7":"product_cat-stainless-steel-flatware-set","9":"first","10":"instock","11":"shipping-taxable","12":"product-type-simple"},"acf":[],"_links":{"self":[{"href":"https:\/\/www.huashunware.com\/pt\/wp-json\/wp\/v2\/product\/916","targetHints":{"allow":["GET"]}}],"collection":[{"href":"https:\/\/www.huashunware.com\/pt\/wp-json\/wp\/v2\/product"}],"about":[{"href":"https:\/\/www.huashunware.com\/pt\/wp-json\/wp\/v2\/types\/product"}],"replies":[{"embeddable":true,"href":"https:\/\/www.huashunware.com\/pt\/wp-json\/wp\/v2\/comments?post=916"}],"wp:featuredmedia":[{"embeddable":true,"href":"https:\/\/www.huashunware.com\/pt\/wp-json\/wp\/v2\/media\/919"}],"wp:attachment":[{"href":"https:\/\/www.huashunware.com\/pt\/wp-json\/wp\/v2\/media?parent=916"}],"wp:term":[{"taxonomy":"product_brand","embeddable":true,"href":"https:\/\/www.huashunware.com\/pt\/wp-json\/wp\/v2\/product_brand?post=916"},{"taxonomy":"product_cat","embeddable":true,"href":"https:\/\/www.huashunware.com\/pt\/wp-json\/wp\/v2\/product_cat?post=916"},{"taxonomy":"product_tag","embeddable":true,"href":"https:\/\/www.huashunware.com\/pt\/wp-json\/wp\/v2\/product_tag?post=916"}],"curies":[{"name":"wp","href":"https:\/\/api.w.org\/{rel}","templated":true}]}}