{"id":933,"date":"2025-11-21T06:48:26","date_gmt":"2025-11-21T06:36:22","guid":{"rendered":"https:\/\/www.huashunware.com\/?post_type=product&#038;p=933"},"modified":"2026-02-05T07:30:53","modified_gmt":"2026-02-05T07:30:53","slug":"quality-flatware-set-wholesale","status":"publish","type":"product","link":"https:\/\/www.huashunware.com\/pt\/produto\/quality-flatware-set-wholesale\/","title":{"rendered":"Conjunto de talheres de qualidade por atacado, Conjunto de talheres de a\u00e7o inoxid\u00e1vel a granel"},"content":{"rendered":"<div class=\"wp-block-columns is-layout-flex wp-container-core-columns-is-layout-9d6595d7 wp-block-columns-is-layout-flex\">\n<div class=\"wp-block-column is-layout-flow wp-block-column-is-layout-flow\">\n<h2 class=\"wp-block-heading\">Conjunto de talheres por atacado Carater\u00edsticas:<\/h2>\n\n\n\n<p><strong>Constru\u00e7\u00e3o em a\u00e7o inoxid\u00e1vel de alta qualidade<\/strong> - Fabricado em a\u00e7o inoxid\u00e1vel de alta qualidade para um brilho duradouro, resist\u00eancia \u00e0 corros\u00e3o e durabilidade a longo prazo.<\/p>\n\n\n\n<p><strong>Design do n\u00facleo de cor interior transparente<\/strong> - Carater\u00edsticas a <em>belo e \u00fanico<\/em> pega com n\u00facleo de cor transparente que d\u00e1 um toque moderno e elegante a qualquer sala de jantar.<\/p>\n\n\n\n<p><strong>Perfeito para encomendas por grosso e a granel<\/strong> - Concebido para distribuidores, supermercados, hot\u00e9is e restaurantes que procuram conjuntos de talheres de elevado valor a pre\u00e7os grossistas competitivos.<\/p>\n\n\n\n<p><strong>Pegas ergon\u00f3micas Comfort-Grip<\/strong> - Suave, bem equilibrado e confort\u00e1vel de segurar, garantindo uma experi\u00eancia gastron\u00f3mica agrad\u00e1vel para uso di\u00e1rio ou ocasi\u00f5es especiais.<\/p>\n\n\n\n<p><strong>Vers\u00e1til para todos os ambientes de refei\u00e7\u00f5es<\/strong> - Ideal para casas, servi\u00e7os de catering, festas, buffets e cozinhas comerciais que procuram talheres elegantes e funcionais que se destaquem.<\/p>\n<\/div>\n\n\n\n<div class=\"wp-block-column is-vertically-aligned-center is-layout-flow wp-block-column-is-layout-flow\">\n<figure class=\"wp-block-image size-full\"><img decoding=\"async\" width=\"1728\" height=\"1728\" src=\"https:\/\/www.huashunware.com\/wp-content\/uploads\/2025\/11\/Quality-Flatware-Set-Wholesale-Stainless-Steel-Cutlery-Set-in-Bulk1.webp\" alt=\"Conjunto de talheres de qualidade por atacado, Conjunto de talheres de a\u00e7o inoxid\u00e1vel a granel1\" class=\"wp-image-1299\" srcset=\"https:\/\/www.huashunware.com\/wp-content\/uploads\/2025\/11\/Quality-Flatware-Set-Wholesale-Stainless-Steel-Cutlery-Set-in-Bulk1.webp 1728w, https:\/\/www.huashunware.com\/wp-content\/uploads\/2025\/11\/Quality-Flatware-Set-Wholesale-Stainless-Steel-Cutlery-Set-in-Bulk1-300x300.webp 300w, https:\/\/www.huashunware.com\/wp-content\/uploads\/2025\/11\/Quality-Flatware-Set-Wholesale-Stainless-Steel-Cutlery-Set-in-Bulk1-150x150.webp 150w, https:\/\/www.huashunware.com\/wp-content\/uploads\/2025\/11\/Quality-Flatware-Set-Wholesale-Stainless-Steel-Cutlery-Set-in-Bulk1-768x768.webp 768w, https:\/\/www.huashunware.com\/wp-content\/uploads\/2025\/11\/Quality-Flatware-Set-Wholesale-Stainless-Steel-Cutlery-Set-in-Bulk1-12x12.webp 12w, https:\/\/www.huashunware.com\/wp-content\/uploads\/2025\/11\/Quality-Flatware-Set-Wholesale-Stainless-Steel-Cutlery-Set-in-Bulk1-1200x1200.webp 1200w, https:\/\/www.huashunware.com\/wp-content\/uploads\/2025\/11\/Quality-Flatware-Set-Wholesale-Stainless-Steel-Cutlery-Set-in-Bulk1-600x600.webp 600w, https:\/\/www.huashunware.com\/wp-content\/uploads\/2025\/11\/Quality-Flatware-Set-Wholesale-Stainless-Steel-Cutlery-Set-in-Bulk1-100x100.webp 100w\" sizes=\"(max-width: 1728px) 100vw, 1728px\" \/><\/figure>\n\n\n\n<figure class=\"wp-block-image size-full\"><img decoding=\"async\" width=\"800\" height=\"800\" src=\"https:\/\/www.huashunware.com\/wp-content\/uploads\/2025\/11\/Flatware-Set-Wholesale3.webp\" alt=\"Conjunto de talheres por atacado3\" class=\"wp-image-936\" srcset=\"https:\/\/www.huashunware.com\/wp-content\/uploads\/2025\/11\/Flatware-Set-Wholesale3.webp 800w, https:\/\/www.huashunware.com\/wp-content\/uploads\/2025\/11\/Flatware-Set-Wholesale3-300x300.webp 300w, https:\/\/www.huashunware.com\/wp-content\/uploads\/2025\/11\/Flatware-Set-Wholesale3-150x150.webp 150w, https:\/\/www.huashunware.com\/wp-content\/uploads\/2025\/11\/Flatware-Set-Wholesale3-768x768.webp 768w, https:\/\/www.huashunware.com\/wp-content\/uploads\/2025\/11\/Flatware-Set-Wholesale3-12x12.webp 12w, https:\/\/www.huashunware.com\/wp-content\/uploads\/2025\/11\/Flatware-Set-Wholesale3-600x600.webp 600w, https:\/\/www.huashunware.com\/wp-content\/uploads\/2025\/11\/Flatware-Set-Wholesale3-100x100.webp 100w\" sizes=\"(max-width: 800px) 100vw, 800px\" \/><\/figure>\n<\/div>\n<\/div>\n\n\n\n<p><\/p>","protected":false},"excerpt":{"rendered":"<p data-start=\"1174\" data-end=\"1465\">Servi\u00e7o de talheres de qualidade por atacado. Um conjunto de talheres em a\u00e7o inoxid\u00e1vel duradouro, com um bonito design interior transparente, que oferece estilo e praticidade para compradores grossistas e ambientes de restaura\u00e7\u00e3o comerciais.<\/p>\n<h2>Conjunto de talheres por atacado Atributo:<\/h2>\n<table>\n<thead>\n<tr>\n<th>Artigo<\/th>\n<th>Peso<\/th>\n<th>Tamanho (C \u00d7 L)<\/th>\n<th>Espessura<\/th>\n<\/tr>\n<\/thead>\n<tbody>\n<tr>\n<td>Faca<\/td>\n<td>31.5 g<\/td>\n<td>21 cm \u00d7 1,7 cm<\/td>\n<td>1,5 mm<\/td>\n<\/tr>\n<tr>\n<td>Garfo<\/td>\n<td>28 g<\/td>\n<td>19,5 cm \u00d7 2,4 cm<\/td>\n<td>1,5 mm<\/td>\n<\/tr>\n<tr>\n<td>Colher<\/td>\n<td>37 g<\/td>\n<td>19 cm \u00d7 3,8 cm<\/td>\n<td>1,5 mm<\/td>\n<\/tr>\n<tr>\n<td>Colher de ch\u00e1<\/td>\n<td>27.5 g<\/td>\n<td>16 cm \u00d7 3,3 cm<\/td>\n<td>1,5 mm<\/td>\n<\/tr>\n<\/tbody>\n<\/table>\n<h2>Conjunto de talheres personalizados\uff1a<\/h2>\n<p><strong data-start=\"44\" data-end=\"73\">1\u3001Disponibilidade de amostras gr\u00e1tis:<\/strong><\/p>\n<p data-start=\"44\" data-end=\"153\">Oferecemos amostras gr\u00e1tis para avalia\u00e7\u00e3o da qualidade antes de efetuar encomendas a granel.<\/p>\n<p data-start=\"155\" data-end=\"295\"><strong data-start=\"155\" data-end=\"190\">2\u3001Op\u00e7\u00f5es de embalagem personaliz\u00e1veis:<\/strong><br data-start=\"190\" data-end=\"193\" \/>Apoiamos log\u00f3tipos personalizados na embalagem, e est\u00e3o dispon\u00edveis v\u00e1rios estilos de embalagem, incluindo:<\/p>\n<ol data-start=\"296\" data-end=\"332\">\n<li data-start=\"296\" data-end=\"307\">\n<p data-start=\"298\" data-end=\"307\">Caixa PET<\/p>\n<\/li>\n<li data-start=\"308\" data-end=\"319\">\n<p data-start=\"310\" data-end=\"319\">Caixa em PVC<\/p>\n<\/li>\n<li data-start=\"320\" data-end=\"332\">\n<p data-start=\"322\" data-end=\"332\">Caixa de oferta<\/p>\n<\/li>\n<\/ol>\n<p data-start=\"334\" data-end=\"442\" data-is-last-node=\"\" data-is-only-node=\"\"><strong data-start=\"334\" data-end=\"365\">3 \u3001 Personaliza\u00e7\u00e3o da cor da al\u00e7a:<\/strong><br data-start=\"365\" data-end=\"368\" \/>Aceitamos altera\u00e7\u00f5es de cor, com 6-8 op\u00e7\u00f5es de cor dispon\u00edveis em stock.<\/p>\n<div class=\"text-base my-auto mx-auto pb-10 [--thread-content-margin:--spacing(4)] thread-sm:[--thread-content-margin:--spacing(6)] thread-lg:[--thread-content-margin:--spacing(16)] px-(--thread-content-margin)\">\n<div class=\"[--thread-content-max-width:40rem] thread-lg:[--thread-content-max-width:48rem] mx-auto max-w-(--thread-content-max-width) flex-1 group\/turn-messages focus-visible:outline-hidden relative flex w-full min-w-0 flex-col agent-turn\" tabindex=\"-1\">\n<div class=\"flex max-w-full flex-col grow\">\n<div class=\"min-h-8 text-message relative flex w-full flex-col items-end gap-2 text-start break-words whitespace-normal [.text-message+&amp;]:mt-1\" dir=\"auto\" data-message-author-role=\"assistant\" data-message-id=\"aa2ae332-605b-4306-94e4-23a9dd06bf09\" data-message-model-slug=\"gpt-5-mini\">\n<div class=\"flex w-full flex-col gap-1 empty:hidden first:pt-[1px]\">\n<div class=\"markdown prose dark:prose-invert w-full break-words light markdown-new-styling\">\u00a0<\/div>\n<\/div>\n<\/div>\n<\/div>\n<\/div>\n<\/div>","protected":false},"featured_media":935,"comment_status":"closed","ping_status":"closed","template":"","meta":{"_acf_changed":true},"product_brand":[],"product_cat":[18,26],"product_tag":[],"class_list":{"0":"post-933","1":"product","2":"type-product","3":"status-publish","4":"has-post-thumbnail","6":"product_cat-cutlery-set-wholesale","7":"product_cat-plastic-handle-flatware-set","9":"first","10":"instock","11":"shipping-taxable","12":"product-type-simple"},"acf":[],"_links":{"self":[{"href":"https:\/\/www.huashunware.com\/pt\/wp-json\/wp\/v2\/product\/933","targetHints":{"allow":["GET"]}}],"collection":[{"href":"https:\/\/www.huashunware.com\/pt\/wp-json\/wp\/v2\/product"}],"about":[{"href":"https:\/\/www.huashunware.com\/pt\/wp-json\/wp\/v2\/types\/product"}],"replies":[{"embeddable":true,"href":"https:\/\/www.huashunware.com\/pt\/wp-json\/wp\/v2\/comments?post=933"}],"wp:featuredmedia":[{"embeddable":true,"href":"https:\/\/www.huashunware.com\/pt\/wp-json\/wp\/v2\/media\/935"}],"wp:attachment":[{"href":"https:\/\/www.huashunware.com\/pt\/wp-json\/wp\/v2\/media?parent=933"}],"wp:term":[{"taxonomy":"product_brand","embeddable":true,"href":"https:\/\/www.huashunware.com\/pt\/wp-json\/wp\/v2\/product_brand?post=933"},{"taxonomy":"product_cat","embeddable":true,"href":"https:\/\/www.huashunware.com\/pt\/wp-json\/wp\/v2\/product_cat?post=933"},{"taxonomy":"product_tag","embeddable":true,"href":"https:\/\/www.huashunware.com\/pt\/wp-json\/wp\/v2\/product_tag?post=933"}],"curies":[{"name":"wp","href":"https:\/\/api.w.org\/{rel}","templated":true}]}}