{"id":939,"date":"2025-11-21T07:41:32","date_gmt":"2025-11-21T06:56:39","guid":{"rendered":"https:\/\/www.huashunware.com\/?post_type=product&#038;p=939"},"modified":"2026-02-05T07:34:21","modified_gmt":"2026-02-05T07:34:21","slug":"quality-flatware-sets-wholesale-for-restaurants","status":"publish","type":"product","link":"https:\/\/www.huashunware.com\/pt\/produto\/quality-flatware-sets-wholesale-for-restaurants\/","title":{"rendered":"Conjuntos de talheres de qualidade por atacado para restaurantes"},"content":{"rendered":"<div class=\"wp-block-columns is-layout-flex wp-container-core-columns-is-layout-9d6595d7 wp-block-columns-is-layout-flex\">\n<div class=\"wp-block-column is-layout-flow wp-block-column-is-layout-flow\">\n<h2 class=\"wp-block-heading\">Conjuntos de talheres por atacado Carater\u00edsticas:<\/h2>\n\n\n\n<p><strong>Op\u00e7\u00f5es de pegas de duas cores para uma comercializa\u00e7\u00e3o flex\u00edvel<\/strong> - Concebidos com duas cores de pega elegantes que combinam facilmente com outros utens\u00edlios de cozinha, utens\u00edlios de cozinha e acess\u00f3rios de mesa, tornando-os ideais para expositores de retalho coordenados ou vendas de produtos agrupados.<\/p>\n\n\n\n<p><strong>Superf\u00edcie confort\u00e1vel de ader\u00eancia mate<\/strong> - A pega com acabamento mate aumenta o conforto e a ader\u00eancia, oferecendo uma sensa\u00e7\u00e3o antiderrapante que melhora a experi\u00eancia do utilizador, tanto em ambientes de restaura\u00e7\u00e3o de ritmo acelerado como em cozinhas dom\u00e9sticas.<\/p>\n\n\n\n<p><strong>Durabilidade de n\u00edvel de restaurante<\/strong> - Concebidos para resistir a lavagens frequentes, utiliza\u00e7\u00e3o di\u00e1ria intensa e exig\u00eancias de refei\u00e7\u00f5es comerciais, estes talheres mant\u00eam o seu aspeto e desempenho mesmo em ambientes de elevada rota\u00e7\u00e3o.<\/p>\n\n\n\n<p><strong>Est\u00e9tica moderna adequada para mesas profissionais<\/strong> - As linhas simples e o design contempor\u00e2neo de dois tons elevam qualquer apresenta\u00e7\u00e3o num restaurante, criando um aspeto coeso e sofisticado na mesa de jantar.<\/p>\n\n\n\n<p><strong>Vers\u00e1til para v\u00e1rios contextos culin\u00e1rios<\/strong> - Ideal n\u00e3o s\u00f3 para restaurantes, mas tamb\u00e9m para caf\u00e9s, eventos de catering, buffets e salas de jantar de hot\u00e9is, proporcionando uma solu\u00e7\u00e3o de talheres elegante e funcional para diferentes estilos de servi\u00e7os alimentares.<\/p>\n<\/div>\n\n\n\n<div class=\"wp-block-column is-vertically-aligned-center is-layout-flow wp-block-column-is-layout-flow\">\n<figure class=\"wp-block-image size-full\"><img decoding=\"async\" width=\"3686\" height=\"3686\" src=\"https:\/\/www.huashunware.com\/wp-content\/uploads\/2025\/11\/Quality-Flatware-Sets-Wholesale-for-Restaurants-2.webp\" alt=\"\" class=\"wp-image-1242\" srcset=\"https:\/\/www.huashunware.com\/wp-content\/uploads\/2025\/11\/Quality-Flatware-Sets-Wholesale-for-Restaurants-2.webp 3686w, https:\/\/www.huashunware.com\/wp-content\/uploads\/2025\/11\/Quality-Flatware-Sets-Wholesale-for-Restaurants-2-300x300.webp 300w, https:\/\/www.huashunware.com\/wp-content\/uploads\/2025\/11\/Quality-Flatware-Sets-Wholesale-for-Restaurants-2-150x150.webp 150w, https:\/\/www.huashunware.com\/wp-content\/uploads\/2025\/11\/Quality-Flatware-Sets-Wholesale-for-Restaurants-2-768x768.webp 768w, https:\/\/www.huashunware.com\/wp-content\/uploads\/2025\/11\/Quality-Flatware-Sets-Wholesale-for-Restaurants-2-12x12.webp 12w, https:\/\/www.huashunware.com\/wp-content\/uploads\/2025\/11\/Quality-Flatware-Sets-Wholesale-for-Restaurants-2-1200x1200.webp 1200w, https:\/\/www.huashunware.com\/wp-content\/uploads\/2025\/11\/Quality-Flatware-Sets-Wholesale-for-Restaurants-2-600x600.webp 600w, https:\/\/www.huashunware.com\/wp-content\/uploads\/2025\/11\/Quality-Flatware-Sets-Wholesale-for-Restaurants-2-100x100.webp 100w\" sizes=\"(max-width: 3686px) 100vw, 3686px\" \/><\/figure>\n\n\n\n<figure class=\"wp-block-image size-full\"><img decoding=\"async\" width=\"800\" height=\"800\" src=\"https:\/\/www.huashunware.com\/wp-content\/uploads\/2025\/11\/Flatware-Sets-Wholesale2.webp\" alt=\"Conjuntos de talheres por atacado2\" class=\"wp-image-941\" srcset=\"https:\/\/www.huashunware.com\/wp-content\/uploads\/2025\/11\/Flatware-Sets-Wholesale2.webp 800w, https:\/\/www.huashunware.com\/wp-content\/uploads\/2025\/11\/Flatware-Sets-Wholesale2-300x300.webp 300w, https:\/\/www.huashunware.com\/wp-content\/uploads\/2025\/11\/Flatware-Sets-Wholesale2-150x150.webp 150w, https:\/\/www.huashunware.com\/wp-content\/uploads\/2025\/11\/Flatware-Sets-Wholesale2-768x768.webp 768w, https:\/\/www.huashunware.com\/wp-content\/uploads\/2025\/11\/Flatware-Sets-Wholesale2-12x12.webp 12w, https:\/\/www.huashunware.com\/wp-content\/uploads\/2025\/11\/Flatware-Sets-Wholesale2-600x600.webp 600w, https:\/\/www.huashunware.com\/wp-content\/uploads\/2025\/11\/Flatware-Sets-Wholesale2-100x100.webp 100w\" sizes=\"(max-width: 800px) 100vw, 800px\" \/><\/figure>\n<\/div>\n<\/div>\n\n\n\n<p><\/p>","protected":false},"excerpt":{"rendered":"<article class=\"text-token-text-primary w-full focus:outline-none [--shadow-height:45px] has-data-writing-block:pointer-events-none has-data-writing-block:-mt-(--shadow-height) has-data-writing-block:pt-(--shadow-height) [&amp;:has([data-writing-block])&gt;*]:pointer-events-auto [content-visibility:auto] supports-[content-visibility:auto]:[contain-intrinsic-size:auto_100lvh] scroll-mt-[calc(var(--header-height)+min(200px,max(70px,20svh)))]\" dir=\"auto\" tabindex=\"-1\" data-turn-id=\"request-WEB:6a8e0ffa-908e-4f03-b005-c2a158bcb803-9\" data-testid=\"conversation-turn-20\" data-scroll-anchor=\"true\" data-turn=\"assistant\">\n<div class=\"text-base my-auto mx-auto pb-10 [--thread-content-margin:--spacing(4)] thread-sm:[--thread-content-margin:--spacing(6)] thread-lg:[--thread-content-margin:--spacing(16)] px-(--thread-content-margin)\">\n<div class=\"[--thread-content-max-width:40rem] thread-lg:[--thread-content-max-width:48rem] mx-auto max-w-(--thread-content-max-width) flex-1 group\/turn-messages focus-visible:outline-hidden relative flex w-full min-w-0 flex-col agent-turn\" tabindex=\"-1\">\n<div class=\"flex max-w-full flex-col grow\">\n<div class=\"min-h-8 text-message relative flex w-full flex-col items-end gap-2 text-start break-words whitespace-normal [.text-message+&amp;]:mt-1\" dir=\"auto\" data-message-author-role=\"assistant\" data-message-id=\"1d1f6c17-d23b-4d8c-b935-1db7fceb84d9\" data-message-model-slug=\"gpt-5-1\">\n<div class=\"flex w-full flex-col gap-1 empty:hidden first:pt-[1px]\">\n<div class=\"markdown prose dark:prose-invert w-full break-words light markdown-new-styling\">\n<p data-start=\"1392\" data-end=\"1612\" data-is-last-node=\"\" data-is-only-node=\"\">Conjuntos de talheres de qualidade por atacado para restaurantes - Uma cole\u00e7\u00e3o de talheres dur\u00e1vel e de duas cores com uma pega confort\u00e1vel e mate que complementa uma vasta gama de utens\u00edlios de cozinha e ambientes de refei\u00e7\u00f5es profissionais.<\/p>\n<\/div>\n<\/div>\n<\/div>\n<\/div>\n<\/div>\n<\/div>\n<\/article>\n<h2>Conjuntos de talheres por atacado Atributo:<\/h2>\n<table>\n<thead>\n<tr>\n<th>Artigo<\/th>\n<th>Peso<\/th>\n<th>Tamanho (C \u00d7 L)<\/th>\n<th>Espessura<\/th>\n<\/tr>\n<\/thead>\n<tbody>\n<tr>\n<td>Faca<\/td>\n<td>33.5 g<\/td>\n<td>21,5 cm \u00d7 1,7 cm<\/td>\n<td>1,5 mm<\/td>\n<\/tr>\n<tr>\n<td>Garfo<\/td>\n<td>30 g<\/td>\n<td>20 cm \u00d7 2,4 cm<\/td>\n<td>1,5 mm<\/td>\n<\/tr>\n<tr>\n<td>Colher<\/td>\n<td>39 g<\/td>\n<td>19,5 cm \u00d7 3,8 cm<\/td>\n<td>1,5 mm<\/td>\n<\/tr>\n<tr>\n<td>Colher de ch\u00e1<\/td>\n<td>27 g<\/td>\n<td>16 cm \u00d7 3,3 cm<\/td>\n<td>1,5 mm<\/td>\n<\/tr>\n<\/tbody>\n<\/table>\n<h2>Conjuntos de talheres personalizados\uff1a<\/h2>\n<p><strong data-start=\"44\" data-end=\"73\">1\u3001Disponibilidade de amostras gr\u00e1tis:<\/strong><\/p>\n<p data-start=\"44\" data-end=\"153\">Oferecemos amostras gr\u00e1tis para avalia\u00e7\u00e3o da qualidade antes de efetuar encomendas a granel.<\/p>\n<p data-start=\"155\" data-end=\"295\"><strong data-start=\"155\" data-end=\"190\">2\u3001Op\u00e7\u00f5es de embalagem personaliz\u00e1veis:<\/strong><br data-start=\"190\" data-end=\"193\" \/>Apoiamos log\u00f3tipos personalizados na embalagem, e est\u00e3o dispon\u00edveis v\u00e1rios estilos de embalagem, incluindo:<\/p>\n<ol data-start=\"296\" data-end=\"332\">\n<li data-start=\"296\" data-end=\"307\">\n<p data-start=\"298\" data-end=\"307\">Caixa PET<\/p>\n<\/li>\n<li data-start=\"308\" data-end=\"319\">\n<p data-start=\"310\" data-end=\"319\">Caixa em PVC<\/p>\n<\/li>\n<li data-start=\"320\" data-end=\"332\">\n<p data-start=\"322\" data-end=\"332\">Caixa de oferta<\/p>\n<\/li>\n<\/ol>\n<p data-start=\"334\" data-end=\"442\" data-is-last-node=\"\" data-is-only-node=\"\"><strong data-start=\"334\" data-end=\"365\">3 \u3001 Personaliza\u00e7\u00e3o da cor da al\u00e7a:<\/strong><br data-start=\"365\" data-end=\"368\" \/>Aceitamos altera\u00e7\u00f5es de cor, com 6-8 op\u00e7\u00f5es de cor dispon\u00edveis em stock.<\/p>\n<div class=\"text-base my-auto mx-auto pb-10 [--thread-content-margin:--spacing(4)] thread-sm:[--thread-content-margin:--spacing(6)] thread-lg:[--thread-content-margin:--spacing(16)] px-(--thread-content-margin)\">\n<div class=\"[--thread-content-max-width:40rem] thread-lg:[--thread-content-max-width:48rem] mx-auto max-w-(--thread-content-max-width) flex-1 group\/turn-messages focus-visible:outline-hidden relative flex w-full min-w-0 flex-col agent-turn\" tabindex=\"-1\">\n<div class=\"flex max-w-full flex-col grow\">\n<div class=\"min-h-8 text-message relative flex w-full flex-col items-end gap-2 text-start break-words whitespace-normal [.text-message+&amp;]:mt-1\" dir=\"auto\" data-message-author-role=\"assistant\" data-message-id=\"aa2ae332-605b-4306-94e4-23a9dd06bf09\" data-message-model-slug=\"gpt-5-mini\">\n<div class=\"flex w-full flex-col gap-1 empty:hidden first:pt-[1px]\">\n<div class=\"markdown prose dark:prose-invert w-full break-words light markdown-new-styling\">\u00a0<\/div>\n<\/div>\n<\/div>\n<\/div>\n<\/div>\n<\/div>","protected":false},"featured_media":940,"comment_status":"closed","ping_status":"closed","template":"","meta":{"_acf_changed":false},"product_brand":[],"product_cat":[18,26],"product_tag":[],"class_list":{"0":"post-939","1":"product","2":"type-product","3":"status-publish","4":"has-post-thumbnail","6":"product_cat-cutlery-set-wholesale","7":"product_cat-plastic-handle-flatware-set","9":"first","10":"instock","11":"shipping-taxable","12":"product-type-simple"},"acf":[],"_links":{"self":[{"href":"https:\/\/www.huashunware.com\/pt\/wp-json\/wp\/v2\/product\/939","targetHints":{"allow":["GET"]}}],"collection":[{"href":"https:\/\/www.huashunware.com\/pt\/wp-json\/wp\/v2\/product"}],"about":[{"href":"https:\/\/www.huashunware.com\/pt\/wp-json\/wp\/v2\/types\/product"}],"replies":[{"embeddable":true,"href":"https:\/\/www.huashunware.com\/pt\/wp-json\/wp\/v2\/comments?post=939"}],"wp:featuredmedia":[{"embeddable":true,"href":"https:\/\/www.huashunware.com\/pt\/wp-json\/wp\/v2\/media\/940"}],"wp:attachment":[{"href":"https:\/\/www.huashunware.com\/pt\/wp-json\/wp\/v2\/media?parent=939"}],"wp:term":[{"taxonomy":"product_brand","embeddable":true,"href":"https:\/\/www.huashunware.com\/pt\/wp-json\/wp\/v2\/product_brand?post=939"},{"taxonomy":"product_cat","embeddable":true,"href":"https:\/\/www.huashunware.com\/pt\/wp-json\/wp\/v2\/product_cat?post=939"},{"taxonomy":"product_tag","embeddable":true,"href":"https:\/\/www.huashunware.com\/pt\/wp-json\/wp\/v2\/product_tag?post=939"}],"curies":[{"name":"wp","href":"https:\/\/api.w.org\/{rel}","templated":true}]}}