{"id":943,"date":"2025-11-21T08:23:18","date_gmt":"2025-11-21T08:15:34","guid":{"rendered":"https:\/\/www.huashunware.com\/?post_type=product&#038;p=943"},"modified":"2026-02-05T08:21:34","modified_gmt":"2026-02-05T08:21:34","slug":"bulk-flatware-sets-with-plastic-handle","status":"publish","type":"product","link":"https:\/\/www.huashunware.com\/pt\/produto\/bulk-flatware-sets-with-plastic-handle\/","title":{"rendered":"Conjuntos de talheres a granel com cabo de pl\u00e1stico, Conjunto de talheres de a\u00e7o inoxid\u00e1vel por atacado"},"content":{"rendered":"<div class=\"wp-block-columns is-layout-flex wp-container-core-columns-is-layout-9d6595d7 wp-block-columns-is-layout-flex\">\n<div class=\"wp-block-column is-layout-flow wp-block-column-is-layout-flow\">\n<h2 class=\"wp-block-heading\">Conjuntos de talheres a granel com cabo de pl\u00e1stico Carater\u00edsticas:<\/h2>\n\n\n\n<p><strong>Design exclusivo da pega com n\u00facleo de cor transparente<\/strong> - Com um bonito e apelativo n\u00facleo de cor interior transparente, este conjunto de talheres destaca-se instantaneamente e acrescenta um toque decorativo moderno a qualquer mesa de jantar.<\/p>\n\n\n\n<p><strong>Constru\u00e7\u00e3o em a\u00e7o inoxid\u00e1vel forte e fi\u00e1vel<\/strong> - Constru\u00edda com a\u00e7o inoxid\u00e1vel de alta qualidade, cada pe\u00e7a oferece uma excelente durabilidade, resist\u00eancia \u00e0 ferrugem e um brilho duradouro, tornando-a ideal para utiliza\u00e7\u00e3o comercial e dom\u00e9stica.<\/p>\n\n\n\n<p><strong>Pegas de pl\u00e1stico leves para uma utiliza\u00e7\u00e3o confort\u00e1vel<\/strong> - O cabo ergon\u00f3mico de pl\u00e1stico garante uma ader\u00eancia confort\u00e1vel e segura, mantendo os talheres leves e f\u00e1ceis de manusear para utilizadores de todas as idades.<\/p>\n\n\n\n<p><strong>Perfeito para encomendas por grosso em grande escala<\/strong> - Concebido para distribuidores, retalhistas e restaurantes que procuram talheres elegantes e econ\u00f3micos. A capacidade de produ\u00e7\u00e3o est\u00e1vel e o pre\u00e7o favor\u00e1vel tornam-no ideal para compras a granel.<\/p>\n\n\n\n<p><strong>Vers\u00e1til para v\u00e1rios ambientes de refei\u00e7\u00f5es<\/strong> - Quer seja utilizado em restaurantes, cafetarias, salas de jantar de escolas, eventos ao ar livre ou cozinhas dom\u00e9sticas, este conjunto acrescenta estilo e praticidade a v\u00e1rias configura\u00e7\u00f5es de mesa.<\/p>\n<\/div>\n\n\n\n<div class=\"wp-block-column is-vertically-aligned-center is-layout-flow wp-block-column-is-layout-flow\">\n<figure class=\"wp-block-image size-full\"><img decoding=\"async\" width=\"800\" height=\"800\" src=\"https:\/\/www.huashunware.com\/wp-content\/uploads\/2025\/11\/Bulk-Flatware-Sets-with-Plastic-Handle4.webp\" alt=\"Conjuntos de talheres a granel com cabo de pl\u00e1stico4\" class=\"wp-image-947\" srcset=\"https:\/\/www.huashunware.com\/wp-content\/uploads\/2025\/11\/Bulk-Flatware-Sets-with-Plastic-Handle4.webp 800w, https:\/\/www.huashunware.com\/wp-content\/uploads\/2025\/11\/Bulk-Flatware-Sets-with-Plastic-Handle4-300x300.webp 300w, https:\/\/www.huashunware.com\/wp-content\/uploads\/2025\/11\/Bulk-Flatware-Sets-with-Plastic-Handle4-150x150.webp 150w, https:\/\/www.huashunware.com\/wp-content\/uploads\/2025\/11\/Bulk-Flatware-Sets-with-Plastic-Handle4-768x768.webp 768w, https:\/\/www.huashunware.com\/wp-content\/uploads\/2025\/11\/Bulk-Flatware-Sets-with-Plastic-Handle4-12x12.webp 12w, https:\/\/www.huashunware.com\/wp-content\/uploads\/2025\/11\/Bulk-Flatware-Sets-with-Plastic-Handle4-600x600.webp 600w, https:\/\/www.huashunware.com\/wp-content\/uploads\/2025\/11\/Bulk-Flatware-Sets-with-Plastic-Handle4-100x100.webp 100w\" sizes=\"(max-width: 800px) 100vw, 800px\" \/><\/figure>\n<\/div>\n<\/div>\n\n\n\n<p><\/p>","protected":false},"excerpt":{"rendered":"<article class=\"text-token-text-primary w-full focus:outline-none [--shadow-height:45px] has-data-writing-block:pointer-events-none has-data-writing-block:-mt-(--shadow-height) has-data-writing-block:pt-(--shadow-height) [&amp;:has([data-writing-block])&gt;*]:pointer-events-auto [content-visibility:auto] supports-[content-visibility:auto]:[contain-intrinsic-size:auto_100lvh] scroll-mt-[calc(var(--header-height)+min(200px,max(70px,20svh)))]\" dir=\"auto\" tabindex=\"-1\" data-turn-id=\"request-WEB:6a8e0ffa-908e-4f03-b005-c2a158bcb803-9\" data-testid=\"conversation-turn-20\" data-scroll-anchor=\"true\" data-turn=\"assistant\">\n<div class=\"text-base my-auto mx-auto pb-10 [--thread-content-margin:--spacing(4)] thread-sm:[--thread-content-margin:--spacing(6)] thread-lg:[--thread-content-margin:--spacing(16)] px-(--thread-content-margin)\">\n<div class=\"[--thread-content-max-width:40rem] thread-lg:[--thread-content-max-width:48rem] mx-auto max-w-(--thread-content-max-width) flex-1 group\/turn-messages focus-visible:outline-hidden relative flex w-full min-w-0 flex-col agent-turn\" tabindex=\"-1\">\n<div class=\"flex max-w-full flex-col grow\">\n<div class=\"min-h-8 text-message relative flex w-full flex-col items-end gap-2 text-start break-words whitespace-normal [.text-message+&amp;]:mt-1\" dir=\"auto\" data-message-author-role=\"assistant\" data-message-id=\"1d1f6c17-d23b-4d8c-b935-1db7fceb84d9\" data-message-model-slug=\"gpt-5-1\">\n<div class=\"flex w-full flex-col gap-1 empty:hidden first:pt-[1px]\">\n<div class=\"markdown prose dark:prose-invert w-full break-words light markdown-new-styling\">\n<p data-start=\"1392\" data-end=\"1612\" data-is-last-node=\"\" data-is-only-node=\"\">Conjuntos de talheres a granel com cabo de pl\u00e1stico - Uma cole\u00e7\u00e3o elegante de talheres de a\u00e7o inoxid\u00e1vel com um design \u00fanico de cabo com n\u00facleo de cor transparente, que oferece durabilidade e apelo visual para uso comercial e dom\u00e9stico.<\/p>\n<\/div>\n<\/div>\n<\/div>\n<\/div>\n<\/div>\n<\/div>\n<\/article>\n<h2>Conjuntos de talheres por atacado Atributo:<\/h2>\n<table>\n<thead>\n<tr>\n<th>Artigo<\/th>\n<th>Peso<\/th>\n<th>Tamanho (C \u00d7 L)<\/th>\n<th>Espessura<\/th>\n<\/tr>\n<\/thead>\n<tbody>\n<tr>\n<td>Faca<\/td>\n<td>35 g<\/td>\n<td>22 cm \u00d7 1,7 cm<\/td>\n<td>1,5 mm<\/td>\n<\/tr>\n<tr>\n<td>Garfo<\/td>\n<td>32 g<\/td>\n<td>20,5 cm \u00d7 2,4 cm<\/td>\n<td>1,5 mm<\/td>\n<\/tr>\n<tr>\n<td>Colher<\/td>\n<td>41 g<\/td>\n<td>20 cm \u00d7 3,8 cm<\/td>\n<td>1,5 mm<\/td>\n<\/tr>\n<tr>\n<td>Colher de ch\u00e1<\/td>\n<td>28 g<\/td>\n<td>16 cm \u00d7 3,2 cm<\/td>\n<td>1,5 mm<\/td>\n<\/tr>\n<\/tbody>\n<\/table>\n<h2>Conjuntos de talheres personalizados\uff1a<\/h2>\n<p><strong data-start=\"44\" data-end=\"73\">1\u3001Disponibilidade de amostras gr\u00e1tis:<\/strong><\/p>\n<p data-start=\"44\" data-end=\"153\">Oferecemos amostras gr\u00e1tis para avalia\u00e7\u00e3o da qualidade antes de efetuar encomendas a granel.<\/p>\n<p data-start=\"155\" data-end=\"295\"><strong data-start=\"155\" data-end=\"190\">2\u3001Op\u00e7\u00f5es de embalagem personaliz\u00e1veis:<\/strong><br data-start=\"190\" data-end=\"193\" \/>Apoiamos log\u00f3tipos personalizados na embalagem, e est\u00e3o dispon\u00edveis v\u00e1rios estilos de embalagem, incluindo:<\/p>\n<ol data-start=\"296\" data-end=\"332\">\n<li data-start=\"296\" data-end=\"307\">\n<p data-start=\"298\" data-end=\"307\">Caixa PET<\/p>\n<\/li>\n<li data-start=\"308\" data-end=\"319\">\n<p data-start=\"310\" data-end=\"319\">Caixa em PVC<\/p>\n<\/li>\n<li data-start=\"320\" data-end=\"332\">\n<p data-start=\"322\" data-end=\"332\">Caixa de oferta<\/p>\n<\/li>\n<\/ol>\n<p data-start=\"334\" data-end=\"442\" data-is-last-node=\"\" data-is-only-node=\"\"><strong data-start=\"334\" data-end=\"365\">3 \u3001 Personaliza\u00e7\u00e3o da cor da al\u00e7a:<\/strong><br data-start=\"365\" data-end=\"368\" \/>Aceitamos altera\u00e7\u00f5es de cor, com 6-8 op\u00e7\u00f5es de cor dispon\u00edveis em stock.<\/p>\n<div class=\"text-base my-auto mx-auto pb-10 [--thread-content-margin:--spacing(4)] thread-sm:[--thread-content-margin:--spacing(6)] thread-lg:[--thread-content-margin:--spacing(16)] px-(--thread-content-margin)\">\n<div class=\"[--thread-content-max-width:40rem] thread-lg:[--thread-content-max-width:48rem] mx-auto max-w-(--thread-content-max-width) flex-1 group\/turn-messages focus-visible:outline-hidden relative flex w-full min-w-0 flex-col agent-turn\" tabindex=\"-1\">\n<div class=\"flex max-w-full flex-col grow\">\n<div class=\"min-h-8 text-message relative flex w-full flex-col items-end gap-2 text-start break-words whitespace-normal [.text-message+&amp;]:mt-1\" dir=\"auto\" data-message-author-role=\"assistant\" data-message-id=\"aa2ae332-605b-4306-94e4-23a9dd06bf09\" data-message-model-slug=\"gpt-5-mini\">\n<div class=\"flex w-full flex-col gap-1 empty:hidden first:pt-[1px]\">\n<div class=\"markdown prose dark:prose-invert w-full break-words light markdown-new-styling\">\u00a0<\/div>\n<\/div>\n<\/div>\n<\/div>\n<\/div>\n<\/div>","protected":false},"featured_media":946,"comment_status":"closed","ping_status":"closed","template":"","meta":{"_acf_changed":false},"product_brand":[],"product_cat":[18,26],"product_tag":[],"class_list":{"0":"post-943","1":"product","2":"type-product","3":"status-publish","4":"has-post-thumbnail","6":"product_cat-cutlery-set-wholesale","7":"product_cat-plastic-handle-flatware-set","9":"first","10":"instock","11":"shipping-taxable","12":"product-type-simple"},"acf":[],"_links":{"self":[{"href":"https:\/\/www.huashunware.com\/pt\/wp-json\/wp\/v2\/product\/943","targetHints":{"allow":["GET"]}}],"collection":[{"href":"https:\/\/www.huashunware.com\/pt\/wp-json\/wp\/v2\/product"}],"about":[{"href":"https:\/\/www.huashunware.com\/pt\/wp-json\/wp\/v2\/types\/product"}],"replies":[{"embeddable":true,"href":"https:\/\/www.huashunware.com\/pt\/wp-json\/wp\/v2\/comments?post=943"}],"wp:featuredmedia":[{"embeddable":true,"href":"https:\/\/www.huashunware.com\/pt\/wp-json\/wp\/v2\/media\/946"}],"wp:attachment":[{"href":"https:\/\/www.huashunware.com\/pt\/wp-json\/wp\/v2\/media?parent=943"}],"wp:term":[{"taxonomy":"product_brand","embeddable":true,"href":"https:\/\/www.huashunware.com\/pt\/wp-json\/wp\/v2\/product_brand?post=943"},{"taxonomy":"product_cat","embeddable":true,"href":"https:\/\/www.huashunware.com\/pt\/wp-json\/wp\/v2\/product_cat?post=943"},{"taxonomy":"product_tag","embeddable":true,"href":"https:\/\/www.huashunware.com\/pt\/wp-json\/wp\/v2\/product_tag?post=943"}],"curies":[{"name":"wp","href":"https:\/\/api.w.org\/{rel}","templated":true}]}}